{"id":25995,"date":"2021-12-15T16:06:35","date_gmt":"2021-12-15T15:06:35","guid":{"rendered":"http:\/\/www.hotelvillacappugi.com\/hotel-con-piscina-pistoia\/"},"modified":"2021-12-27T11:59:24","modified_gmt":"2021-12-27T10:59:24","slug":"hotel-z-basenem-pistoia","status":"publish","type":"page","link":"https:\/\/www.hotelvillacappugi.com\/pl\/hotel-z-basenem-pistoia\/","title":{"rendered":"Hotel z basenem Pistoia"},"content":{"rendered":"<p>[vc_row full_width=&#8221;stretch_row&#8221; parallax=&#8221;content-moving&#8221; parallax_image=&#8221;19335&#8243; parallax_speed_bg=&#8221;2.5&#8243; bg_media_opacity=&#8221;0.4&#8243; css=&#8221;.vc_custom_1639668514895{padding-top: 250px !important;padding-bottom: 250px !important;background-color: #544343 !important;}&#8221; el_class=&#8221;patternbg&#8221;][vc_column offset=&#8221;vc_col-lg-offset-2 vc_col-lg-8&#8243;][vc_column_text]<\/p>\n<h3 style=\"text-align: center;\"><span style=\"color: #ffffff;\">Us\u0142ugi Hotelu Villa Cappugi<\/span><\/h3>\n<p>[\/vc_column_text][\/vc_column][\/vc_row][vc_row][vc_column width=&#8221;1\/4&#8243;][\/vc_column][vc_column width=&#8221;1\/2&#8243;][vc_column_text]<\/p>\n<h5 style=\"text-align: center;\"><span style=\"color: #09355c;\">HOTEL Z BASENEM<br \/>\n<\/span><\/h5>\n<p>[\/vc_column_text][vc_separator color=&#8221;custom&#8221; border_width=&#8221;2&#8243; el_width=&#8221;10&#8243; accent_color=&#8221;#09355c&#8221;][vc_column_text css=&#8221;.vc_custom_1640254508735{padding-top: 20px !important;}&#8221;]<\/p>\n<p style=\"text-align: center;\">Du\u017cy basen w ogrodzie Villi Cappugi jest do dyspozycji go\u015bci, kt\u00f3rzy nie chc\u0105 rezygnowa\u0107 z chwili wypoczynku i relaksu.<br \/>\nDost\u0119pne s\u0105 le\u017caki i parasole, a tak\u017ce dobrze zaopatrzony bar, w kt\u00f3rym mo\u017cna zje\u015b\u0107 szybk\u0105 przek\u0105sk\u0119 lub przyjemny aperitif.[\/vc_column_text][\/vc_column][vc_column width=&#8221;1\/4&#8243;][\/vc_column][\/vc_row][vc_row full_width=&#8221;stretch_row_content&#8221;][vc_column][vc_media_grid element_width=&#8221;3&#8243; gap=&#8221;10&#8243; grid_id=&#8221;vc_gid:1640255139357-a9372f00a6541a5fed85797772a8383a-0&#8243; include=&#8221;2995,19328,2994,19329&#8243;][\/vc_column][\/vc_row][vc_row css=&#8221;.vc_custom_1639566544018{margin-top: 0px !important;padding-top: 0px !important;}&#8221;][vc_column width=&#8221;1\/4&#8243;][\/vc_column][vc_column width=&#8221;1\/2&#8243;][vc_column_text]<\/p>\n<h5 style=\"text-align: center;\">\u015aNIADANIE<\/h5>\n<p>[\/vc_column_text][vc_separator color=&#8221;custom&#8221; border_width=&#8221;2&#8243; el_width=&#8221;10&#8243; accent_color=&#8221;#09355c&#8221; css=&#8221;.vc_custom_1639582814117{margin-bottom: 0px !important;padding-bottom: 0px !important;}&#8221;][vc_column_text css=&#8221;.vc_custom_1640254523678{padding-top: 20px !important;}&#8221;]<\/p>\n<p style=\"text-align: center;\">Na dobry pocz\u0105tek dnia wizyt\u00f3wk\u0105 us\u0142ugi cateringowej Villa Cappugi jest \u015bniadanie: do dyspozycji go\u015bci bufet \u015bwie\u017cych produkt\u00f3w z rogalikami, herbatnikami i ciastami rzemie\u015blniczymi, d\u017cemami, miodem, w towarzystwie pikantnych da\u0144, w tym wysokiej jako\u015bci mi\u0119s i sery; i znowu wyb\u00f3r jogurt\u00f3w, \u015bwie\u017cych owoc\u00f3w w puszkach itp. Nie brakuje w\u0142oskich i ameryka\u0144skich kawiarni (espresso, cappuccino, kawa po ameryka\u0144sku itp.).<\/p>\n<p>[\/vc_column_text][\/vc_column][vc_column width=&#8221;1\/4&#8243;][\/vc_column][\/vc_row][vc_row full_width=&#8221;stretch_row_content&#8221;][vc_column][vc_media_grid element_width=&#8221;3&#8243; gap=&#8221;10&#8243; grid_id=&#8221;vc_gid:1640255140167-fb40c966bbe9fe68fe52ccf5047459a7-0&#8243; include=&#8221;19330,19331,19333,19332&#8243;][\/vc_column][\/vc_row][vc_row][vc_column][vc_column_text]<\/p>\n<h5 style=\"text-align: center;\"><span style=\"color: #09355c;\">US\u0141UGI<\/span><\/h5>\n<p>[\/vc_column_text][vc_separator color=&#8221;custom&#8221; border_width=&#8221;2&#8243; el_width=&#8221;10&#8243; accent_color=&#8221;#09355c&#8221; css=&#8221;.vc_custom_1639580708670{padding-bottom: 40px !important;}&#8221;]<!--================ Icon Boxes ================-->\n<script>\n    (function($){\n        'use strict';\n\n        if(!$) return;\n\n        $(function(){\n            var $container = $('#vc-milenia-info-boxes-40a08aa34fd77b529225814fd2d08f4a-1778162070888322003');\n\n            if(!$container.length) return;\n\n            if(window.appear) {\n                appear({\n                    elements: function(){\n                        return document.querySelectorAll('#vc-milenia-info-boxes-40a08aa34fd77b529225814fd2d08f4a-1778162070888322003');\n                    },\n                    appear: function(element) {\n                        var $el = $(element);\n                        $el.addClass('milenia-visible').addClass($el.data('animation'));\n                    },\n                    reappear: false,\n                    bounds: -200\n                });\n            }\n\n            if(window.Milenia && window.Milenia.LinkUnderliner) {\n                window.Milenia.LinkUnderliner.init($container.find('a'));\n            }\n        });\n    })(window.jQuery);\n<\/script>\n\n<div id=\"vc-milenia-info-boxes-40a08aa34fd77b529225814fd2d08f4a-1778162070888322003\" class=\"milenia-icon-boxes milenia-icon-boxes--style-1 milenia-visible\" data-animation=\"none\">\n    <div class=\"milenia-grid milenia-grid--cols-3\">\n        <!--================ Icon Box ================-->\n<div class=\"milenia-grid-item\">\n    <article class=\"milenia-icon-box milenia-aligner\">\n        <div class=\"milenia-aligner-outer\">\n            <div class=\"milenia-aligner-inner\">\n                <span class=\"milenia-icon-box-icon milenia-font-icon-bell\"><\/span>\n\n                <div class=\"milenia-icon-box-content\">\n                    <h2 class=\"milenia-icon-box-title\">Recepcja czynna 24h<\/h2>\n                    \n                <\/div>\n            <\/div>\n        <\/div>\n\n        \n    <\/article>\n<\/div>\n<!--================ Icon Box ================-->\n\r\n<!--================ Icon Box ================-->\n<div class=\"milenia-grid-item\">\n    <article class=\"milenia-icon-box milenia-aligner\">\n        <div class=\"milenia-aligner-outer\">\n            <div class=\"milenia-aligner-inner\">\n                <span class=\"milenia-icon-box-icon milenia-font-icon-parking\"><\/span>\n\n                <div class=\"milenia-icon-box-content\">\n                    <h2 class=\"milenia-icon-box-title\">Parking<\/h2>\n                    \n                <\/div>\n            <\/div>\n        <\/div>\n\n        \n    <\/article>\n<\/div>\n<!--================ Icon Box ================-->\n\r\n<!--================ Icon Box ================-->\n<div class=\"milenia-grid-item\">\n    <article class=\"milenia-icon-box milenia-aligner\">\n        <div class=\"milenia-aligner-outer\">\n            <div class=\"milenia-aligner-inner\">\n                <span class=\"milenia-icon-box-icon milenia-font-icon-coffee-to-go\"><\/span>\n\n                <div class=\"milenia-icon-box-content\">\n                    <h2 class=\"milenia-icon-box-title\">Bar przek\u0105skowy<\/h2>\n                    <p>p\u0142yta 7 rano do 23:30<\/p>\n\n                <\/div>\n            <\/div>\n        <\/div>\n\n        \n    <\/article>\n<\/div>\n<!--================ Icon Box ================-->\n\r\n<!--================ Icon Box ================-->\n<div class=\"milenia-grid-item\">\n    <article class=\"milenia-icon-box milenia-aligner\">\n        <div class=\"milenia-aligner-outer\">\n            <div class=\"milenia-aligner-inner\">\n                <span class=\"milenia-icon-box-icon milenia-font-icon-tennis\"><\/span>\n\n                <div class=\"milenia-icon-box-content\">\n                    <h2 class=\"milenia-icon-box-title\">Tenis i boiska do pi\u0142ki no\u017cnej 5-a-side<\/h2>\n                    \n                <\/div>\n            <\/div>\n        <\/div>\n\n        \n    <\/article>\n<\/div>\n<!--================ Icon Box ================-->\n\r\n<!--================ Icon Box ================-->\n<div class=\"milenia-grid-item\">\n    <article class=\"milenia-icon-box milenia-aligner\">\n        <div class=\"milenia-aligner-outer\">\n            <div class=\"milenia-aligner-inner\">\n                <span class=\"milenia-icon-box-icon milenia-font-icon-washer\"><\/span>\n\n                <div class=\"milenia-icon-box-content\">\n                    <h2 class=\"milenia-icon-box-title\">Pralnia<\/h2>\n                    \n                <\/div>\n            <\/div>\n        <\/div>\n\n        \n    <\/article>\n<\/div>\n<!--================ Icon Box ================-->\n\r\n<!--================ Icon Box ================-->\n<div class=\"milenia-grid-item\">\n    <article class=\"milenia-icon-box milenia-aligner\">\n        <div class=\"milenia-aligner-outer\">\n            <div class=\"milenia-aligner-inner\">\n                <span class=\"milenia-icon-box-icon milenia-font-icon-water-lily\"><\/span>\n\n                <div class=\"milenia-icon-box-content\">\n                    <h2 class=\"milenia-icon-box-title\">Umowa z centrum odnowy biologicznej Terme di Grotta Giusti<\/h2>\n                    \n                <\/div>\n            <\/div>\n        <\/div>\n\n        \n    <\/article>\n<\/div>\n<!--================ Icon Box ================-->\n\n    <\/div>\n<\/div>\n<!--================ Icon Boxes ================-->\n[vc_column_text css=&#8221;.vc_custom_1640254583279{padding-top: 30px !important;}&#8221;]<\/p>\n<p style=\"text-align: center;\">W hotelu w Pistoia Villa Cappugi zwierz\u0119ta s\u0105 akceptowane, na \u017cyczenie, wewn\u0105trz obiektu.<\/p>\n<p>[\/vc_column_text][\/vc_column][\/vc_row][vc_row full_width=&#8221;stretch_row&#8221; parallax=&#8221;content-moving&#8221; parallax_image=&#8221;19339&#8243; parallax_speed_bg=&#8221;2.5&#8243; bg_media_opacity=&#8221;0.4&#8243; css=&#8221;.vc_custom_1639649386593{margin-top: 20px !important;padding-top: 150px !important;background-color: #544a4a !important;}&#8221;][vc_column width=&#8221;2\/3&#8243; offset=&#8221;vc_col-lg-offset-2 vc_col-lg-8&#8243;][vc_column_text]<\/p>\n<h4 style=\"text-align: center;\"><span style=\"color: #ffffff;\">Zarezerwuj pobyt w Villa Cappugi ju\u017c teraz<\/span><\/h4>\n<p>[\/vc_column_text][vc_btn title=&#8221;SKONTAKTUJ SI\u0118 Z NAMI&#8221; style=&#8221;classic&#8221; shape=&#8221;round&#8221; color=&#8221;default&#8221; size=&#8221;lg&#8221; align=&#8221;center&#8221; css=&#8221;.vc_custom_1640255476156{padding-top: 30px !important;}&#8221; link=&#8221;url:%2Fpl%2Fczterogwiazdkowy-hotel-pistoia%2F|title:Contatti&#8221;][\/vc_column][\/vc_row]<\/p>\n","protected":false},"excerpt":{"rendered":"<p>[vc_row full_width=&#8221;stretch_row&#8221; parallax=&#8221;content-moving&#8221; parallax_image=&#8221;19335&#8243; parallax_speed_bg=&#8221;2.5&#8243; bg_media_opacity=&#8221;0.4&#8243; css=&#8221;.vc_custom_1639668514895{padding-top: 250px !important;padding-bottom: 250px !important;background-color: #544343 !important;}&#8221; el_class=&#8221;patternbg&#8221;][vc_column offset=&#8221;vc_col-lg-offset-2 vc_col-lg-8&#8243;][vc_column_text] Us\u0142ugi Hotelu&#8230;<\/p>\n","protected":false},"author":1,"featured_media":0,"parent":0,"menu_order":58,"comment_status":"closed","ping_status":"closed","template":"","meta":{"footnotes":""},"class_list":["post-25995","page","type-page","status-publish","hentry"],"yoast_head":"<!-- This site is optimized with the Yoast SEO plugin v26.1 - https:\/\/yoast.com\/wordpress\/plugins\/seo\/ -->\n<title>Hotel z basenem Pistoia: Hotel Villa Cappugi<\/title>\n<meta name=\"description\" content=\"hotelvillacappugi.com - Hotel z basenem Pistoia, w miesi\u0105cach letnich Villa Cappugi organizuje kursy aerobiku w wodzie dla go\u015bci przebywaj\u0105cych w hotelu\" \/>\n<meta name=\"robots\" content=\"index, follow, max-snippet:-1, max-image-preview:large, max-video-preview:-1\" \/>\n<link rel=\"canonical\" href=\"https:\/\/www.hotelvillacappugi.com\/pl\/hotel-z-basenem-pistoia\/\" \/>\n<meta property=\"og:locale\" content=\"pl_PL\" \/>\n<meta property=\"og:type\" content=\"article\" \/>\n<meta property=\"og:title\" content=\"Hotel z basenem Pistoia: Hotel Villa Cappugi\" \/>\n<meta property=\"og:description\" content=\"hotelvillacappugi.com - Hotel z basenem Pistoia, w miesi\u0105cach letnich Villa Cappugi organizuje kursy aerobiku w wodzie dla go\u015bci przebywaj\u0105cych w hotelu\" \/>\n<meta property=\"og:url\" content=\"https:\/\/www.hotelvillacappugi.com\/pl\/hotel-z-basenem-pistoia\/\" \/>\n<meta property=\"og:site_name\" content=\"Hotel Villa Cappugi\" \/>\n<meta property=\"article:publisher\" content=\"https:\/\/www.facebook.com\/hotelvillacappugi\/\" \/>\n<meta property=\"article:modified_time\" content=\"2021-12-27T10:59:24+00:00\" \/>\n<meta name=\"twitter:card\" content=\"summary_large_image\" \/>\n<meta name=\"twitter:label1\" content=\"Szacowany czas czytania\" \/>\n\t<meta name=\"twitter:data1\" content=\"4 minuty\" \/>\n<script type=\"application\/ld+json\" class=\"yoast-schema-graph\">{\"@context\":\"https:\/\/schema.org\",\"@graph\":[{\"@type\":\"WebPage\",\"@id\":\"https:\/\/www.hotelvillacappugi.com\/pl\/hotel-z-basenem-pistoia\/\",\"url\":\"https:\/\/www.hotelvillacappugi.com\/pl\/hotel-z-basenem-pistoia\/\",\"name\":\"Hotel z basenem Pistoia: Hotel Villa Cappugi\",\"isPartOf\":{\"@id\":\"https:\/\/www.hotelvillacappugi.com\/pl\/#website\"},\"datePublished\":\"2021-12-15T15:06:35+00:00\",\"dateModified\":\"2021-12-27T10:59:24+00:00\",\"description\":\"hotelvillacappugi.com - Hotel z basenem Pistoia, w miesi\u0105cach letnich Villa Cappugi organizuje kursy aerobiku w wodzie dla go\u015bci przebywaj\u0105cych w hotelu\",\"breadcrumb\":{\"@id\":\"https:\/\/www.hotelvillacappugi.com\/pl\/hotel-z-basenem-pistoia\/#breadcrumb\"},\"inLanguage\":\"pl-PL\",\"potentialAction\":[{\"@type\":\"ReadAction\",\"target\":[\"https:\/\/www.hotelvillacappugi.com\/pl\/hotel-z-basenem-pistoia\/\"]}]},{\"@type\":\"BreadcrumbList\",\"@id\":\"https:\/\/www.hotelvillacappugi.com\/pl\/hotel-z-basenem-pistoia\/#breadcrumb\",\"itemListElement\":[{\"@type\":\"ListItem\",\"position\":1,\"name\":\"Home\",\"item\":\"https:\/\/www.hotelvillacappugi.com\/pl\/\"},{\"@type\":\"ListItem\",\"position\":2,\"name\":\"Hotel z basenem Pistoia\"}]},{\"@type\":\"WebSite\",\"@id\":\"https:\/\/www.hotelvillacappugi.com\/pl\/#website\",\"url\":\"https:\/\/www.hotelvillacappugi.com\/pl\/\",\"name\":\"Hotel Villa Cappugi\",\"description\":\"Hotel 4 Stelle a Pistoia\",\"publisher\":{\"@id\":\"https:\/\/www.hotelvillacappugi.com\/pl\/#organization\"},\"potentialAction\":[{\"@type\":\"SearchAction\",\"target\":{\"@type\":\"EntryPoint\",\"urlTemplate\":\"https:\/\/www.hotelvillacappugi.com\/pl\/?s={search_term_string}\"},\"query-input\":{\"@type\":\"PropertyValueSpecification\",\"valueRequired\":true,\"valueName\":\"search_term_string\"}}],\"inLanguage\":\"pl-PL\"},{\"@type\":\"Organization\",\"@id\":\"https:\/\/www.hotelvillacappugi.com\/pl\/#organization\",\"name\":\"Hotel Villa Cappugi\",\"url\":\"https:\/\/www.hotelvillacappugi.com\/pl\/\",\"logo\":{\"@type\":\"ImageObject\",\"inLanguage\":\"pl-PL\",\"@id\":\"https:\/\/www.hotelvillacappugi.com\/pl\/#\/schema\/logo\/image\/\",\"url\":\"http:\/\/www.hotelvillacappugi.com\/wp-content\/uploads\/2018\/10\/Logo-Villa-Cappugi.png\",\"contentUrl\":\"http:\/\/www.hotelvillacappugi.com\/wp-content\/uploads\/2018\/10\/Logo-Villa-Cappugi.png\",\"width\":200,\"height\":122,\"caption\":\"Hotel Villa Cappugi\"},\"image\":{\"@id\":\"https:\/\/www.hotelvillacappugi.com\/pl\/#\/schema\/logo\/image\/\"},\"sameAs\":[\"https:\/\/www.facebook.com\/hotelvillacappugi\/\",\"https:\/\/www.instagram.com\/villacappugipistoia\/\"]}]}<\/script>\n<!-- \/ Yoast SEO plugin. -->","yoast_head_json":{"title":"Hotel z basenem Pistoia: Hotel Villa Cappugi","description":"hotelvillacappugi.com - Hotel z basenem Pistoia, w miesi\u0105cach letnich Villa Cappugi organizuje kursy aerobiku w wodzie dla go\u015bci przebywaj\u0105cych w hotelu","robots":{"index":"index","follow":"follow","max-snippet":"max-snippet:-1","max-image-preview":"max-image-preview:large","max-video-preview":"max-video-preview:-1"},"canonical":"https:\/\/www.hotelvillacappugi.com\/pl\/hotel-z-basenem-pistoia\/","og_locale":"pl_PL","og_type":"article","og_title":"Hotel z basenem Pistoia: Hotel Villa Cappugi","og_description":"hotelvillacappugi.com - Hotel z basenem Pistoia, w miesi\u0105cach letnich Villa Cappugi organizuje kursy aerobiku w wodzie dla go\u015bci przebywaj\u0105cych w hotelu","og_url":"https:\/\/www.hotelvillacappugi.com\/pl\/hotel-z-basenem-pistoia\/","og_site_name":"Hotel Villa Cappugi","article_publisher":"https:\/\/www.facebook.com\/hotelvillacappugi\/","article_modified_time":"2021-12-27T10:59:24+00:00","twitter_card":"summary_large_image","twitter_misc":{"Szacowany czas czytania":"4 minuty"},"schema":{"@context":"https:\/\/schema.org","@graph":[{"@type":"WebPage","@id":"https:\/\/www.hotelvillacappugi.com\/pl\/hotel-z-basenem-pistoia\/","url":"https:\/\/www.hotelvillacappugi.com\/pl\/hotel-z-basenem-pistoia\/","name":"Hotel z basenem Pistoia: Hotel Villa Cappugi","isPartOf":{"@id":"https:\/\/www.hotelvillacappugi.com\/pl\/#website"},"datePublished":"2021-12-15T15:06:35+00:00","dateModified":"2021-12-27T10:59:24+00:00","description":"hotelvillacappugi.com - Hotel z basenem Pistoia, w miesi\u0105cach letnich Villa Cappugi organizuje kursy aerobiku w wodzie dla go\u015bci przebywaj\u0105cych w hotelu","breadcrumb":{"@id":"https:\/\/www.hotelvillacappugi.com\/pl\/hotel-z-basenem-pistoia\/#breadcrumb"},"inLanguage":"pl-PL","potentialAction":[{"@type":"ReadAction","target":["https:\/\/www.hotelvillacappugi.com\/pl\/hotel-z-basenem-pistoia\/"]}]},{"@type":"BreadcrumbList","@id":"https:\/\/www.hotelvillacappugi.com\/pl\/hotel-z-basenem-pistoia\/#breadcrumb","itemListElement":[{"@type":"ListItem","position":1,"name":"Home","item":"https:\/\/www.hotelvillacappugi.com\/pl\/"},{"@type":"ListItem","position":2,"name":"Hotel z basenem Pistoia"}]},{"@type":"WebSite","@id":"https:\/\/www.hotelvillacappugi.com\/pl\/#website","url":"https:\/\/www.hotelvillacappugi.com\/pl\/","name":"Hotel Villa Cappugi","description":"Hotel 4 Stelle a Pistoia","publisher":{"@id":"https:\/\/www.hotelvillacappugi.com\/pl\/#organization"},"potentialAction":[{"@type":"SearchAction","target":{"@type":"EntryPoint","urlTemplate":"https:\/\/www.hotelvillacappugi.com\/pl\/?s={search_term_string}"},"query-input":{"@type":"PropertyValueSpecification","valueRequired":true,"valueName":"search_term_string"}}],"inLanguage":"pl-PL"},{"@type":"Organization","@id":"https:\/\/www.hotelvillacappugi.com\/pl\/#organization","name":"Hotel Villa Cappugi","url":"https:\/\/www.hotelvillacappugi.com\/pl\/","logo":{"@type":"ImageObject","inLanguage":"pl-PL","@id":"https:\/\/www.hotelvillacappugi.com\/pl\/#\/schema\/logo\/image\/","url":"http:\/\/www.hotelvillacappugi.com\/wp-content\/uploads\/2018\/10\/Logo-Villa-Cappugi.png","contentUrl":"http:\/\/www.hotelvillacappugi.com\/wp-content\/uploads\/2018\/10\/Logo-Villa-Cappugi.png","width":200,"height":122,"caption":"Hotel Villa Cappugi"},"image":{"@id":"https:\/\/www.hotelvillacappugi.com\/pl\/#\/schema\/logo\/image\/"},"sameAs":["https:\/\/www.facebook.com\/hotelvillacappugi\/","https:\/\/www.instagram.com\/villacappugipistoia\/"]}]}},"_links":{"self":[{"href":"https:\/\/www.hotelvillacappugi.com\/pl\/wp-json\/wp\/v2\/pages\/25995","targetHints":{"allow":["GET"]}}],"collection":[{"href":"https:\/\/www.hotelvillacappugi.com\/pl\/wp-json\/wp\/v2\/pages"}],"about":[{"href":"https:\/\/www.hotelvillacappugi.com\/pl\/wp-json\/wp\/v2\/types\/page"}],"author":[{"embeddable":true,"href":"https:\/\/www.hotelvillacappugi.com\/pl\/wp-json\/wp\/v2\/users\/1"}],"replies":[{"embeddable":true,"href":"https:\/\/www.hotelvillacappugi.com\/pl\/wp-json\/wp\/v2\/comments?post=25995"}],"version-history":[{"count":0,"href":"https:\/\/www.hotelvillacappugi.com\/pl\/wp-json\/wp\/v2\/pages\/25995\/revisions"}],"wp:attachment":[{"href":"https:\/\/www.hotelvillacappugi.com\/pl\/wp-json\/wp\/v2\/media?parent=25995"}],"curies":[{"name":"wp","href":"https:\/\/api.w.org\/{rel}","templated":true}]}}