{"id":26535,"date":"2021-12-15T16:42:52","date_gmt":"2021-12-15T15:42:52","guid":{"rendered":"http:\/\/www.hotelvillacappugi.com\/pistoia\/"},"modified":"2021-12-27T12:10:15","modified_gmt":"2021-12-27T11:10:15","slug":"pistoia","status":"publish","type":"page","link":"https:\/\/www.hotelvillacappugi.com\/es\/pistoia\/","title":{"rendered":"Alrededores"},"content":{"rendered":"<p>[vc_row full_width=&#8221;stretch_row&#8221; parallax=&#8221;content-moving&#8221; parallax_image=&#8221;19359&#8243; parallax_speed_bg=&#8221;2.5&#8243; bg_media_opacity=&#8221;0.4&#8243; css=&#8221;.vc_custom_1639667913511{padding-top: 250px !important;padding-bottom: 250px !important;background-color: #544343 !important;}&#8221; el_class=&#8221;patternbg&#8221;][vc_column offset=&#8221;vc_col-lg-offset-2 vc_col-lg-8&#8243;][vc_column_text]<\/p>\n<h1 style=\"text-align: center;\"><span style=\"color: #ffffff;\">Los alrededores de Villa Cappugi<\/span><\/h1>\n<p style=\"text-align: center;\"><span style=\"color: #ffffff;\">Que ver y que hacer en Pistoia y sus alrededores<\/span><\/p>\n<p>[\/vc_column_text][\/vc_column][\/vc_row][vc_row css=&#8221;.vc_custom_1639566544018{margin-top: 0px !important;padding-top: 0px !important;}&#8221;][vc_column width=&#8221;1\/6&#8243;][\/vc_column][vc_column width=&#8221;2\/3&#8243;][vc_column_text css=&#8221;.vc_custom_1640600222795{padding-top: 50px !important;}&#8221;]<\/p>\n<p style=\"text-align: center;\">El Hotel Villa Cappugi se encuentra a s\u00f3lo dos kil\u00f3metros del centro hist\u00f3rico de la ciudad de Pistoia, en una posici\u00f3n en la primera colina, rodeado de olivos y cipreses, elementos caracter\u00edsticos de la naturaleza toscana.<\/p>\n<p style=\"text-align: center;\">El centro hist\u00f3rico de Pistoia se caracteriza por la espl\u00e9ndida Piazza del Duomo y la encantadora plaza del hall, ambas llenas de coloridos y caracter\u00edsticos restaurantes como bares y trattorias.<\/p>\n<p style=\"text-align: center;\">En la temporada de verano, tambi\u00e9n puedes darte un capricho de momentos muy agradables de senderismo o bicicleta de monta\u00f1a en la monta\u00f1a, en pleno contacto con la naturaleza y la historia local como el ecomuseo de monta\u00f1a.<\/p>\n<p style=\"text-align: center;\">En la temporada de invierno, sin embargo, en unos pocos kil\u00f3metros en coche, puede aprovechar la conocida estaci\u00f3n de esqu\u00ed de Abetone para entretener interesantes fines de semana con amigos y familiares.<\/p>\n<p>[\/vc_column_text][\/vc_column][vc_column width=&#8221;1\/6&#8243;][\/vc_column][\/vc_row][vc_row full_width=&#8221;stretch_row_content&#8221; css=&#8221;.vc_custom_1639584132785{margin-bottom: 0px !important;padding-bottom: 20px !important;}&#8221;][vc_column][vc_media_grid element_width=&#8221;3&#8243; gap=&#8221;10&#8243; grid_id=&#8221;vc_gid:1640599912480-4ae0dc7c-f3ad-7&#8243; include=&#8221;3005,19349,19350,19351&#8243;][\/vc_column][\/vc_row][vc_row full_width=&#8221;stretch_row&#8221; parallax=&#8221;content-moving&#8221; parallax_image=&#8221;3046&#8243; parallax_speed_bg=&#8221;2.5&#8243; bg_media_opacity=&#8221;0.4&#8243; css=&#8221;.vc_custom_1639583874084{padding-top: 150px !important;background-color: #544a4a !important;}&#8221;][vc_column width=&#8221;2\/3&#8243; offset=&#8221;vc_col-lg-offset-2 vc_col-lg-8&#8243;][vc_column_text]<\/p>\n<h4 style=\"text-align: center;\"><span style=\"color: #ffffff;\">Una antigua villa de campo con una bienvenida contempor\u00e1nea<\/span><\/h4>\n<h4 style=\"text-align: center;\"><span style=\"color: #ffffff;\">Reserve su estancia ahora<\/span><\/h4>\n<p>[\/vc_column_text][vc_btn title=&#8221;CONT\u00c1CTENOS&#8221; style=&#8221;classic&#8221; shape=&#8221;round&#8221; color=&#8221;default&#8221; size=&#8221;lg&#8221; align=&#8221;center&#8221; css=&#8221;.vc_custom_1640600248233{padding-top: 30px !important;}&#8221; link=&#8221;url:%2Fes%2Fcuatro-estrellas-hotel-pistoia%2F|title:Contatti&#8221;][\/vc_column][\/vc_row]<\/p>\n","protected":false},"excerpt":{"rendered":"<p>[vc_row full_width=&#8221;stretch_row&#8221; parallax=&#8221;content-moving&#8221; parallax_image=&#8221;19359&#8243; parallax_speed_bg=&#8221;2.5&#8243; bg_media_opacity=&#8221;0.4&#8243; css=&#8221;.vc_custom_1639667913511{padding-top: 250px !important;padding-bottom: 250px !important;background-color: #544343 !important;}&#8221; el_class=&#8221;patternbg&#8221;][vc_column offset=&#8221;vc_col-lg-offset-2 vc_col-lg-8&#8243;][vc_column_text] Los alrededores&#8230;<\/p>\n","protected":false},"author":1,"featured_media":0,"parent":0,"menu_order":56,"comment_status":"closed","ping_status":"closed","template":"","meta":{"footnotes":""},"class_list":["post-26535","page","type-page","status-publish","hentry"],"yoast_head":"<!-- This site is optimized with the Yoast SEO plugin v26.1 - https:\/\/yoast.com\/wordpress\/plugins\/seo\/ -->\n<title>Descubriendo Pistoia | Hotel 4 estrellas Villa Cappugi<\/title>\n<meta name=\"description\" content=\"Para sus vacaciones en Pistoia, descubra el Hotel Villa Cappugi ubicado cerca del centro hist\u00f3rico de Pistoia, en una hermosa posici\u00f3n monta\u00f1osa.\" \/>\n<meta name=\"robots\" content=\"index, follow, max-snippet:-1, max-image-preview:large, max-video-preview:-1\" \/>\n<link rel=\"canonical\" href=\"https:\/\/www.hotelvillacappugi.com\/es\/pistoia\/\" \/>\n<meta property=\"og:locale\" content=\"es_ES\" \/>\n<meta property=\"og:type\" content=\"article\" \/>\n<meta property=\"og:title\" content=\"Descubriendo Pistoia | Hotel 4 estrellas Villa Cappugi\" \/>\n<meta property=\"og:description\" content=\"Para sus vacaciones en Pistoia, descubra el Hotel Villa Cappugi ubicado cerca del centro hist\u00f3rico de Pistoia, en una hermosa posici\u00f3n monta\u00f1osa.\" \/>\n<meta property=\"og:url\" content=\"https:\/\/www.hotelvillacappugi.com\/es\/pistoia\/\" \/>\n<meta property=\"og:site_name\" content=\"Hotel Villa Cappugi\" \/>\n<meta property=\"article:publisher\" content=\"https:\/\/www.facebook.com\/hotelvillacappugi\/\" \/>\n<meta property=\"article:modified_time\" content=\"2021-12-27T11:10:15+00:00\" \/>\n<meta name=\"twitter:card\" content=\"summary_large_image\" \/>\n<meta name=\"twitter:label1\" content=\"Tiempo de lectura\" \/>\n\t<meta name=\"twitter:data1\" content=\"2 minutos\" \/>\n<script type=\"application\/ld+json\" class=\"yoast-schema-graph\">{\"@context\":\"https:\/\/schema.org\",\"@graph\":[{\"@type\":\"WebPage\",\"@id\":\"https:\/\/www.hotelvillacappugi.com\/es\/pistoia\/\",\"url\":\"https:\/\/www.hotelvillacappugi.com\/es\/pistoia\/\",\"name\":\"Descubriendo Pistoia | Hotel 4 estrellas Villa Cappugi\",\"isPartOf\":{\"@id\":\"https:\/\/www.hotelvillacappugi.com\/es\/#website\"},\"datePublished\":\"2021-12-15T15:42:52+00:00\",\"dateModified\":\"2021-12-27T11:10:15+00:00\",\"description\":\"Para sus vacaciones en Pistoia, descubra el Hotel Villa Cappugi ubicado cerca del centro hist\u00f3rico de Pistoia, en una hermosa posici\u00f3n monta\u00f1osa.\",\"breadcrumb\":{\"@id\":\"https:\/\/www.hotelvillacappugi.com\/es\/pistoia\/#breadcrumb\"},\"inLanguage\":\"es\",\"potentialAction\":[{\"@type\":\"ReadAction\",\"target\":[\"https:\/\/www.hotelvillacappugi.com\/es\/pistoia\/\"]}]},{\"@type\":\"BreadcrumbList\",\"@id\":\"https:\/\/www.hotelvillacappugi.com\/es\/pistoia\/#breadcrumb\",\"itemListElement\":[{\"@type\":\"ListItem\",\"position\":1,\"name\":\"Home\",\"item\":\"https:\/\/www.hotelvillacappugi.com\/es\/\"},{\"@type\":\"ListItem\",\"position\":2,\"name\":\"Alrededores\"}]},{\"@type\":\"WebSite\",\"@id\":\"https:\/\/www.hotelvillacappugi.com\/es\/#website\",\"url\":\"https:\/\/www.hotelvillacappugi.com\/es\/\",\"name\":\"Hotel Villa Cappugi\",\"description\":\"Hotel 4 Stelle a Pistoia\",\"publisher\":{\"@id\":\"https:\/\/www.hotelvillacappugi.com\/es\/#organization\"},\"potentialAction\":[{\"@type\":\"SearchAction\",\"target\":{\"@type\":\"EntryPoint\",\"urlTemplate\":\"https:\/\/www.hotelvillacappugi.com\/es\/?s={search_term_string}\"},\"query-input\":{\"@type\":\"PropertyValueSpecification\",\"valueRequired\":true,\"valueName\":\"search_term_string\"}}],\"inLanguage\":\"es\"},{\"@type\":\"Organization\",\"@id\":\"https:\/\/www.hotelvillacappugi.com\/es\/#organization\",\"name\":\"Hotel Villa Cappugi\",\"url\":\"https:\/\/www.hotelvillacappugi.com\/es\/\",\"logo\":{\"@type\":\"ImageObject\",\"inLanguage\":\"es\",\"@id\":\"https:\/\/www.hotelvillacappugi.com\/es\/#\/schema\/logo\/image\/\",\"url\":\"http:\/\/www.hotelvillacappugi.com\/wp-content\/uploads\/2018\/10\/Logo-Villa-Cappugi.png\",\"contentUrl\":\"http:\/\/www.hotelvillacappugi.com\/wp-content\/uploads\/2018\/10\/Logo-Villa-Cappugi.png\",\"width\":200,\"height\":122,\"caption\":\"Hotel Villa Cappugi\"},\"image\":{\"@id\":\"https:\/\/www.hotelvillacappugi.com\/es\/#\/schema\/logo\/image\/\"},\"sameAs\":[\"https:\/\/www.facebook.com\/hotelvillacappugi\/\",\"https:\/\/www.instagram.com\/villacappugipistoia\/\"]}]}<\/script>\n<!-- \/ Yoast SEO plugin. -->","yoast_head_json":{"title":"Descubriendo Pistoia | Hotel 4 estrellas Villa Cappugi","description":"Para sus vacaciones en Pistoia, descubra el Hotel Villa Cappugi ubicado cerca del centro hist\u00f3rico de Pistoia, en una hermosa posici\u00f3n monta\u00f1osa.","robots":{"index":"index","follow":"follow","max-snippet":"max-snippet:-1","max-image-preview":"max-image-preview:large","max-video-preview":"max-video-preview:-1"},"canonical":"https:\/\/www.hotelvillacappugi.com\/es\/pistoia\/","og_locale":"es_ES","og_type":"article","og_title":"Descubriendo Pistoia | Hotel 4 estrellas Villa Cappugi","og_description":"Para sus vacaciones en Pistoia, descubra el Hotel Villa Cappugi ubicado cerca del centro hist\u00f3rico de Pistoia, en una hermosa posici\u00f3n monta\u00f1osa.","og_url":"https:\/\/www.hotelvillacappugi.com\/es\/pistoia\/","og_site_name":"Hotel Villa Cappugi","article_publisher":"https:\/\/www.facebook.com\/hotelvillacappugi\/","article_modified_time":"2021-12-27T11:10:15+00:00","twitter_card":"summary_large_image","twitter_misc":{"Tiempo de lectura":"2 minutos"},"schema":{"@context":"https:\/\/schema.org","@graph":[{"@type":"WebPage","@id":"https:\/\/www.hotelvillacappugi.com\/es\/pistoia\/","url":"https:\/\/www.hotelvillacappugi.com\/es\/pistoia\/","name":"Descubriendo Pistoia | Hotel 4 estrellas Villa Cappugi","isPartOf":{"@id":"https:\/\/www.hotelvillacappugi.com\/es\/#website"},"datePublished":"2021-12-15T15:42:52+00:00","dateModified":"2021-12-27T11:10:15+00:00","description":"Para sus vacaciones en Pistoia, descubra el Hotel Villa Cappugi ubicado cerca del centro hist\u00f3rico de Pistoia, en una hermosa posici\u00f3n monta\u00f1osa.","breadcrumb":{"@id":"https:\/\/www.hotelvillacappugi.com\/es\/pistoia\/#breadcrumb"},"inLanguage":"es","potentialAction":[{"@type":"ReadAction","target":["https:\/\/www.hotelvillacappugi.com\/es\/pistoia\/"]}]},{"@type":"BreadcrumbList","@id":"https:\/\/www.hotelvillacappugi.com\/es\/pistoia\/#breadcrumb","itemListElement":[{"@type":"ListItem","position":1,"name":"Home","item":"https:\/\/www.hotelvillacappugi.com\/es\/"},{"@type":"ListItem","position":2,"name":"Alrededores"}]},{"@type":"WebSite","@id":"https:\/\/www.hotelvillacappugi.com\/es\/#website","url":"https:\/\/www.hotelvillacappugi.com\/es\/","name":"Hotel Villa Cappugi","description":"Hotel 4 Stelle a Pistoia","publisher":{"@id":"https:\/\/www.hotelvillacappugi.com\/es\/#organization"},"potentialAction":[{"@type":"SearchAction","target":{"@type":"EntryPoint","urlTemplate":"https:\/\/www.hotelvillacappugi.com\/es\/?s={search_term_string}"},"query-input":{"@type":"PropertyValueSpecification","valueRequired":true,"valueName":"search_term_string"}}],"inLanguage":"es"},{"@type":"Organization","@id":"https:\/\/www.hotelvillacappugi.com\/es\/#organization","name":"Hotel Villa Cappugi","url":"https:\/\/www.hotelvillacappugi.com\/es\/","logo":{"@type":"ImageObject","inLanguage":"es","@id":"https:\/\/www.hotelvillacappugi.com\/es\/#\/schema\/logo\/image\/","url":"http:\/\/www.hotelvillacappugi.com\/wp-content\/uploads\/2018\/10\/Logo-Villa-Cappugi.png","contentUrl":"http:\/\/www.hotelvillacappugi.com\/wp-content\/uploads\/2018\/10\/Logo-Villa-Cappugi.png","width":200,"height":122,"caption":"Hotel Villa Cappugi"},"image":{"@id":"https:\/\/www.hotelvillacappugi.com\/es\/#\/schema\/logo\/image\/"},"sameAs":["https:\/\/www.facebook.com\/hotelvillacappugi\/","https:\/\/www.instagram.com\/villacappugipistoia\/"]}]}},"_links":{"self":[{"href":"https:\/\/www.hotelvillacappugi.com\/es\/wp-json\/wp\/v2\/pages\/26535","targetHints":{"allow":["GET"]}}],"collection":[{"href":"https:\/\/www.hotelvillacappugi.com\/es\/wp-json\/wp\/v2\/pages"}],"about":[{"href":"https:\/\/www.hotelvillacappugi.com\/es\/wp-json\/wp\/v2\/types\/page"}],"author":[{"embeddable":true,"href":"https:\/\/www.hotelvillacappugi.com\/es\/wp-json\/wp\/v2\/users\/1"}],"replies":[{"embeddable":true,"href":"https:\/\/www.hotelvillacappugi.com\/es\/wp-json\/wp\/v2\/comments?post=26535"}],"version-history":[{"count":0,"href":"https:\/\/www.hotelvillacappugi.com\/es\/wp-json\/wp\/v2\/pages\/26535\/revisions"}],"wp:attachment":[{"href":"https:\/\/www.hotelvillacappugi.com\/es\/wp-json\/wp\/v2\/media?parent=26535"}],"curies":[{"name":"wp","href":"https:\/\/api.w.org\/{rel}","templated":true}]}}