{"id":25988,"date":"2021-12-15T16:06:35","date_gmt":"2021-12-15T15:06:35","guid":{"rendered":"http:\/\/www.hotelvillacappugi.com\/hotel-con-piscina-pistoia\/"},"modified":"2021-12-27T11:52:55","modified_gmt":"2021-12-27T10:52:55","slug":"hotel-mit-pool-pistoia","status":"publish","type":"page","link":"https:\/\/www.hotelvillacappugi.com\/de\/hotel-mit-pool-pistoia\/","title":{"rendered":"Hotel mit pool"},"content":{"rendered":"<p>[vc_row full_width=&#8221;stretch_row&#8221; parallax=&#8221;content-moving&#8221; parallax_image=&#8221;19335&#8243; parallax_speed_bg=&#8221;2.5&#8243; bg_media_opacity=&#8221;0.4&#8243; css=&#8221;.vc_custom_1639668514895{padding-top: 250px !important;padding-bottom: 250px !important;background-color: #544343 !important;}&#8221; el_class=&#8221;patternbg&#8221;][vc_column offset=&#8221;vc_col-lg-offset-2 vc_col-lg-8&#8243;][vc_column_text]<\/p>\n<h3 style=\"text-align: center;\"><span style=\"color: #ffffff;\">Die Dienstleistungen des Hotels Villa Cappugi<\/span><\/h3>\n<p>[\/vc_column_text][\/vc_column][\/vc_row][vc_row][vc_column width=&#8221;1\/4&#8243;][\/vc_column][vc_column width=&#8221;1\/2&#8243;][vc_column_text]<\/p>\n<h5 style=\"text-align: center;\"><span style=\"color: #09355c;\">HOTEL MIT POOL<br \/>\n<\/span><\/h5>\n<p>[\/vc_column_text][vc_separator color=&#8221;custom&#8221; border_width=&#8221;2&#8243; el_width=&#8221;10&#8243; accent_color=&#8221;#09355c&#8221;][vc_column_text css=&#8221;.vc_custom_1640254187734{padding-top: 20px !important;}&#8221;]<\/p>\n<p style=\"text-align: center;\">Der gro\u00dfe Swimmingpool im Garten der Villa Cappugi steht seinen G\u00e4sten zur Verf\u00fcgung, die nicht auf einen Moment der Mu\u00dfe und Entspannung verzichten m\u00f6chten.<br \/>\nLiegest\u00fchle und Sonnenschirme stehen zur Verf\u00fcgung und es gibt auch eine gut sortierte Bar, wo Sie einen schnellen Snack oder einen angenehmen Aperitif genie\u00dfen k\u00f6nnen.[\/vc_column_text][\/vc_column][vc_column width=&#8221;1\/4&#8243;][\/vc_column][\/vc_row][vc_row full_width=&#8221;stretch_row_content&#8221;][vc_column][vc_media_grid element_width=&#8221;3&#8243; gap=&#8221;10&#8243; grid_id=&#8221;vc_gid:1640255138056-cddd91f48c3608e7b73e033ce58d0558-1&#8243; include=&#8221;2995,19328,2994,19329&#8243;][\/vc_column][\/vc_row][vc_row css=&#8221;.vc_custom_1639566544018{margin-top: 0px !important;padding-top: 0px !important;}&#8221;][vc_column width=&#8221;1\/4&#8243;][\/vc_column][vc_column width=&#8221;1\/2&#8243;][vc_column_text]<\/p>\n<h5 style=\"text-align: center;\">FR\u00dcHST\u00dcCK<\/h5>\n<p>[\/vc_column_text][vc_separator color=&#8221;custom&#8221; border_width=&#8221;2&#8243; el_width=&#8221;10&#8243; accent_color=&#8221;#09355c&#8221; css=&#8221;.vc_custom_1639582814117{margin-bottom: 0px !important;padding-bottom: 0px !important;}&#8221;][vc_column_text css=&#8221;.vc_custom_1640254206246{padding-top: 20px !important;}&#8221;]<\/p>\n<p style=\"text-align: center;\">Um den Tag gut zu beginnen, ist das Fr\u00fchst\u00fcck das Flaggschiff des Catering-Services der Villa Cappugi: Den G\u00e4sten steht ein Buffet mit frischen Produkten mit Croissants, Keksen und hausgemachten Kuchen, Marmeladen, Honig, begleitet von herzhaften Gerichten, darunter hochwertiges Fleisch und K\u00e4se; und wieder eine Auswahl an Joghurt, frischem Obst und Dosenobst usw. An italienischen und amerikanischen Caf\u00e9s (Espresso, Cappuccino, amerikanischer Kaffee usw.) mangelt es nicht.<\/p>\n<p>[\/vc_column_text][\/vc_column][vc_column width=&#8221;1\/4&#8243;][\/vc_column][\/vc_row][vc_row full_width=&#8221;stretch_row_content&#8221;][vc_column][vc_media_grid element_width=&#8221;3&#8243; gap=&#8221;10&#8243; grid_id=&#8221;vc_gid:1640255138728-5c87c1e2ab7e09170d60c0ecab7b6961-9&#8243; include=&#8221;19330,19331,19333,19332&#8243;][\/vc_column][\/vc_row][vc_row][vc_column][vc_column_text]<\/p>\n<h5 style=\"text-align: center;\">DIENSTLEISTUNGEN<\/h5>\n<p>[\/vc_column_text][vc_separator color=&#8221;custom&#8221; border_width=&#8221;2&#8243; el_width=&#8221;10&#8243; accent_color=&#8221;#09355c&#8221; css=&#8221;.vc_custom_1639580708670{padding-bottom: 40px !important;}&#8221;]<!--================ Icon Boxes ================-->\n<script>\n    (function($){\n        'use strict';\n\n        if(!$) return;\n\n        $(function(){\n            var $container = $('#vc-milenia-info-boxes-c11039446e076c9a3b86cdd7ccaa33cc-1777595730588041635');\n\n            if(!$container.length) return;\n\n            if(window.appear) {\n                appear({\n                    elements: function(){\n                        return document.querySelectorAll('#vc-milenia-info-boxes-c11039446e076c9a3b86cdd7ccaa33cc-1777595730588041635');\n                    },\n                    appear: function(element) {\n                        var $el = $(element);\n                        $el.addClass('milenia-visible').addClass($el.data('animation'));\n                    },\n                    reappear: false,\n                    bounds: -200\n                });\n            }\n\n            if(window.Milenia && window.Milenia.LinkUnderliner) {\n                window.Milenia.LinkUnderliner.init($container.find('a'));\n            }\n        });\n    })(window.jQuery);\n<\/script>\n\n<div id=\"vc-milenia-info-boxes-c11039446e076c9a3b86cdd7ccaa33cc-1777595730588041635\" class=\"milenia-icon-boxes milenia-icon-boxes--style-1 milenia-visible\" data-animation=\"none\">\n    <div class=\"milenia-grid milenia-grid--cols-3\">\n        <!--================ Icon Box ================-->\n<div class=\"milenia-grid-item\">\n    <article class=\"milenia-icon-box milenia-aligner\">\n        <div class=\"milenia-aligner-outer\">\n            <div class=\"milenia-aligner-inner\">\n                <span class=\"milenia-icon-box-icon milenia-font-icon-bell\"><\/span>\n\n                <div class=\"milenia-icon-box-content\">\n                    <h2 class=\"milenia-icon-box-title\">Rezeption 24 Stunden verf\u00fcgbar<\/h2>\n                    \n                <\/div>\n            <\/div>\n        <\/div>\n\n        \n    <\/article>\n<\/div>\n<!--================ Icon Box ================-->\n\r\n<!--================ Icon Box ================-->\n<div class=\"milenia-grid-item\">\n    <article class=\"milenia-icon-box milenia-aligner\">\n        <div class=\"milenia-aligner-outer\">\n            <div class=\"milenia-aligner-inner\">\n                <span class=\"milenia-icon-box-icon milenia-font-icon-parking\"><\/span>\n\n                <div class=\"milenia-icon-box-content\">\n                    <h2 class=\"milenia-icon-box-title\">Parken<\/h2>\n                    \n                <\/div>\n            <\/div>\n        <\/div>\n\n        \n    <\/article>\n<\/div>\n<!--================ Icon Box ================-->\n\r\n<!--================ Icon Box ================-->\n<div class=\"milenia-grid-item\">\n    <article class=\"milenia-icon-box milenia-aligner\">\n        <div class=\"milenia-aligner-outer\">\n            <div class=\"milenia-aligner-inner\">\n                <span class=\"milenia-icon-box-icon milenia-font-icon-coffee-to-go\"><\/span>\n\n                <div class=\"milenia-icon-box-content\">\n                    <h2 class=\"milenia-icon-box-title\">Snack bar<\/h2>\n                    <p>Platte 7 bis 23:30 Uhr<\/p>\n\n                <\/div>\n            <\/div>\n        <\/div>\n\n        \n    <\/article>\n<\/div>\n<!--================ Icon Box ================-->\n\r\n<!--================ Icon Box ================-->\n<div class=\"milenia-grid-item\">\n    <article class=\"milenia-icon-box milenia-aligner\">\n        <div class=\"milenia-aligner-outer\">\n            <div class=\"milenia-aligner-inner\">\n                <span class=\"milenia-icon-box-icon milenia-font-icon-tennis\"><\/span>\n\n                <div class=\"milenia-icon-box-content\">\n                    <h2 class=\"milenia-icon-box-title\">Tennis- und Kleinfeldfu\u00dfballpl\u00e4tze<\/h2>\n                    \n                <\/div>\n            <\/div>\n        <\/div>\n\n        \n    <\/article>\n<\/div>\n<!--================ Icon Box ================-->\n\r\n<!--================ Icon Box ================-->\n<div class=\"milenia-grid-item\">\n    <article class=\"milenia-icon-box milenia-aligner\">\n        <div class=\"milenia-aligner-outer\">\n            <div class=\"milenia-aligner-inner\">\n                <span class=\"milenia-icon-box-icon milenia-font-icon-washer\"><\/span>\n\n                <div class=\"milenia-icon-box-content\">\n                    <h2 class=\"milenia-icon-box-title\">W\u00e4scheservice<\/h2>\n                    \n                <\/div>\n            <\/div>\n        <\/div>\n\n        \n    <\/article>\n<\/div>\n<!--================ Icon Box ================-->\n\r\n<!--================ Icon Box ================-->\n<div class=\"milenia-grid-item\">\n    <article class=\"milenia-icon-box milenia-aligner\">\n        <div class=\"milenia-aligner-outer\">\n            <div class=\"milenia-aligner-inner\">\n                <span class=\"milenia-icon-box-icon milenia-font-icon-water-lily\"><\/span>\n\n                <div class=\"milenia-icon-box-content\">\n                    <h2 class=\"milenia-icon-box-title\">Vereinbarung mit dem Wellnesscenter Terme di Grotta Giusti<\/h2>\n                    \n                <\/div>\n            <\/div>\n        <\/div>\n\n        \n    <\/article>\n<\/div>\n<!--================ Icon Box ================-->\n\n    <\/div>\n<\/div>\n<!--================ Icon Boxes ================-->\n[vc_column_text css=&#8221;.vc_custom_1640254276166{padding-top: 30px !important;}&#8221;]<\/p>\n<p style=\"text-align: center;\">F\u00fcr das Hotel in Pistoia Villa Cappugi sind Haustiere auf Anfrage in der Struktur erlaubt.<\/p>\n<p>[\/vc_column_text][\/vc_column][\/vc_row][vc_row full_width=&#8221;stretch_row&#8221; parallax=&#8221;content-moving&#8221; parallax_image=&#8221;19339&#8243; parallax_speed_bg=&#8221;2.5&#8243; bg_media_opacity=&#8221;0.4&#8243; css=&#8221;.vc_custom_1639649386593{margin-top: 20px !important;padding-top: 150px !important;background-color: #544a4a !important;}&#8221;][vc_column width=&#8221;2\/3&#8243; offset=&#8221;vc_col-lg-offset-2 vc_col-lg-8&#8243;][vc_column_text]<\/p>\n<h4 style=\"text-align: center;\"><span style=\"color: #ffffff;\">Buchen Sie jetzt Ihren Aufenthalt in der Villa Cappugi<\/span><\/h4>\n<p>[\/vc_column_text][vc_btn title=&#8221;KONTAKTIERE UNS&#8221; style=&#8221;classic&#8221; shape=&#8221;round&#8221; color=&#8221;default&#8221; size=&#8221;lg&#8221; align=&#8221;center&#8221; css=&#8221;.vc_custom_1640255444121{padding-top: 30px !important;}&#8221; link=&#8221;url:%2Fde%2F4-sterne-hotel-pistoia%2F|title:Contatti&#8221;][\/vc_column][\/vc_row]<\/p>\n","protected":false},"excerpt":{"rendered":"<p>[vc_row full_width=&#8221;stretch_row&#8221; parallax=&#8221;content-moving&#8221; parallax_image=&#8221;19335&#8243; parallax_speed_bg=&#8221;2.5&#8243; bg_media_opacity=&#8221;0.4&#8243; css=&#8221;.vc_custom_1639668514895{padding-top: 250px !important;padding-bottom: 250px !important;background-color: #544343 !important;}&#8221; el_class=&#8221;patternbg&#8221;][vc_column offset=&#8221;vc_col-lg-offset-2 vc_col-lg-8&#8243;][vc_column_text] Die Dienstleistungen&#8230;<\/p>\n","protected":false},"author":1,"featured_media":0,"parent":0,"menu_order":58,"comment_status":"closed","ping_status":"closed","template":"","meta":{"footnotes":""},"class_list":["post-25988","page","type-page","status-publish","hentry"],"yoast_head":"<!-- This site is optimized with the Yoast SEO plugin v26.1 - https:\/\/yoast.com\/wordpress\/plugins\/seo\/ -->\n<title>Hotel mit Schwimmbad Pistoia: Hotel Villa Cappugi<\/title>\n<meta name=\"description\" content=\"hotelvillacappugi.com - Hotel mit Schwimmbad Pistoia, w\u00e4hrend der Sommermonate organisiert die Villa Cappugi Wassergymnastikkurse f\u00fcr die G\u00e4ste des Hotels\" \/>\n<meta name=\"robots\" content=\"index, follow, max-snippet:-1, max-image-preview:large, max-video-preview:-1\" \/>\n<link rel=\"canonical\" href=\"https:\/\/www.hotelvillacappugi.com\/de\/hotel-mit-pool-pistoia\/\" \/>\n<meta property=\"og:locale\" content=\"de_DE\" \/>\n<meta property=\"og:type\" content=\"article\" \/>\n<meta property=\"og:title\" content=\"Hotel mit Schwimmbad Pistoia: Hotel Villa Cappugi\" \/>\n<meta property=\"og:description\" content=\"hotelvillacappugi.com - Hotel mit Schwimmbad Pistoia, w\u00e4hrend der Sommermonate organisiert die Villa Cappugi Wassergymnastikkurse f\u00fcr die G\u00e4ste des Hotels\" \/>\n<meta property=\"og:url\" content=\"https:\/\/www.hotelvillacappugi.com\/de\/hotel-mit-pool-pistoia\/\" \/>\n<meta property=\"og:site_name\" content=\"Hotel Villa Cappugi\" \/>\n<meta property=\"article:publisher\" content=\"https:\/\/www.facebook.com\/hotelvillacappugi\/\" \/>\n<meta property=\"article:modified_time\" content=\"2021-12-27T10:52:55+00:00\" \/>\n<meta name=\"twitter:card\" content=\"summary_large_image\" \/>\n<meta name=\"twitter:label1\" content=\"Gesch\u00e4tzte Lesezeit\" \/>\n\t<meta name=\"twitter:data1\" content=\"4\u00a0Minuten\" \/>\n<script type=\"application\/ld+json\" class=\"yoast-schema-graph\">{\"@context\":\"https:\/\/schema.org\",\"@graph\":[{\"@type\":\"WebPage\",\"@id\":\"https:\/\/www.hotelvillacappugi.com\/de\/hotel-mit-pool-pistoia\/\",\"url\":\"https:\/\/www.hotelvillacappugi.com\/de\/hotel-mit-pool-pistoia\/\",\"name\":\"Hotel mit Schwimmbad Pistoia: Hotel Villa Cappugi\",\"isPartOf\":{\"@id\":\"https:\/\/www.hotelvillacappugi.com\/de\/#website\"},\"datePublished\":\"2021-12-15T15:06:35+00:00\",\"dateModified\":\"2021-12-27T10:52:55+00:00\",\"description\":\"hotelvillacappugi.com - Hotel mit Schwimmbad Pistoia, w\u00e4hrend der Sommermonate organisiert die Villa Cappugi Wassergymnastikkurse f\u00fcr die G\u00e4ste des Hotels\",\"breadcrumb\":{\"@id\":\"https:\/\/www.hotelvillacappugi.com\/de\/hotel-mit-pool-pistoia\/#breadcrumb\"},\"inLanguage\":\"de\",\"potentialAction\":[{\"@type\":\"ReadAction\",\"target\":[\"https:\/\/www.hotelvillacappugi.com\/de\/hotel-mit-pool-pistoia\/\"]}]},{\"@type\":\"BreadcrumbList\",\"@id\":\"https:\/\/www.hotelvillacappugi.com\/de\/hotel-mit-pool-pistoia\/#breadcrumb\",\"itemListElement\":[{\"@type\":\"ListItem\",\"position\":1,\"name\":\"Home\",\"item\":\"https:\/\/www.hotelvillacappugi.com\/de\/\"},{\"@type\":\"ListItem\",\"position\":2,\"name\":\"Hotel mit pool\"}]},{\"@type\":\"WebSite\",\"@id\":\"https:\/\/www.hotelvillacappugi.com\/de\/#website\",\"url\":\"https:\/\/www.hotelvillacappugi.com\/de\/\",\"name\":\"Hotel Villa Cappugi\",\"description\":\"Hotel 4 Stelle a Pistoia\",\"publisher\":{\"@id\":\"https:\/\/www.hotelvillacappugi.com\/de\/#organization\"},\"potentialAction\":[{\"@type\":\"SearchAction\",\"target\":{\"@type\":\"EntryPoint\",\"urlTemplate\":\"https:\/\/www.hotelvillacappugi.com\/de\/?s={search_term_string}\"},\"query-input\":{\"@type\":\"PropertyValueSpecification\",\"valueRequired\":true,\"valueName\":\"search_term_string\"}}],\"inLanguage\":\"de\"},{\"@type\":\"Organization\",\"@id\":\"https:\/\/www.hotelvillacappugi.com\/de\/#organization\",\"name\":\"Hotel Villa Cappugi\",\"url\":\"https:\/\/www.hotelvillacappugi.com\/de\/\",\"logo\":{\"@type\":\"ImageObject\",\"inLanguage\":\"de\",\"@id\":\"https:\/\/www.hotelvillacappugi.com\/de\/#\/schema\/logo\/image\/\",\"url\":\"http:\/\/www.hotelvillacappugi.com\/wp-content\/uploads\/2018\/10\/Logo-Villa-Cappugi.png\",\"contentUrl\":\"http:\/\/www.hotelvillacappugi.com\/wp-content\/uploads\/2018\/10\/Logo-Villa-Cappugi.png\",\"width\":200,\"height\":122,\"caption\":\"Hotel Villa Cappugi\"},\"image\":{\"@id\":\"https:\/\/www.hotelvillacappugi.com\/de\/#\/schema\/logo\/image\/\"},\"sameAs\":[\"https:\/\/www.facebook.com\/hotelvillacappugi\/\",\"https:\/\/www.instagram.com\/villacappugipistoia\/\"]}]}<\/script>\n<!-- \/ Yoast SEO plugin. -->","yoast_head_json":{"title":"Hotel mit Schwimmbad Pistoia: Hotel Villa Cappugi","description":"hotelvillacappugi.com - Hotel mit Schwimmbad Pistoia, w\u00e4hrend der Sommermonate organisiert die Villa Cappugi Wassergymnastikkurse f\u00fcr die G\u00e4ste des Hotels","robots":{"index":"index","follow":"follow","max-snippet":"max-snippet:-1","max-image-preview":"max-image-preview:large","max-video-preview":"max-video-preview:-1"},"canonical":"https:\/\/www.hotelvillacappugi.com\/de\/hotel-mit-pool-pistoia\/","og_locale":"de_DE","og_type":"article","og_title":"Hotel mit Schwimmbad Pistoia: Hotel Villa Cappugi","og_description":"hotelvillacappugi.com - Hotel mit Schwimmbad Pistoia, w\u00e4hrend der Sommermonate organisiert die Villa Cappugi Wassergymnastikkurse f\u00fcr die G\u00e4ste des Hotels","og_url":"https:\/\/www.hotelvillacappugi.com\/de\/hotel-mit-pool-pistoia\/","og_site_name":"Hotel Villa Cappugi","article_publisher":"https:\/\/www.facebook.com\/hotelvillacappugi\/","article_modified_time":"2021-12-27T10:52:55+00:00","twitter_card":"summary_large_image","twitter_misc":{"Gesch\u00e4tzte Lesezeit":"4\u00a0Minuten"},"schema":{"@context":"https:\/\/schema.org","@graph":[{"@type":"WebPage","@id":"https:\/\/www.hotelvillacappugi.com\/de\/hotel-mit-pool-pistoia\/","url":"https:\/\/www.hotelvillacappugi.com\/de\/hotel-mit-pool-pistoia\/","name":"Hotel mit Schwimmbad Pistoia: Hotel Villa Cappugi","isPartOf":{"@id":"https:\/\/www.hotelvillacappugi.com\/de\/#website"},"datePublished":"2021-12-15T15:06:35+00:00","dateModified":"2021-12-27T10:52:55+00:00","description":"hotelvillacappugi.com - Hotel mit Schwimmbad Pistoia, w\u00e4hrend der Sommermonate organisiert die Villa Cappugi Wassergymnastikkurse f\u00fcr die G\u00e4ste des Hotels","breadcrumb":{"@id":"https:\/\/www.hotelvillacappugi.com\/de\/hotel-mit-pool-pistoia\/#breadcrumb"},"inLanguage":"de","potentialAction":[{"@type":"ReadAction","target":["https:\/\/www.hotelvillacappugi.com\/de\/hotel-mit-pool-pistoia\/"]}]},{"@type":"BreadcrumbList","@id":"https:\/\/www.hotelvillacappugi.com\/de\/hotel-mit-pool-pistoia\/#breadcrumb","itemListElement":[{"@type":"ListItem","position":1,"name":"Home","item":"https:\/\/www.hotelvillacappugi.com\/de\/"},{"@type":"ListItem","position":2,"name":"Hotel mit pool"}]},{"@type":"WebSite","@id":"https:\/\/www.hotelvillacappugi.com\/de\/#website","url":"https:\/\/www.hotelvillacappugi.com\/de\/","name":"Hotel Villa Cappugi","description":"Hotel 4 Stelle a Pistoia","publisher":{"@id":"https:\/\/www.hotelvillacappugi.com\/de\/#organization"},"potentialAction":[{"@type":"SearchAction","target":{"@type":"EntryPoint","urlTemplate":"https:\/\/www.hotelvillacappugi.com\/de\/?s={search_term_string}"},"query-input":{"@type":"PropertyValueSpecification","valueRequired":true,"valueName":"search_term_string"}}],"inLanguage":"de"},{"@type":"Organization","@id":"https:\/\/www.hotelvillacappugi.com\/de\/#organization","name":"Hotel Villa Cappugi","url":"https:\/\/www.hotelvillacappugi.com\/de\/","logo":{"@type":"ImageObject","inLanguage":"de","@id":"https:\/\/www.hotelvillacappugi.com\/de\/#\/schema\/logo\/image\/","url":"http:\/\/www.hotelvillacappugi.com\/wp-content\/uploads\/2018\/10\/Logo-Villa-Cappugi.png","contentUrl":"http:\/\/www.hotelvillacappugi.com\/wp-content\/uploads\/2018\/10\/Logo-Villa-Cappugi.png","width":200,"height":122,"caption":"Hotel Villa Cappugi"},"image":{"@id":"https:\/\/www.hotelvillacappugi.com\/de\/#\/schema\/logo\/image\/"},"sameAs":["https:\/\/www.facebook.com\/hotelvillacappugi\/","https:\/\/www.instagram.com\/villacappugipistoia\/"]}]}},"_links":{"self":[{"href":"https:\/\/www.hotelvillacappugi.com\/de\/wp-json\/wp\/v2\/pages\/25988","targetHints":{"allow":["GET"]}}],"collection":[{"href":"https:\/\/www.hotelvillacappugi.com\/de\/wp-json\/wp\/v2\/pages"}],"about":[{"href":"https:\/\/www.hotelvillacappugi.com\/de\/wp-json\/wp\/v2\/types\/page"}],"author":[{"embeddable":true,"href":"https:\/\/www.hotelvillacappugi.com\/de\/wp-json\/wp\/v2\/users\/1"}],"replies":[{"embeddable":true,"href":"https:\/\/www.hotelvillacappugi.com\/de\/wp-json\/wp\/v2\/comments?post=25988"}],"version-history":[{"count":0,"href":"https:\/\/www.hotelvillacappugi.com\/de\/wp-json\/wp\/v2\/pages\/25988\/revisions"}],"wp:attachment":[{"href":"https:\/\/www.hotelvillacappugi.com\/de\/wp-json\/wp\/v2\/media?parent=25988"}],"curies":[{"name":"wp","href":"https:\/\/api.w.org\/{rel}","templated":true}]}}