{"id":26496,"date":"2021-12-15T15:41:15","date_gmt":"2021-12-15T14:41:15","guid":{"rendered":"http:\/\/www.hotelvillacappugi.com\/sale-meeting-pistoia\/"},"modified":"2021-12-28T11:34:41","modified_gmt":"2021-12-28T10:34:41","slug":"pokoj-spotkan-pistoia","status":"publish","type":"page","link":"https:\/\/www.hotelvillacappugi.com\/pl\/pokoj-spotkan-pistoia\/","title":{"rendered":"Pokoj spotkan Pistoia"},"content":{"rendered":"<p>[vc_row full_width=&#8221;stretch_row&#8221; parallax=&#8221;content-moving&#8221; parallax_image=&#8221;19320&#8243; parallax_speed_bg=&#8221;2.5&#8243; bg_media_opacity=&#8221;0.4&#8243; css=&#8221;.vc_custom_1639668296774{padding-top: 250px !important;padding-bottom: 250px !important;background-color: #544343 !important;}&#8221; el_class=&#8221;patternbg&#8221;][vc_column offset=&#8221;vc_col-lg-offset-2 vc_col-lg-8&#8243;][vc_column_text]<\/p>\n<h3 style=\"text-align: center;\"><span style=\"color: #ffffff;\"> Sale konferencyjne <\/span><\/h3>\n<p style=\"text-align: center;\"><span style=\"color: #ffffff;\"> Hotel Villa Cappugi w Pistoi to idealny hotel kongresowo-biznesowy dla manager\u00f3w, firm i organizacji, kt\u00f3re chc\u0105 organizowa\u0107 Spotkania, Zach\u0119ty, konferencje i wydarzenia w Toskanii. <\/span><\/p>\n<p>[\/vc_column_text][\/vc_column][\/vc_row][vc_row css=&#8221;.vc_custom_1639566544018{margin-top: 0px !important;padding-top: 0px !important;}&#8221;][vc_column width=&#8221;1\/4&#8243;][\/vc_column][vc_column width=&#8221;1\/2&#8243;][vc_column_text css=&#8221;.vc_custom_1640600447484{padding-top: 50px !important;}&#8221;]<\/p>\n<p style=\"text-align: center;\">Nasza oferta <strong> us\u0142ug dost\u0119pnych dla MICE <\/strong> gwarantuje spersonalizowane do\u015bwiadczenie dla sukcesu Twojej firmy.<\/p>\n<p style=\"text-align: center;\">Dost\u0119pne <strong> 5 sal konferencyjnych <\/strong> nowoczesnych, modu\u0142owych i elastycznych w zarz\u0105dzaniu przestrzeniami i mog\u0105cych pomie\u015bci\u0107 do 350 go\u015bci.<\/p>\n<p>[\/vc_column_text][\/vc_column][vc_column width=&#8221;1\/4&#8243;][\/vc_column][\/vc_row][vc_row full_width=&#8221;stretch_row_content&#8221;][vc_column][vc_media_grid element_width=&#8221;3&#8243; gap=&#8221;10&#8243; grid_id=&#8221;vc_gid:1640599947435-4c713d1d-a5f0-10&#8243; include=&#8221;19322,19319,19318,19317&#8243;][\/vc_column][\/vc_row][vc_row][vc_column][vc_column_text]<\/p>\n<h5 style=\"text-align: center;\"><span style=\"color: #09355c;\">US\u0141UGI<\/span><\/h5>\n<p>[\/vc_column_text][vc_separator color=&#8221;custom&#8221; border_width=&#8221;2&#8243; el_width=&#8221;10&#8243; accent_color=&#8221;#09355c&#8221; css=&#8221;.vc_custom_1639580708670{padding-bottom: 40px !important;}&#8221;]<!--================ Icon Boxes ================-->\n<script>\n    (function($){\n        'use strict';\n\n        if(!$) return;\n\n        $(function(){\n            var $container = $('#vc-milenia-info-boxes-8a87c7dca366abae21ba068c0bf610ed-17770574821028637439');\n\n            if(!$container.length) return;\n\n            if(window.appear) {\n                appear({\n                    elements: function(){\n                        return document.querySelectorAll('#vc-milenia-info-boxes-8a87c7dca366abae21ba068c0bf610ed-17770574821028637439');\n                    },\n                    appear: function(element) {\n                        var $el = $(element);\n                        $el.addClass('milenia-visible').addClass($el.data('animation'));\n                    },\n                    reappear: false,\n                    bounds: -200\n                });\n            }\n\n            if(window.Milenia && window.Milenia.LinkUnderliner) {\n                window.Milenia.LinkUnderliner.init($container.find('a'));\n            }\n        });\n    })(window.jQuery);\n<\/script>\n\n<div id=\"vc-milenia-info-boxes-8a87c7dca366abae21ba068c0bf610ed-17770574821028637439\" class=\"milenia-icon-boxes milenia-icon-boxes--style-1 milenia-visible\" data-animation=\"none\">\n    <div class=\"milenia-grid milenia-grid--cols-4\">\n        <!--================ Icon Box ================-->\n<div class=\"milenia-grid-item\">\n    <article class=\"milenia-icon-box milenia-aligner\">\n        <div class=\"milenia-aligner-outer\">\n            <div class=\"milenia-aligner-inner\">\n                \n\n                <div class=\"milenia-icon-box-content\">\n                    <h2 class=\"milenia-icon-box-title\">Wi-fi gratuita<\/h2>\n                    \n                <\/div>\n            <\/div>\n        <\/div>\n\n        \n    <\/article>\n<\/div>\n<!--================ Icon Box ================-->\n\r\n<!--================ Icon Box ================-->\n<div class=\"milenia-grid-item\">\n    <article class=\"milenia-icon-box milenia-aligner\">\n        <div class=\"milenia-aligner-outer\">\n            <div class=\"milenia-aligner-inner\">\n                \n\n                <div class=\"milenia-icon-box-content\">\n                    <h2 class=\"milenia-icon-box-title\">Luce Naturale<\/h2>\n                    \n                <\/div>\n            <\/div>\n        <\/div>\n\n        \n    <\/article>\n<\/div>\n<!--================ Icon Box ================-->\n\r\n<!--================ Icon Box ================-->\n<div class=\"milenia-grid-item\">\n    <article class=\"milenia-icon-box milenia-aligner\">\n        <div class=\"milenia-aligner-outer\">\n            <div class=\"milenia-aligner-inner\">\n                \n\n                <div class=\"milenia-icon-box-content\">\n                    <h2 class=\"milenia-icon-box-title\">Videoproiettore con Telo<\/h2>\n                    \n                <\/div>\n            <\/div>\n        <\/div>\n\n        \n    <\/article>\n<\/div>\n<!--================ Icon Box ================-->\n\r\n<!--================ Icon Box ================-->\n<div class=\"milenia-grid-item\">\n    <article class=\"milenia-icon-box milenia-aligner\">\n        <div class=\"milenia-aligner-outer\">\n            <div class=\"milenia-aligner-inner\">\n                \n\n                <div class=\"milenia-icon-box-content\">\n                    <h2 class=\"milenia-icon-box-title\">Lavagna a fogli mobili<\/h2>\n                    \n                <\/div>\n            <\/div>\n        <\/div>\n\n        \n    <\/article>\n<\/div>\n<!--================ Icon Box ================-->\n\r\n<!--================ Icon Box ================-->\n<div class=\"milenia-grid-item\">\n    <article class=\"milenia-icon-box milenia-aligner\">\n        <div class=\"milenia-aligner-outer\">\n            <div class=\"milenia-aligner-inner\">\n                \n\n                <div class=\"milenia-icon-box-content\">\n                    <h2 class=\"milenia-icon-box-title\">Lavagna luminosa<\/h2>\n                    \n                <\/div>\n            <\/div>\n        <\/div>\n\n        \n    <\/article>\n<\/div>\n<!--================ Icon Box ================-->\n\r\n<!--================ Icon Box ================-->\n<div class=\"milenia-grid-item\">\n    <article class=\"milenia-icon-box milenia-aligner\">\n        <div class=\"milenia-aligner-outer\">\n            <div class=\"milenia-aligner-inner\">\n                \n\n                <div class=\"milenia-icon-box-content\">\n                    <h2 class=\"milenia-icon-box-title\">Microfoni<\/h2>\n                    \n                <\/div>\n            <\/div>\n        <\/div>\n\n        \n    <\/article>\n<\/div>\n<!--================ Icon Box ================-->\n\r\n<!--================ Icon Box ================-->\n<div class=\"milenia-grid-item\">\n    <article class=\"milenia-icon-box milenia-aligner\">\n        <div class=\"milenia-aligner-outer\">\n            <div class=\"milenia-aligner-inner\">\n                \n\n                <div class=\"milenia-icon-box-content\">\n                    <h2 class=\"milenia-icon-box-title\">Cavo VGA\/HDMI<\/h2>\n                    \n                <\/div>\n            <\/div>\n        <\/div>\n\n        \n    <\/article>\n<\/div>\n<!--================ Icon Box ================-->\n\r\n<!--================ Icon Box ================-->\n<div class=\"milenia-grid-item\">\n    <article class=\"milenia-icon-box milenia-aligner\">\n        <div class=\"milenia-aligner-outer\">\n            <div class=\"milenia-aligner-inner\">\n                \n\n                <div class=\"milenia-icon-box-content\">\n                    <h2 class=\"milenia-icon-box-title\">Amplificazione<\/h2>\n                    \n                <\/div>\n            <\/div>\n        <\/div>\n\n        \n    <\/article>\n<\/div>\n<!--================ Icon Box ================-->\n\n    <\/div>\n<\/div>\n<!--================ Icon Boxes ================-->\n[vc_column_text css=&#8221;.vc_custom_1640600480707{padding-top: 30px !important;}&#8221;]<\/p>\n<h4 style=\"text-align: center;\"><a href=\"\/wp-content\/uploads\/2021\/12\/hotelvillacappugi_meeting.pdf\" target=\"_blank\" rel=\"noopener\">Kliknij tutaj, aby wy\u015bwietli\u0107 planimetri\u0119<\/a><\/h4>\n<p>[\/vc_column_text][\/vc_column][\/vc_row][vc_row full_width=&#8221;stretch_row&#8221; parallax=&#8221;content-moving&#8221; parallax_image=&#8221;19321&#8243; parallax_speed_bg=&#8221;2.5&#8243; bg_media_opacity=&#8221;0.4&#8243; css=&#8221;.vc_custom_1639580614768{margin-top: 50px !important;padding-top: 150px !important;background-color: #544a4a !important;}&#8221;][vc_column width=&#8221;2\/3&#8243; offset=&#8221;vc_col-lg-offset-2 vc_col-lg-8&#8243;][vc_column_text]<\/p>\n<h3 style=\"text-align: center;\"><span style=\"color: #ffffff;\"> Tymczasowe biuro i sala konferencyjna <\/span><\/h3>\n<p style=\"text-align: center;\"><span style=\"color: #ffffff;\"> Rosn\u0105ce zapotrzebowanie na mobilno\u015b\u0107 i szybko\u015b\u0107 sk\u0142oni\u0142o nas do stworzenia dla Ciebie us\u0142ugi \u201etymczasowe biuro i miejsce spotka\u0144\u201d, kt\u00f3ra to dost\u0119pno\u015b\u0107 w ci\u0105gu kilku godzin ma\u0142ego prywatnego biura na spotkania lub do pracy z obs\u0142ug\u0105 sekretarsk\u0105, drukark\u0105, darmow\u0105 sieci\u0105 WIFI, przerw\u0105 na kaw\u0119, aperitifem. <\/span><\/p>\n<p style=\"text-align: center;\"><span style=\"color: #ffffff;\"> W tej atmosferze prywatno\u015bci, elegancji i kreatywno\u015bci mo\u017cemy r\u00f3wnie\u017c \u0142\u0105czy\u0107 propozycje takie jak restauracje, wieczory hotelowe, aby wspiera\u0107 wydarzenia i wykwalifikowany personel do pe\u0142nej dyspozycji. <\/span><\/p>\n<p>[\/vc_column_text][vc_btn title=&#8221;\u0141\u0105czno\u015b\u0107&#8221; style=&#8221;classic&#8221; shape=&#8221;round&#8221; color=&#8221;default&#8221; size=&#8221;lg&#8221; align=&#8221;center&#8221; css=&#8221;.vc_custom_1640600510300{padding-top: 30px !important;}&#8221; link=&#8221;url:https%3A%2F%2Fwww.hotelvillacappugi.com%2Fpl%2Fczterogwiazdkowy-hotel-pistoia%2F|title:%C5%81%C4%85czno%C5%9B%C4%87&#8243;][\/vc_column][\/vc_row]<\/p>\n","protected":false},"excerpt":{"rendered":"<p>[vc_row full_width=&#8221;stretch_row&#8221; parallax=&#8221;content-moving&#8221; parallax_image=&#8221;19320&#8243; parallax_speed_bg=&#8221;2.5&#8243; bg_media_opacity=&#8221;0.4&#8243; css=&#8221;.vc_custom_1639668296774{padding-top: 250px !important;padding-bottom: 250px !important;background-color: #544343 !important;}&#8221; el_class=&#8221;patternbg&#8221;][vc_column offset=&#8221;vc_col-lg-offset-2 vc_col-lg-8&#8243;][vc_column_text] Sale konferencyjne&#8230;<\/p>\n","protected":false},"author":1,"featured_media":0,"parent":0,"menu_order":70,"comment_status":"closed","ping_status":"closed","template":"","meta":{"footnotes":""},"class_list":["post-26496","page","type-page","status-publish","hentry"],"yoast_head":"<!-- This site is optimized with the Yoast SEO plugin v26.1 - https:\/\/yoast.com\/wordpress\/plugins\/seo\/ -->\n<title>POK\u00d3J SPOTKA\u0143 PISTOIA: Hotel Villa Cappugi<\/title>\n<meta name=\"description\" content=\"hotelvillacappugi.com - Pistoia wyposa\u017cona sala konferencyjna, 5 modu\u0142owych i elastycznych sal konferencyjnych w przestrzeniach, kt\u00f3re mog\u0105 wygodnie pomie\u015bci\u0107 do 350 go\u015bci.\" \/>\n<meta name=\"robots\" content=\"index, follow, max-snippet:-1, max-image-preview:large, max-video-preview:-1\" \/>\n<link rel=\"canonical\" href=\"https:\/\/www.hotelvillacappugi.com\/pl\/pokoj-spotkan-pistoia\/\" \/>\n<meta property=\"og:locale\" content=\"pl_PL\" \/>\n<meta property=\"og:type\" content=\"article\" \/>\n<meta property=\"og:title\" content=\"POK\u00d3J SPOTKA\u0143 PISTOIA: Hotel Villa Cappugi\" \/>\n<meta property=\"og:description\" content=\"hotelvillacappugi.com - Pistoia wyposa\u017cona sala konferencyjna, 5 modu\u0142owych i elastycznych sal konferencyjnych w przestrzeniach, kt\u00f3re mog\u0105 wygodnie pomie\u015bci\u0107 do 350 go\u015bci.\" \/>\n<meta property=\"og:url\" content=\"https:\/\/www.hotelvillacappugi.com\/pl\/pokoj-spotkan-pistoia\/\" \/>\n<meta property=\"og:site_name\" content=\"Hotel Villa Cappugi\" \/>\n<meta property=\"article:publisher\" content=\"https:\/\/www.facebook.com\/hotelvillacappugi\/\" \/>\n<meta property=\"article:modified_time\" content=\"2021-12-28T10:34:41+00:00\" \/>\n<meta name=\"twitter:card\" content=\"summary_large_image\" \/>\n<meta name=\"twitter:label1\" content=\"Szacowany czas czytania\" \/>\n\t<meta name=\"twitter:data1\" content=\"2 minuty\" \/>\n<script type=\"application\/ld+json\" class=\"yoast-schema-graph\">{\"@context\":\"https:\/\/schema.org\",\"@graph\":[{\"@type\":\"WebPage\",\"@id\":\"https:\/\/www.hotelvillacappugi.com\/pl\/pokoj-spotkan-pistoia\/\",\"url\":\"https:\/\/www.hotelvillacappugi.com\/pl\/pokoj-spotkan-pistoia\/\",\"name\":\"POK\u00d3J SPOTKA\u0143 PISTOIA: Hotel Villa Cappugi\",\"isPartOf\":{\"@id\":\"https:\/\/www.hotelvillacappugi.com\/pl\/#website\"},\"datePublished\":\"2021-12-15T14:41:15+00:00\",\"dateModified\":\"2021-12-28T10:34:41+00:00\",\"description\":\"hotelvillacappugi.com - Pistoia wyposa\u017cona sala konferencyjna, 5 modu\u0142owych i elastycznych sal konferencyjnych w przestrzeniach, kt\u00f3re mog\u0105 wygodnie pomie\u015bci\u0107 do 350 go\u015bci.\",\"breadcrumb\":{\"@id\":\"https:\/\/www.hotelvillacappugi.com\/pl\/pokoj-spotkan-pistoia\/#breadcrumb\"},\"inLanguage\":\"pl-PL\",\"potentialAction\":[{\"@type\":\"ReadAction\",\"target\":[\"https:\/\/www.hotelvillacappugi.com\/pl\/pokoj-spotkan-pistoia\/\"]}]},{\"@type\":\"BreadcrumbList\",\"@id\":\"https:\/\/www.hotelvillacappugi.com\/pl\/pokoj-spotkan-pistoia\/#breadcrumb\",\"itemListElement\":[{\"@type\":\"ListItem\",\"position\":1,\"name\":\"Home\",\"item\":\"https:\/\/www.hotelvillacappugi.com\/pl\/\"},{\"@type\":\"ListItem\",\"position\":2,\"name\":\"Pokoj spotkan Pistoia\"}]},{\"@type\":\"WebSite\",\"@id\":\"https:\/\/www.hotelvillacappugi.com\/pl\/#website\",\"url\":\"https:\/\/www.hotelvillacappugi.com\/pl\/\",\"name\":\"Hotel Villa Cappugi\",\"description\":\"Hotel 4 Stelle a Pistoia\",\"publisher\":{\"@id\":\"https:\/\/www.hotelvillacappugi.com\/pl\/#organization\"},\"potentialAction\":[{\"@type\":\"SearchAction\",\"target\":{\"@type\":\"EntryPoint\",\"urlTemplate\":\"https:\/\/www.hotelvillacappugi.com\/pl\/?s={search_term_string}\"},\"query-input\":{\"@type\":\"PropertyValueSpecification\",\"valueRequired\":true,\"valueName\":\"search_term_string\"}}],\"inLanguage\":\"pl-PL\"},{\"@type\":\"Organization\",\"@id\":\"https:\/\/www.hotelvillacappugi.com\/pl\/#organization\",\"name\":\"Hotel Villa Cappugi\",\"url\":\"https:\/\/www.hotelvillacappugi.com\/pl\/\",\"logo\":{\"@type\":\"ImageObject\",\"inLanguage\":\"pl-PL\",\"@id\":\"https:\/\/www.hotelvillacappugi.com\/pl\/#\/schema\/logo\/image\/\",\"url\":\"http:\/\/www.hotelvillacappugi.com\/wp-content\/uploads\/2018\/10\/Logo-Villa-Cappugi.png\",\"contentUrl\":\"http:\/\/www.hotelvillacappugi.com\/wp-content\/uploads\/2018\/10\/Logo-Villa-Cappugi.png\",\"width\":200,\"height\":122,\"caption\":\"Hotel Villa Cappugi\"},\"image\":{\"@id\":\"https:\/\/www.hotelvillacappugi.com\/pl\/#\/schema\/logo\/image\/\"},\"sameAs\":[\"https:\/\/www.facebook.com\/hotelvillacappugi\/\",\"https:\/\/www.instagram.com\/villacappugipistoia\/\"]}]}<\/script>\n<!-- \/ Yoast SEO plugin. -->","yoast_head_json":{"title":"POK\u00d3J SPOTKA\u0143 PISTOIA: Hotel Villa Cappugi","description":"hotelvillacappugi.com - Pistoia wyposa\u017cona sala konferencyjna, 5 modu\u0142owych i elastycznych sal konferencyjnych w przestrzeniach, kt\u00f3re mog\u0105 wygodnie pomie\u015bci\u0107 do 350 go\u015bci.","robots":{"index":"index","follow":"follow","max-snippet":"max-snippet:-1","max-image-preview":"max-image-preview:large","max-video-preview":"max-video-preview:-1"},"canonical":"https:\/\/www.hotelvillacappugi.com\/pl\/pokoj-spotkan-pistoia\/","og_locale":"pl_PL","og_type":"article","og_title":"POK\u00d3J SPOTKA\u0143 PISTOIA: Hotel Villa Cappugi","og_description":"hotelvillacappugi.com - Pistoia wyposa\u017cona sala konferencyjna, 5 modu\u0142owych i elastycznych sal konferencyjnych w przestrzeniach, kt\u00f3re mog\u0105 wygodnie pomie\u015bci\u0107 do 350 go\u015bci.","og_url":"https:\/\/www.hotelvillacappugi.com\/pl\/pokoj-spotkan-pistoia\/","og_site_name":"Hotel Villa Cappugi","article_publisher":"https:\/\/www.facebook.com\/hotelvillacappugi\/","article_modified_time":"2021-12-28T10:34:41+00:00","twitter_card":"summary_large_image","twitter_misc":{"Szacowany czas czytania":"2 minuty"},"schema":{"@context":"https:\/\/schema.org","@graph":[{"@type":"WebPage","@id":"https:\/\/www.hotelvillacappugi.com\/pl\/pokoj-spotkan-pistoia\/","url":"https:\/\/www.hotelvillacappugi.com\/pl\/pokoj-spotkan-pistoia\/","name":"POK\u00d3J SPOTKA\u0143 PISTOIA: Hotel Villa Cappugi","isPartOf":{"@id":"https:\/\/www.hotelvillacappugi.com\/pl\/#website"},"datePublished":"2021-12-15T14:41:15+00:00","dateModified":"2021-12-28T10:34:41+00:00","description":"hotelvillacappugi.com - Pistoia wyposa\u017cona sala konferencyjna, 5 modu\u0142owych i elastycznych sal konferencyjnych w przestrzeniach, kt\u00f3re mog\u0105 wygodnie pomie\u015bci\u0107 do 350 go\u015bci.","breadcrumb":{"@id":"https:\/\/www.hotelvillacappugi.com\/pl\/pokoj-spotkan-pistoia\/#breadcrumb"},"inLanguage":"pl-PL","potentialAction":[{"@type":"ReadAction","target":["https:\/\/www.hotelvillacappugi.com\/pl\/pokoj-spotkan-pistoia\/"]}]},{"@type":"BreadcrumbList","@id":"https:\/\/www.hotelvillacappugi.com\/pl\/pokoj-spotkan-pistoia\/#breadcrumb","itemListElement":[{"@type":"ListItem","position":1,"name":"Home","item":"https:\/\/www.hotelvillacappugi.com\/pl\/"},{"@type":"ListItem","position":2,"name":"Pokoj spotkan Pistoia"}]},{"@type":"WebSite","@id":"https:\/\/www.hotelvillacappugi.com\/pl\/#website","url":"https:\/\/www.hotelvillacappugi.com\/pl\/","name":"Hotel Villa Cappugi","description":"Hotel 4 Stelle a Pistoia","publisher":{"@id":"https:\/\/www.hotelvillacappugi.com\/pl\/#organization"},"potentialAction":[{"@type":"SearchAction","target":{"@type":"EntryPoint","urlTemplate":"https:\/\/www.hotelvillacappugi.com\/pl\/?s={search_term_string}"},"query-input":{"@type":"PropertyValueSpecification","valueRequired":true,"valueName":"search_term_string"}}],"inLanguage":"pl-PL"},{"@type":"Organization","@id":"https:\/\/www.hotelvillacappugi.com\/pl\/#organization","name":"Hotel Villa Cappugi","url":"https:\/\/www.hotelvillacappugi.com\/pl\/","logo":{"@type":"ImageObject","inLanguage":"pl-PL","@id":"https:\/\/www.hotelvillacappugi.com\/pl\/#\/schema\/logo\/image\/","url":"http:\/\/www.hotelvillacappugi.com\/wp-content\/uploads\/2018\/10\/Logo-Villa-Cappugi.png","contentUrl":"http:\/\/www.hotelvillacappugi.com\/wp-content\/uploads\/2018\/10\/Logo-Villa-Cappugi.png","width":200,"height":122,"caption":"Hotel Villa Cappugi"},"image":{"@id":"https:\/\/www.hotelvillacappugi.com\/pl\/#\/schema\/logo\/image\/"},"sameAs":["https:\/\/www.facebook.com\/hotelvillacappugi\/","https:\/\/www.instagram.com\/villacappugipistoia\/"]}]}},"_links":{"self":[{"href":"https:\/\/www.hotelvillacappugi.com\/pl\/wp-json\/wp\/v2\/pages\/26496","targetHints":{"allow":["GET"]}}],"collection":[{"href":"https:\/\/www.hotelvillacappugi.com\/pl\/wp-json\/wp\/v2\/pages"}],"about":[{"href":"https:\/\/www.hotelvillacappugi.com\/pl\/wp-json\/wp\/v2\/types\/page"}],"author":[{"embeddable":true,"href":"https:\/\/www.hotelvillacappugi.com\/pl\/wp-json\/wp\/v2\/users\/1"}],"replies":[{"embeddable":true,"href":"https:\/\/www.hotelvillacappugi.com\/pl\/wp-json\/wp\/v2\/comments?post=26496"}],"version-history":[{"count":0,"href":"https:\/\/www.hotelvillacappugi.com\/pl\/wp-json\/wp\/v2\/pages\/26496\/revisions"}],"wp:attachment":[{"href":"https:\/\/www.hotelvillacappugi.com\/pl\/wp-json\/wp\/v2\/media?parent=26496"}],"curies":[{"name":"wp","href":"https:\/\/api.w.org\/{rel}","templated":true}]}}