{"id":26159,"date":"2021-12-15T13:59:21","date_gmt":"2021-12-15T12:59:21","guid":{"rendered":"http:\/\/www.hotelvillacappugi.com\/ristorante-pistoia\/"},"modified":"2021-12-27T11:53:31","modified_gmt":"2021-12-27T10:53:31","slug":"restauracja-pistoia","status":"publish","type":"page","link":"https:\/\/www.hotelvillacappugi.com\/pl\/restauracja-pistoia\/","title":{"rendered":"Restauracja"},"content":{"rendered":"<p>[vc_row full_width=&#8221;stretch_row&#8221; parallax=&#8221;content-moving&#8221; parallax_image=&#8221;3109&#8243; parallax_speed_bg=&#8221;2.5&#8243; bg_media_opacity=&#8221;0.4&#8243; css=&#8221;.vc_custom_1639668445822{padding-top: 250px !important;padding-bottom: 250px !important;background-color: #544343 !important;}&#8221; el_class=&#8221;patternbg&#8221;][vc_column offset=&#8221;vc_col-lg-offset-2 vc_col-lg-8&#8243;][vc_column_text]<\/p>\n<h3 style=\"text-align: center;\"><span style=\"color: #ffffff;\">Restauracja Collegigliato<\/span><\/h3>\n<p style=\"text-align: center;\"><span style=\"color: #ffffff;\">Restauracja Collegigliato w Pistoia, po\u0142o\u017cona tu\u017c przed hotelem Villa Cappugi, oferuje wszystkim swoim go\u015bciom dania kuchni toska\u0144skiej z nowoczesnymi akcentami.<\/span><\/p>\n<p>[\/vc_column_text][\/vc_column][\/vc_row][vc_row css=&#8221;.vc_custom_1639566544018{margin-top: 0px !important;padding-top: 0px !important;}&#8221;][vc_column width=&#8221;1\/4&#8243;][\/vc_column][vc_column width=&#8221;1\/2&#8243;][vc_column_text css=&#8221;.vc_custom_1640592154428{padding-top: 50px !important;}&#8221;]<\/p>\n<p style=\"text-align: center;\">Z oryginalnymi kombinacjami pysznych smak\u00f3w w towarzystwie doskona\u0142ego wyboru lokalnych win, z ponad <strong> 200 etykietami, w tym toska\u0144skimi czerwonymi i bia\u0142ymi <\/strong> i regionalnymi W\u0142ochami.<\/p>\n<p style=\"text-align: center;\">Restauracja przywi\u0105zuje <strong> wielk\u0105 wag\u0119 do jako\u015bci produkt\u00f3w <\/strong>, zawsze \u015bwie\u017cych i najwy\u017cszej jako\u015bci, aby zapewni\u0107 dania o niepowtarzalnym smaku, kt\u00f3re w pe\u0142ni reprezentuj\u0105 Terytorium Toskanii.<\/p>\n<p>[\/vc_column_text][\/vc_column][vc_column width=&#8221;1\/4&#8243;][\/vc_column][\/vc_row][vc_row full_width=&#8221;stretch_row_content&#8221;][vc_column][vc_media_grid element_width=&#8221;3&#8243; gap=&#8221;10&#8243; grid_id=&#8221;vc_gid:1640592621644-bfc858f2-f716-10&#8243; include=&#8221;3100,3101,3097,3102&#8243;][\/vc_column][\/vc_row][vc_row][vc_column width=&#8221;1\/4&#8243;][\/vc_column][vc_column width=&#8221;1\/2&#8243;][vc_column_text]<\/p>\n<h5 style=\"text-align: center;\"><span style=\"color: #09355c;\">LOKALIZACJE<\/span><\/h5>\n<p>[\/vc_column_text][vc_separator color=&#8221;custom&#8221; border_width=&#8221;2&#8243; el_width=&#8221;10&#8243; accent_color=&#8221;#09355c&#8221;][vc_column_text]<\/p>\n<p style=\"text-align: center;\">Staro\u017cytne sale restauracji dobrze nadaj\u0105 si\u0119 na kameralne powitanie na ma\u0142e imprezy lub romantyczne kolacje, ale tak\u017ce na wszelkiego rodzaju imprezy i mo\u017cna wybiera\u0107 mi\u0119dzy bardzo jasn\u0105 werand\u0105, ogrodem Oliwnym, Hag\u0105 lub bardzo eleganckimi salami wewn\u0119trznymi .<\/p>\n<p>[\/vc_column_text][\/vc_column][vc_column width=&#8221;1\/4&#8243;][\/vc_column][\/vc_row][vc_row full_width=&#8221;stretch_row&#8221; parallax=&#8221;content-moving&#8221; parallax_image=&#8221;3101&#8243; parallax_speed_bg=&#8221;2.5&#8243; bg_media_opacity=&#8221;0.4&#8243; css=&#8221;.vc_custom_1639574995317{margin-top: 50px !important;padding-top: 150px !important;background-color: #544a4a !important;}&#8221;][vc_column width=&#8221;2\/3&#8243; offset=&#8221;vc_col-lg-offset-2 vc_col-lg-8&#8243;][vc_column_text]<\/p>\n<h4 style=\"text-align: center;\"><span style=\"color: #ffffff;\"><strong>Restauracja w Pistoia Collegigliato<\/strong> na Twoje imprezy jest idealnym miejscem, poniewa\u017c organizuje bufety, bankiety, uroczyste kolacje lub lunche biznesowe dla go\u015bci biznesowych.<\/span><\/h4>\n<p>[\/vc_column_text][vc_btn title=&#8221;SKONTAKTUJ SI\u0118 Z NAMI&#8221; style=&#8221;classic&#8221; shape=&#8221;round&#8221; color=&#8221;default&#8221; size=&#8221;lg&#8221; align=&#8221;center&#8221; css=&#8221;.vc_custom_1640591658976{padding-top: 30px !important;}&#8221; link=&#8221;url:http%3A%2F%2Fwww.hotelvillacappugi.com%2Fpl%2Fczterogwiazdkowy-hotel-pistoia%2F|title:SKONTAKTUJ%20SI%C4%98%20Z%20NAMI&#8221;][\/vc_column][\/vc_row][vc_row][vc_column][vc_column_text]<\/p>\n<h5 style=\"text-align: center;\"><span style=\"color: #09355c;\">ZAPYTAJ O DOST\u0118PNO\u015a\u0106<br \/>\n<\/span><\/h5>\n<p>[\/vc_column_text][vc_separator color=&#8221;custom&#8221; border_width=&#8221;2&#8243; el_width=&#8221;10&#8243; accent_color=&#8221;#09355c&#8221;][vc_row_inner][vc_column_inner width=&#8221;1\/6&#8243;][\/vc_column_inner][vc_column_inner width=&#8221;2\/3&#8243;]\n<div class=\"wpcf7 no-js\" id=\"wpcf7-f20491-o1\" lang=\"it-IT\" dir=\"ltr\" data-wpcf7-id=\"20491\">\n<div class=\"screen-reader-response\"><p role=\"status\" aria-live=\"polite\" aria-atomic=\"true\"><\/p> <ul><\/ul><\/div>\n<form action=\"\/pl\/wp-json\/wp\/v2\/pages\/26159#wpcf7-f20491-o1\" method=\"post\" class=\"wpcf7-form init wpcf7-acceptance-as-validation\" aria-label=\"Modulo di contatto\" novalidate=\"novalidate\" data-status=\"init\">\n<fieldset class=\"hidden-fields-container\"><input type=\"hidden\" name=\"_wpcf7\" value=\"20491\" \/><input type=\"hidden\" name=\"_wpcf7_version\" value=\"6.1.2\" \/><input type=\"hidden\" name=\"_wpcf7_locale\" value=\"it_IT\" \/><input type=\"hidden\" name=\"_wpcf7_unit_tag\" value=\"wpcf7-f20491-o1\" \/><input type=\"hidden\" name=\"_wpcf7_container_post\" value=\"0\" \/><input type=\"hidden\" name=\"_wpcf7_posted_data_hash\" value=\"\" \/><input type=\"hidden\" name=\"_wpcf7dtx_version\" value=\"5.0.3\" \/><input type=\"hidden\" name=\"_wpcf7_recaptcha_response\" value=\"\" \/>\n<\/fieldset>\n<div class=\"row form-group\">\n\t<div class=\"col-md-6\">\n\t\t<div class=\"form-col\">\n\t\t\t<p><span class=\"wpcf7-form-control-wrap\" data-name=\"nome\"><input size=\"40\" maxlength=\"400\" class=\"wpcf7-form-control wpcf7-text wpcf7-validates-as-required\" aria-required=\"true\" aria-invalid=\"false\" placeholder=\"Imi\u0119\" value=\"\" type=\"text\" name=\"nome\" \/><\/span>\n\t\t\t<\/p>\n\t\t<\/div>\n\t<\/div>\n\t<div class=\"col-md-6\">\n\t\t<div class=\"form-col\">\n\t\t\t<p><span class=\"wpcf7-form-control-wrap\" data-name=\"cognome\"><input size=\"40\" maxlength=\"400\" class=\"wpcf7-form-control wpcf7-text wpcf7-validates-as-required\" aria-required=\"true\" aria-invalid=\"false\" placeholder=\"Nazwisko\" value=\"\" type=\"text\" name=\"cognome\" \/><\/span>\n\t\t\t<\/p>\n\t\t<\/div>\n\t<\/div>\n<\/div>\n<div class=\"row form-group\">\n\t<div class=\"col-md-6\">\n\t\t<div class=\"form-col\">\n\t\t\t<p><span class=\"wpcf7-form-control-wrap\" data-name=\"email\"><input size=\"40\" maxlength=\"400\" class=\"wpcf7-form-control wpcf7-email wpcf7-validates-as-required wpcf7-text wpcf7-validates-as-email\" aria-required=\"true\" aria-invalid=\"false\" placeholder=\"Email\" value=\"\" type=\"email\" name=\"email\" \/><\/span>\n\t\t\t<\/p>\n\t\t<\/div>\n\t<\/div>\n\t<div class=\"col-md-6\">\n\t\t<div class=\"form-col\">\n\t\t\t<p><span class=\"wpcf7-form-control-wrap\" data-name=\"telefono\"><input size=\"40\" maxlength=\"400\" class=\"wpcf7-form-control wpcf7-text wpcf7-validates-as-required\" aria-required=\"true\" aria-invalid=\"false\" placeholder=\"Telefon\" value=\"\" type=\"text\" name=\"telefono\" \/><\/span>\n\t\t\t<\/p>\n\t\t<\/div>\n\t<\/div>\n<\/div>\n<div class=\"row form-group\">\n\t<div class=\"col-md-4\">\n\t\t<div class=\"form-col\">\n\t\t\t<p>Dzie\u0144\n\t\t\t<\/p>\n\t\t\t<p><span class=\"wpcf7-form-control-wrap\" data-name=\"arrivo\"><input class=\"wpcf7-form-control wpcf7-date wpcf7-validates-as-date\" aria-invalid=\"false\" placeholder=\"Check In\" value=\"\" type=\"date\" name=\"arrivo\" \/><\/span>\n\t\t\t<\/p>\n\t\t<\/div>\n\t<\/div>\n\t<div class=\"col-md-4\">\n\t\t<div class=\"form-col\">\n\t\t\t<p>Lunch \/ Obiad\n\t\t\t<\/p>\n\t\t\t<p><span class=\"wpcf7-form-control-wrap\" data-name=\"occasione\"><select class=\"wpcf7-form-control wpcf7-select\" aria-invalid=\"false\" name=\"occasione\"><option value=\"\">&#8212;Seleziona un&#039;opzione&#8212;<\/option><option value=\"Lunch\">Lunch<\/option><option value=\"Obiad\">Obiad<\/option><\/select><\/span>\n\t\t\t<\/p>\n\t\t<\/div>\n\t<\/div>\n\t<div class=\"col-md-4\">\n\t\t<div class=\"form-col\">\n\t\t\t<p>Liczba os\u00f3b\n\t\t\t<\/p>\n\t\t\t<p><span class=\"wpcf7-form-control-wrap\" data-name=\"coperti\"><select class=\"wpcf7-form-control wpcf7-select\" aria-invalid=\"false\" name=\"coperti\"><option value=\"\">&#8212;Seleziona un&#039;opzione&#8212;<\/option><option value=\"1\">1<\/option><option value=\"2\">2<\/option><option value=\"3\">3<\/option><option value=\"4\">4<\/option><option value=\"5\">5<\/option><option value=\"6\">6<\/option><option value=\"7\">7<\/option><option value=\"8\">8<\/option><option value=\"9\">9<\/option><option value=\"10\">10<\/option><option value=\"11\">11<\/option><option value=\"12\">12<\/option><option value=\"ponad 12 os\u00f3b\">ponad 12 os\u00f3b<\/option><\/select><\/span>\n\t\t\t<\/p>\n\t\t<\/div>\n\t<\/div>\n<\/div>\n<div class=\"row form-group\">\n\t<div class=\"col-md-12\">\n\t\t<div class=\"form-col\">\n\t\t\t<p><span class=\"wpcf7-form-control-wrap\" data-name=\"messaggio\"><textarea cols=\"40\" rows=\"6\" maxlength=\"2000\" class=\"wpcf7-form-control wpcf7-textarea\" aria-invalid=\"false\" placeholder=\"Szczeg\u00f3\u0142y \u017c\u0105dania\" name=\"messaggio\"><\/textarea><\/span>\n\t\t\t<\/p>\n\t\t<\/div>\n\t<\/div>\n<\/div>\n<div class=\"row form-group\">\n\t<div class=\"col-md-12\">\n\t\t<div class=\"form-col\">\n\t\t\t<p><span class=\"wpcf7-form-control-wrap\" data-name=\"privacy\"><span class=\"wpcf7-form-control wpcf7-acceptance\"><span class=\"wpcf7-list-item\"><label><input type=\"checkbox\" name=\"privacy\" value=\"1\" aria-invalid=\"false\" \/><span class=\"wpcf7-list-item-label\">Upowa\u017cniam witryn\u0119 do zarz\u0105dzania moimi danymi w celu odpowiedzi na moj\u0105 pro\u015bb\u0119. Dane mog\u0105 by\u0107 zapisywane w tej witrynie, ale mo\u017cna za\u017c\u0105da\u0107 ich anulowania zgodnie z opisem na <a href=\"\/privacy\/\" target=\"_blank\" title=\"Prywatno\u015b\u0107\"> Prywatno\u015b\u0107 <\/a><\/span><\/label><\/span><\/span><\/span>\n\t\t\t<\/p>\n\t\t<\/div>\n\t<\/div>\n<\/div>\n<div class=\"row form-group\">\n\t<div class=\"col-md-12\">\n\t\t<div class=\"form-col\">\n\t\t\t<p><input class=\"wpcf7-form-control wpcf7-submit has-spinner milenia-btn milenia-btn--scheme-dark milenia-btn--unbordered\" type=\"submit\" value=\"WYS\u0141A\u0106\" \/>\n\t\t\t<\/p>\n\t\t<\/div>\n\t<\/div>\n<\/div><div class=\"wpcf7-response-output\" aria-hidden=\"true\"><\/div>\n<\/form>\n<\/div>\n[\/vc_column_inner][vc_column_inner width=&#8221;1\/6&#8243;][\/vc_column_inner][\/vc_row_inner][\/vc_column][\/vc_row]<\/p>\n","protected":false},"excerpt":{"rendered":"<p>[vc_row full_width=&#8221;stretch_row&#8221; parallax=&#8221;content-moving&#8221; parallax_image=&#8221;3109&#8243; parallax_speed_bg=&#8221;2.5&#8243; bg_media_opacity=&#8221;0.4&#8243; css=&#8221;.vc_custom_1639668445822{padding-top: 250px !important;padding-bottom: 250px !important;background-color: #544343 !important;}&#8221; el_class=&#8221;patternbg&#8221;][vc_column offset=&#8221;vc_col-lg-offset-2 vc_col-lg-8&#8243;][vc_column_text] Restauracja Collegigliato&#8230;<\/p>\n","protected":false},"author":1,"featured_media":0,"parent":0,"menu_order":78,"comment_status":"closed","ping_status":"closed","template":"","meta":{"footnotes":""},"class_list":["post-26159","page","type-page","status-publish","hentry"],"yoast_head":"<!-- This site is optimized with the Yoast SEO plugin v26.1 - https:\/\/yoast.com\/wordpress\/plugins\/seo\/ -->\n<title>RESTAURACJA PISTOIA COLLEGIGLIATO: Hotel Villa Cappugi<\/title>\n<meta name=\"description\" content=\"hotelvillacappugi.com - restauracja Pistoia ColleGigliato, kuchnia toska\u0144ska od\u015bwie\u017cona w nowoczesny spos\u00f3b z oryginalnymi po\u0142\u0105czeniami nowych i pysznych smak\u00f3w\" \/>\n<meta name=\"robots\" content=\"index, follow, max-snippet:-1, max-image-preview:large, max-video-preview:-1\" \/>\n<link rel=\"canonical\" href=\"https:\/\/www.hotelvillacappugi.com\/pl\/restauracja-pistoia\/\" \/>\n<meta property=\"og:locale\" content=\"pl_PL\" \/>\n<meta property=\"og:type\" content=\"article\" \/>\n<meta property=\"og:title\" content=\"RESTAURACJA PISTOIA COLLEGIGLIATO: Hotel Villa Cappugi\" \/>\n<meta property=\"og:description\" content=\"hotelvillacappugi.com - restauracja Pistoia ColleGigliato, kuchnia toska\u0144ska od\u015bwie\u017cona w nowoczesny spos\u00f3b z oryginalnymi po\u0142\u0105czeniami nowych i pysznych smak\u00f3w\" \/>\n<meta property=\"og:url\" content=\"https:\/\/www.hotelvillacappugi.com\/pl\/restauracja-pistoia\/\" \/>\n<meta property=\"og:site_name\" content=\"Hotel Villa Cappugi\" \/>\n<meta property=\"article:publisher\" content=\"https:\/\/www.facebook.com\/hotelvillacappugi\/\" \/>\n<meta property=\"article:modified_time\" content=\"2021-12-27T10:53:31+00:00\" \/>\n<meta name=\"twitter:card\" content=\"summary_large_image\" \/>\n<meta name=\"twitter:label1\" content=\"Szacowany czas czytania\" \/>\n\t<meta name=\"twitter:data1\" content=\"2 minuty\" \/>\n<script type=\"application\/ld+json\" class=\"yoast-schema-graph\">{\"@context\":\"https:\/\/schema.org\",\"@graph\":[{\"@type\":\"WebPage\",\"@id\":\"https:\/\/www.hotelvillacappugi.com\/pl\/restauracja-pistoia\/\",\"url\":\"https:\/\/www.hotelvillacappugi.com\/pl\/restauracja-pistoia\/\",\"name\":\"RESTAURACJA PISTOIA COLLEGIGLIATO: Hotel Villa Cappugi\",\"isPartOf\":{\"@id\":\"https:\/\/www.hotelvillacappugi.com\/pl\/#website\"},\"datePublished\":\"2021-12-15T12:59:21+00:00\",\"dateModified\":\"2021-12-27T10:53:31+00:00\",\"description\":\"hotelvillacappugi.com - restauracja Pistoia ColleGigliato, kuchnia toska\u0144ska od\u015bwie\u017cona w nowoczesny spos\u00f3b z oryginalnymi po\u0142\u0105czeniami nowych i pysznych smak\u00f3w\",\"breadcrumb\":{\"@id\":\"https:\/\/www.hotelvillacappugi.com\/pl\/restauracja-pistoia\/#breadcrumb\"},\"inLanguage\":\"pl-PL\",\"potentialAction\":[{\"@type\":\"ReadAction\",\"target\":[\"https:\/\/www.hotelvillacappugi.com\/pl\/restauracja-pistoia\/\"]}]},{\"@type\":\"BreadcrumbList\",\"@id\":\"https:\/\/www.hotelvillacappugi.com\/pl\/restauracja-pistoia\/#breadcrumb\",\"itemListElement\":[{\"@type\":\"ListItem\",\"position\":1,\"name\":\"Home\",\"item\":\"https:\/\/www.hotelvillacappugi.com\/pl\/\"},{\"@type\":\"ListItem\",\"position\":2,\"name\":\"Restauracja\"}]},{\"@type\":\"WebSite\",\"@id\":\"https:\/\/www.hotelvillacappugi.com\/pl\/#website\",\"url\":\"https:\/\/www.hotelvillacappugi.com\/pl\/\",\"name\":\"Hotel Villa Cappugi\",\"description\":\"Hotel 4 Stelle a Pistoia\",\"publisher\":{\"@id\":\"https:\/\/www.hotelvillacappugi.com\/pl\/#organization\"},\"potentialAction\":[{\"@type\":\"SearchAction\",\"target\":{\"@type\":\"EntryPoint\",\"urlTemplate\":\"https:\/\/www.hotelvillacappugi.com\/pl\/?s={search_term_string}\"},\"query-input\":{\"@type\":\"PropertyValueSpecification\",\"valueRequired\":true,\"valueName\":\"search_term_string\"}}],\"inLanguage\":\"pl-PL\"},{\"@type\":\"Organization\",\"@id\":\"https:\/\/www.hotelvillacappugi.com\/pl\/#organization\",\"name\":\"Hotel Villa Cappugi\",\"url\":\"https:\/\/www.hotelvillacappugi.com\/pl\/\",\"logo\":{\"@type\":\"ImageObject\",\"inLanguage\":\"pl-PL\",\"@id\":\"https:\/\/www.hotelvillacappugi.com\/pl\/#\/schema\/logo\/image\/\",\"url\":\"http:\/\/www.hotelvillacappugi.com\/wp-content\/uploads\/2018\/10\/Logo-Villa-Cappugi.png\",\"contentUrl\":\"http:\/\/www.hotelvillacappugi.com\/wp-content\/uploads\/2018\/10\/Logo-Villa-Cappugi.png\",\"width\":200,\"height\":122,\"caption\":\"Hotel Villa Cappugi\"},\"image\":{\"@id\":\"https:\/\/www.hotelvillacappugi.com\/pl\/#\/schema\/logo\/image\/\"},\"sameAs\":[\"https:\/\/www.facebook.com\/hotelvillacappugi\/\",\"https:\/\/www.instagram.com\/villacappugipistoia\/\"]}]}<\/script>\n<!-- \/ Yoast SEO plugin. -->","yoast_head_json":{"title":"RESTAURACJA PISTOIA COLLEGIGLIATO: Hotel Villa Cappugi","description":"hotelvillacappugi.com - restauracja Pistoia ColleGigliato, kuchnia toska\u0144ska od\u015bwie\u017cona w nowoczesny spos\u00f3b z oryginalnymi po\u0142\u0105czeniami nowych i pysznych smak\u00f3w","robots":{"index":"index","follow":"follow","max-snippet":"max-snippet:-1","max-image-preview":"max-image-preview:large","max-video-preview":"max-video-preview:-1"},"canonical":"https:\/\/www.hotelvillacappugi.com\/pl\/restauracja-pistoia\/","og_locale":"pl_PL","og_type":"article","og_title":"RESTAURACJA PISTOIA COLLEGIGLIATO: Hotel Villa Cappugi","og_description":"hotelvillacappugi.com - restauracja Pistoia ColleGigliato, kuchnia toska\u0144ska od\u015bwie\u017cona w nowoczesny spos\u00f3b z oryginalnymi po\u0142\u0105czeniami nowych i pysznych smak\u00f3w","og_url":"https:\/\/www.hotelvillacappugi.com\/pl\/restauracja-pistoia\/","og_site_name":"Hotel Villa Cappugi","article_publisher":"https:\/\/www.facebook.com\/hotelvillacappugi\/","article_modified_time":"2021-12-27T10:53:31+00:00","twitter_card":"summary_large_image","twitter_misc":{"Szacowany czas czytania":"2 minuty"},"schema":{"@context":"https:\/\/schema.org","@graph":[{"@type":"WebPage","@id":"https:\/\/www.hotelvillacappugi.com\/pl\/restauracja-pistoia\/","url":"https:\/\/www.hotelvillacappugi.com\/pl\/restauracja-pistoia\/","name":"RESTAURACJA PISTOIA COLLEGIGLIATO: Hotel Villa Cappugi","isPartOf":{"@id":"https:\/\/www.hotelvillacappugi.com\/pl\/#website"},"datePublished":"2021-12-15T12:59:21+00:00","dateModified":"2021-12-27T10:53:31+00:00","description":"hotelvillacappugi.com - restauracja Pistoia ColleGigliato, kuchnia toska\u0144ska od\u015bwie\u017cona w nowoczesny spos\u00f3b z oryginalnymi po\u0142\u0105czeniami nowych i pysznych smak\u00f3w","breadcrumb":{"@id":"https:\/\/www.hotelvillacappugi.com\/pl\/restauracja-pistoia\/#breadcrumb"},"inLanguage":"pl-PL","potentialAction":[{"@type":"ReadAction","target":["https:\/\/www.hotelvillacappugi.com\/pl\/restauracja-pistoia\/"]}]},{"@type":"BreadcrumbList","@id":"https:\/\/www.hotelvillacappugi.com\/pl\/restauracja-pistoia\/#breadcrumb","itemListElement":[{"@type":"ListItem","position":1,"name":"Home","item":"https:\/\/www.hotelvillacappugi.com\/pl\/"},{"@type":"ListItem","position":2,"name":"Restauracja"}]},{"@type":"WebSite","@id":"https:\/\/www.hotelvillacappugi.com\/pl\/#website","url":"https:\/\/www.hotelvillacappugi.com\/pl\/","name":"Hotel Villa Cappugi","description":"Hotel 4 Stelle a Pistoia","publisher":{"@id":"https:\/\/www.hotelvillacappugi.com\/pl\/#organization"},"potentialAction":[{"@type":"SearchAction","target":{"@type":"EntryPoint","urlTemplate":"https:\/\/www.hotelvillacappugi.com\/pl\/?s={search_term_string}"},"query-input":{"@type":"PropertyValueSpecification","valueRequired":true,"valueName":"search_term_string"}}],"inLanguage":"pl-PL"},{"@type":"Organization","@id":"https:\/\/www.hotelvillacappugi.com\/pl\/#organization","name":"Hotel Villa Cappugi","url":"https:\/\/www.hotelvillacappugi.com\/pl\/","logo":{"@type":"ImageObject","inLanguage":"pl-PL","@id":"https:\/\/www.hotelvillacappugi.com\/pl\/#\/schema\/logo\/image\/","url":"http:\/\/www.hotelvillacappugi.com\/wp-content\/uploads\/2018\/10\/Logo-Villa-Cappugi.png","contentUrl":"http:\/\/www.hotelvillacappugi.com\/wp-content\/uploads\/2018\/10\/Logo-Villa-Cappugi.png","width":200,"height":122,"caption":"Hotel Villa Cappugi"},"image":{"@id":"https:\/\/www.hotelvillacappugi.com\/pl\/#\/schema\/logo\/image\/"},"sameAs":["https:\/\/www.facebook.com\/hotelvillacappugi\/","https:\/\/www.instagram.com\/villacappugipistoia\/"]}]}},"_links":{"self":[{"href":"https:\/\/www.hotelvillacappugi.com\/pl\/wp-json\/wp\/v2\/pages\/26159","targetHints":{"allow":["GET"]}}],"collection":[{"href":"https:\/\/www.hotelvillacappugi.com\/pl\/wp-json\/wp\/v2\/pages"}],"about":[{"href":"https:\/\/www.hotelvillacappugi.com\/pl\/wp-json\/wp\/v2\/types\/page"}],"author":[{"embeddable":true,"href":"https:\/\/www.hotelvillacappugi.com\/pl\/wp-json\/wp\/v2\/users\/1"}],"replies":[{"embeddable":true,"href":"https:\/\/www.hotelvillacappugi.com\/pl\/wp-json\/wp\/v2\/comments?post=26159"}],"version-history":[{"count":0,"href":"https:\/\/www.hotelvillacappugi.com\/pl\/wp-json\/wp\/v2\/pages\/26159\/revisions"}],"wp:attachment":[{"href":"https:\/\/www.hotelvillacappugi.com\/pl\/wp-json\/wp\/v2\/media?parent=26159"}],"curies":[{"name":"wp","href":"https:\/\/api.w.org\/{rel}","templated":true}]}}