{"id":26108,"date":"2021-12-10T11:43:00","date_gmt":"2021-12-10T10:43:00","guid":{"rendered":"http:\/\/www.hotelvillacappugi.com\/camere-pistoia\/"},"modified":"2021-12-27T11:59:06","modified_gmt":"2021-12-27T10:59:06","slug":"pokoje-pistoia","status":"publish","type":"page","link":"https:\/\/www.hotelvillacappugi.com\/pl\/pokoje-pistoia\/","title":{"rendered":"Pokoje Pistoia"},"content":{"rendered":"<p>[vc_row full_width=&#8221;stretch_row&#8221; parallax=&#8221;content-moving&#8221; parallax_image=&#8221;3053&#8243; parallax_speed_bg=&#8221;2.5&#8243; bg_media_opacity=&#8221;0.4&#8243; css=&#8221;.vc_custom_1639668548039{padding-top: 250px !important;padding-bottom: 250px !important;background-color: #544343 !important;}&#8221; el_class=&#8221;patternbg&#8221;][vc_column offset=&#8221;vc_col-lg-offset-2 vc_col-lg-8&#8243;][vc_column_text]<\/p>\n<h3 style=\"text-align: center;\"><span style=\"color: #ffffff;\">Pokoje hotelowe w Pistoie<\/span><\/h3>\n<p style=\"text-align: center;\"><span style=\"color: #ffffff;\">Eleganckie w klasycznym stylu, wszystkie z balkonem i widokiem na wzg\u00f3rza lub basen.<\/span><\/p>\n<p>[\/vc_column_text][\/vc_column][\/vc_row][vc_row][vc_column width=&#8221;1\/6&#8243;][\/vc_column][vc_column width=&#8221;2\/3&#8243;][vc_column_text css=&#8221;.vc_custom_1640257274371{padding-top: 50px !important;}&#8221;]<\/p>\n<p style=\"text-align: center;\">Czterogwiazdkowy hotel Villa Cappugi w Pistoia oferuje 70 eleganckich pokoi w klasycznym stylu i elegancko i funkcjonalnie urz\u0105dzonych.<\/p>\n<p>[\/vc_column_text][\/vc_column][vc_column width=&#8221;1\/6&#8243;][\/vc_column][\/vc_row][vc_row full_width=&#8221;stretch_row_content&#8221; gap=&#8221;10&#8243; css=&#8221;.vc_custom_1640082811782{margin-bottom: 0px !important;padding-right: 5% !important;padding-bottom: 0px !important;padding-left: 5% !important;}&#8221;][vc_column width=&#8221;1\/3&#8243; css=&#8221;.vc_custom_1640082337945{background-color: #f8f8f8 !important;}&#8221;][vc_single_image image=&#8221;3049&#8243; img_size=&#8221;full&#8221;][vc_column_text]<a style=\"color: #1c1c1c !important; font-size: 30px; font-family: 'Cormorant Garamond', serif!important; margin: 20px;\" href=\"http:\/\/www.hotelvillacappugi.com\/junior-suite\/\">Junior Suite<\/a>[\/vc_column_text][vc_btn title=&#8221;Poka\u017c szczeg\u00f3\u0142y&#8221; style=&#8221;outline-custom&#8221; outline_custom_color=&#8221;#666666&#8243; outline_custom_hover_background=&#8221;#666666&#8243; outline_custom_hover_text=&#8221;#ffffff&#8221; shape=&#8221;square&#8221; css=&#8221;.vc_custom_1640257282468{padding-top: 20px !important;padding-bottom: 20px !important;padding-left: 20px !important;}&#8221; link=&#8221;url:http%3A%2F%2Fwww.hotelvillacappugi.com%2Fjunior-suite%2F|&#8221;][\/vc_column][vc_column width=&#8221;1\/3&#8243; css=&#8221;.vc_custom_1640082429121{background-color: #f8f8f8 !important;}&#8221;][vc_single_image image=&#8221;3034&#8243; img_size=&#8221;full&#8221;][vc_column_text]<a style=\"color: #1c1c1c !important; font-size: 30px; font-family: 'Cormorant Garamond', serif!important; margin: 20px;\" href=\"http:\/\/www.hotelvillacappugi.com\/camere-deluxe\/\">Deluxe Rooms<\/a>[\/vc_column_text][vc_btn title=&#8221;Poka\u017c szczeg\u00f3\u0142y&#8221; style=&#8221;outline-custom&#8221; outline_custom_color=&#8221;#666666&#8243; outline_custom_hover_background=&#8221;#666666&#8243; outline_custom_hover_text=&#8221;#ffffff&#8221; shape=&#8221;square&#8221; css=&#8221;.vc_custom_1640257287483{padding-top: 20px !important;padding-bottom: 20px !important;padding-left: 20px !important;}&#8221; link=&#8221;url:http%3A%2F%2Fwww.hotelvillacappugi.com%2Fcamere-deluxe%2F|&#8221;][\/vc_column][vc_column width=&#8221;1\/3&#8243; css=&#8221;.vc_custom_1640082437202{background-color: #f8f8f8 !important;}&#8221;][vc_single_image image=&#8221;3023&#8243; img_size=&#8221;full&#8221;][vc_column_text]<a style=\"color: #1c1c1c !important; font-size: 30px; font-family: 'Cormorant Garamond', serif!important; margin: 20px;\" href=\"http:\/\/www.hotelvillacappugi.com\/camere-classic\/\">Classic Rooms<\/a>[\/vc_column_text][vc_btn title=&#8221;Poka\u017c szczeg\u00f3\u0142y&#8221; style=&#8221;outline-custom&#8221; outline_custom_color=&#8221;#666666&#8243; outline_custom_hover_background=&#8221;#666666&#8243; outline_custom_hover_text=&#8221;#ffffff&#8221; shape=&#8221;square&#8221; css=&#8221;.vc_custom_1640257293355{padding-top: 20px !important;padding-bottom: 20px !important;padding-left: 20px !important;}&#8221; link=&#8221;url:http%3A%2F%2Fwww.hotelvillacappugi.com%2Fcamere-classic%2F|&#8221;][\/vc_column][\/vc_row][vc_row][vc_column][vc_column_text css=&#8221;.vc_custom_1640257324692{padding-top: 50px !important;}&#8221;]<\/p>\n<p style=\"text-align: center;\"><span style=\"color: #333333;\">Nasze \u015bniadanie na dobry pocz\u0105tek.<\/span><\/p>\n<p style=\"text-align: center;\"><span style=\"color: #333333;\">Dost\u0119pne dla wszystkich go\u015bci \u015bniadanie w formie bufetu, pe\u0142ne \u015bwie\u017cych produkt\u00f3w i dla wszystkich smak\u00f3w: rogaliki, herbatniki i ciasta rzemie\u015blnicze, d\u017cemy i mi\u00f3d, jogurty i owoce lub alternatywnie produkty pikantne, takie jak wysokiej jako\u015bci w\u0119dliny i sery.<\/span><\/p>\n<p style=\"text-align: center;\"><span style=\"color: #333333;\">Niezapomniany w\u0142oski i ameryka\u0144ski serwis kawowy z espresso, cappuccino i kaw\u0105 ameryka\u0144sk\u0105.<\/span><\/p>\n<h5 style=\"text-align: center;\"><span style=\"color: #333333; text-decoration: underline;\"><strong>Informacja:<\/strong><\/span><\/h5>\n<p style=\"text-align: center;\"><strong>Wyjazd:<\/strong> przed 12:00<br \/>\n<strong>\u015aniadanie:<\/strong> od 7:00 do 10:30<br \/>\n<strong>Zwierz\u0119ta akceptowane na \u017cyczenie:<\/strong> mo\u017ce zosta\u0107 naliczona dodatkowa op\u0142ata<\/p>\n<p>[\/vc_column_text][\/vc_column][\/vc_row][vc_row full_width=&#8221;stretch_row&#8221; parallax=&#8221;content-moving&#8221; parallax_image=&#8221;3046&#8243; parallax_speed_bg=&#8221;2.5&#8243; bg_media_opacity=&#8221;0.4&#8243; css=&#8221;.vc_custom_1639583754066{margin-top: 50px !important;padding-top: 150px !important;background-color: #544a4a !important;}&#8221;][vc_column width=&#8221;2\/3&#8243; offset=&#8221;vc_col-lg-offset-2 vc_col-lg-8&#8243;][vc_column_text]<\/p>\n<h4 style=\"text-align: center;\"><span style=\"color: #ffffff;\">Staro\u017cytna wiejska willa ze wsp\u00f3\u0142czesnym powitaniem<\/span><\/h4>\n<h4 style=\"text-align: center;\"><span style=\"color: #ffffff;\">Zarezerwuj pobyt ju\u017c teraz<\/span><\/h4>\n<p>[\/vc_column_text][vc_btn title=&#8221;SKONTAKTUJ SI\u0118 Z NAMI&#8221; style=&#8221;classic&#8221; shape=&#8221;round&#8221; color=&#8221;default&#8221; size=&#8221;lg&#8221; align=&#8221;center&#8221; css=&#8221;.vc_custom_1640257357997{padding-top: 30px !important;}&#8221; link=&#8221;url:%2Fpl%2Fczterogwiazdkowy-hotel-pistoia%2F|title:Contatti&#8221;][\/vc_column][\/vc_row]<\/p>\n","protected":false},"excerpt":{"rendered":"<p>[vc_row full_width=&#8221;stretch_row&#8221; parallax=&#8221;content-moving&#8221; parallax_image=&#8221;3053&#8243; parallax_speed_bg=&#8221;2.5&#8243; bg_media_opacity=&#8221;0.4&#8243; css=&#8221;.vc_custom_1639668548039{padding-top: 250px !important;padding-bottom: 250px !important;background-color: #544343 !important;}&#8221; el_class=&#8221;patternbg&#8221;][vc_column offset=&#8221;vc_col-lg-offset-2 vc_col-lg-8&#8243;][vc_column_text] Pokoje hotelowe&#8230;<\/p>\n","protected":false},"author":1,"featured_media":0,"parent":0,"menu_order":90,"comment_status":"closed","ping_status":"closed","template":"","meta":{"footnotes":""},"class_list":["post-26108","page","type-page","status-publish","hentry"],"yoast_head":"<!-- This site is optimized with the Yoast SEO plugin v26.1 - https:\/\/yoast.com\/wordpress\/plugins\/seo\/ -->\n<title>POKOJE W HOTELU W PISTOIA: Hotel Villa Cappugi<\/title>\n<meta name=\"description\" content=\"hotelvillacappugi.com - pokoje Pistoia w czterogwiazdkowym hotelu wyposa\u017cone we wszystkie udogodnienia, pokoje classic, deluxe i junior suite.\" \/>\n<meta name=\"robots\" content=\"index, follow, max-snippet:-1, max-image-preview:large, max-video-preview:-1\" \/>\n<link rel=\"canonical\" href=\"https:\/\/www.hotelvillacappugi.com\/pl\/pokoje-pistoia\/\" \/>\n<meta property=\"og:locale\" content=\"pl_PL\" \/>\n<meta property=\"og:type\" content=\"article\" \/>\n<meta property=\"og:title\" content=\"POKOJE W HOTELU W PISTOIA: Hotel Villa Cappugi\" \/>\n<meta property=\"og:description\" content=\"hotelvillacappugi.com - pokoje Pistoia w czterogwiazdkowym hotelu wyposa\u017cone we wszystkie udogodnienia, pokoje classic, deluxe i junior suite.\" \/>\n<meta property=\"og:url\" content=\"https:\/\/www.hotelvillacappugi.com\/pl\/pokoje-pistoia\/\" \/>\n<meta property=\"og:site_name\" content=\"Hotel Villa Cappugi\" \/>\n<meta property=\"article:publisher\" content=\"https:\/\/www.facebook.com\/hotelvillacappugi\/\" \/>\n<meta property=\"article:modified_time\" content=\"2021-12-27T10:59:06+00:00\" \/>\n<meta name=\"twitter:card\" content=\"summary_large_image\" \/>\n<meta name=\"twitter:label1\" content=\"Szacowany czas czytania\" \/>\n\t<meta name=\"twitter:data1\" content=\"2 minuty\" \/>\n<script type=\"application\/ld+json\" class=\"yoast-schema-graph\">{\"@context\":\"https:\/\/schema.org\",\"@graph\":[{\"@type\":\"WebPage\",\"@id\":\"https:\/\/www.hotelvillacappugi.com\/pl\/pokoje-pistoia\/\",\"url\":\"https:\/\/www.hotelvillacappugi.com\/pl\/pokoje-pistoia\/\",\"name\":\"POKOJE W HOTELU W PISTOIA: Hotel Villa Cappugi\",\"isPartOf\":{\"@id\":\"https:\/\/www.hotelvillacappugi.com\/pl\/#website\"},\"datePublished\":\"2021-12-10T10:43:00+00:00\",\"dateModified\":\"2021-12-27T10:59:06+00:00\",\"description\":\"hotelvillacappugi.com - pokoje Pistoia w czterogwiazdkowym hotelu wyposa\u017cone we wszystkie udogodnienia, pokoje classic, deluxe i junior suite.\",\"breadcrumb\":{\"@id\":\"https:\/\/www.hotelvillacappugi.com\/pl\/pokoje-pistoia\/#breadcrumb\"},\"inLanguage\":\"pl-PL\",\"potentialAction\":[{\"@type\":\"ReadAction\",\"target\":[\"https:\/\/www.hotelvillacappugi.com\/pl\/pokoje-pistoia\/\"]}]},{\"@type\":\"BreadcrumbList\",\"@id\":\"https:\/\/www.hotelvillacappugi.com\/pl\/pokoje-pistoia\/#breadcrumb\",\"itemListElement\":[{\"@type\":\"ListItem\",\"position\":1,\"name\":\"Home\",\"item\":\"https:\/\/www.hotelvillacappugi.com\/pl\/\"},{\"@type\":\"ListItem\",\"position\":2,\"name\":\"Pokoje Pistoia\"}]},{\"@type\":\"WebSite\",\"@id\":\"https:\/\/www.hotelvillacappugi.com\/pl\/#website\",\"url\":\"https:\/\/www.hotelvillacappugi.com\/pl\/\",\"name\":\"Hotel Villa Cappugi\",\"description\":\"Hotel 4 Stelle a Pistoia\",\"publisher\":{\"@id\":\"https:\/\/www.hotelvillacappugi.com\/pl\/#organization\"},\"potentialAction\":[{\"@type\":\"SearchAction\",\"target\":{\"@type\":\"EntryPoint\",\"urlTemplate\":\"https:\/\/www.hotelvillacappugi.com\/pl\/?s={search_term_string}\"},\"query-input\":{\"@type\":\"PropertyValueSpecification\",\"valueRequired\":true,\"valueName\":\"search_term_string\"}}],\"inLanguage\":\"pl-PL\"},{\"@type\":\"Organization\",\"@id\":\"https:\/\/www.hotelvillacappugi.com\/pl\/#organization\",\"name\":\"Hotel Villa Cappugi\",\"url\":\"https:\/\/www.hotelvillacappugi.com\/pl\/\",\"logo\":{\"@type\":\"ImageObject\",\"inLanguage\":\"pl-PL\",\"@id\":\"https:\/\/www.hotelvillacappugi.com\/pl\/#\/schema\/logo\/image\/\",\"url\":\"http:\/\/www.hotelvillacappugi.com\/wp-content\/uploads\/2018\/10\/Logo-Villa-Cappugi.png\",\"contentUrl\":\"http:\/\/www.hotelvillacappugi.com\/wp-content\/uploads\/2018\/10\/Logo-Villa-Cappugi.png\",\"width\":200,\"height\":122,\"caption\":\"Hotel Villa Cappugi\"},\"image\":{\"@id\":\"https:\/\/www.hotelvillacappugi.com\/pl\/#\/schema\/logo\/image\/\"},\"sameAs\":[\"https:\/\/www.facebook.com\/hotelvillacappugi\/\",\"https:\/\/www.instagram.com\/villacappugipistoia\/\"]}]}<\/script>\n<!-- \/ Yoast SEO plugin. -->","yoast_head_json":{"title":"POKOJE W HOTELU W PISTOIA: Hotel Villa Cappugi","description":"hotelvillacappugi.com - pokoje Pistoia w czterogwiazdkowym hotelu wyposa\u017cone we wszystkie udogodnienia, pokoje classic, deluxe i junior suite.","robots":{"index":"index","follow":"follow","max-snippet":"max-snippet:-1","max-image-preview":"max-image-preview:large","max-video-preview":"max-video-preview:-1"},"canonical":"https:\/\/www.hotelvillacappugi.com\/pl\/pokoje-pistoia\/","og_locale":"pl_PL","og_type":"article","og_title":"POKOJE W HOTELU W PISTOIA: Hotel Villa Cappugi","og_description":"hotelvillacappugi.com - pokoje Pistoia w czterogwiazdkowym hotelu wyposa\u017cone we wszystkie udogodnienia, pokoje classic, deluxe i junior suite.","og_url":"https:\/\/www.hotelvillacappugi.com\/pl\/pokoje-pistoia\/","og_site_name":"Hotel Villa Cappugi","article_publisher":"https:\/\/www.facebook.com\/hotelvillacappugi\/","article_modified_time":"2021-12-27T10:59:06+00:00","twitter_card":"summary_large_image","twitter_misc":{"Szacowany czas czytania":"2 minuty"},"schema":{"@context":"https:\/\/schema.org","@graph":[{"@type":"WebPage","@id":"https:\/\/www.hotelvillacappugi.com\/pl\/pokoje-pistoia\/","url":"https:\/\/www.hotelvillacappugi.com\/pl\/pokoje-pistoia\/","name":"POKOJE W HOTELU W PISTOIA: Hotel Villa Cappugi","isPartOf":{"@id":"https:\/\/www.hotelvillacappugi.com\/pl\/#website"},"datePublished":"2021-12-10T10:43:00+00:00","dateModified":"2021-12-27T10:59:06+00:00","description":"hotelvillacappugi.com - pokoje Pistoia w czterogwiazdkowym hotelu wyposa\u017cone we wszystkie udogodnienia, pokoje classic, deluxe i junior suite.","breadcrumb":{"@id":"https:\/\/www.hotelvillacappugi.com\/pl\/pokoje-pistoia\/#breadcrumb"},"inLanguage":"pl-PL","potentialAction":[{"@type":"ReadAction","target":["https:\/\/www.hotelvillacappugi.com\/pl\/pokoje-pistoia\/"]}]},{"@type":"BreadcrumbList","@id":"https:\/\/www.hotelvillacappugi.com\/pl\/pokoje-pistoia\/#breadcrumb","itemListElement":[{"@type":"ListItem","position":1,"name":"Home","item":"https:\/\/www.hotelvillacappugi.com\/pl\/"},{"@type":"ListItem","position":2,"name":"Pokoje Pistoia"}]},{"@type":"WebSite","@id":"https:\/\/www.hotelvillacappugi.com\/pl\/#website","url":"https:\/\/www.hotelvillacappugi.com\/pl\/","name":"Hotel Villa Cappugi","description":"Hotel 4 Stelle a Pistoia","publisher":{"@id":"https:\/\/www.hotelvillacappugi.com\/pl\/#organization"},"potentialAction":[{"@type":"SearchAction","target":{"@type":"EntryPoint","urlTemplate":"https:\/\/www.hotelvillacappugi.com\/pl\/?s={search_term_string}"},"query-input":{"@type":"PropertyValueSpecification","valueRequired":true,"valueName":"search_term_string"}}],"inLanguage":"pl-PL"},{"@type":"Organization","@id":"https:\/\/www.hotelvillacappugi.com\/pl\/#organization","name":"Hotel Villa Cappugi","url":"https:\/\/www.hotelvillacappugi.com\/pl\/","logo":{"@type":"ImageObject","inLanguage":"pl-PL","@id":"https:\/\/www.hotelvillacappugi.com\/pl\/#\/schema\/logo\/image\/","url":"http:\/\/www.hotelvillacappugi.com\/wp-content\/uploads\/2018\/10\/Logo-Villa-Cappugi.png","contentUrl":"http:\/\/www.hotelvillacappugi.com\/wp-content\/uploads\/2018\/10\/Logo-Villa-Cappugi.png","width":200,"height":122,"caption":"Hotel Villa Cappugi"},"image":{"@id":"https:\/\/www.hotelvillacappugi.com\/pl\/#\/schema\/logo\/image\/"},"sameAs":["https:\/\/www.facebook.com\/hotelvillacappugi\/","https:\/\/www.instagram.com\/villacappugipistoia\/"]}]}},"_links":{"self":[{"href":"https:\/\/www.hotelvillacappugi.com\/pl\/wp-json\/wp\/v2\/pages\/26108","targetHints":{"allow":["GET"]}}],"collection":[{"href":"https:\/\/www.hotelvillacappugi.com\/pl\/wp-json\/wp\/v2\/pages"}],"about":[{"href":"https:\/\/www.hotelvillacappugi.com\/pl\/wp-json\/wp\/v2\/types\/page"}],"author":[{"embeddable":true,"href":"https:\/\/www.hotelvillacappugi.com\/pl\/wp-json\/wp\/v2\/users\/1"}],"replies":[{"embeddable":true,"href":"https:\/\/www.hotelvillacappugi.com\/pl\/wp-json\/wp\/v2\/comments?post=26108"}],"version-history":[{"count":0,"href":"https:\/\/www.hotelvillacappugi.com\/pl\/wp-json\/wp\/v2\/pages\/26108\/revisions"}],"wp:attachment":[{"href":"https:\/\/www.hotelvillacappugi.com\/pl\/wp-json\/wp\/v2\/media?parent=26108"}],"curies":[{"name":"wp","href":"https:\/\/api.w.org\/{rel}","templated":true}]}}