{"id":45539,"date":"2025-07-14T09:28:41","date_gmt":"2025-07-14T07:28:41","guid":{"rendered":"https:\/\/www.hotelvillacappugi.com\/camere-pistoia-copy-copy\/"},"modified":"2025-07-28T09:07:02","modified_gmt":"2025-07-28T07:07:02","slug":"appartements","status":"publish","type":"page","link":"https:\/\/www.hotelvillacappugi.com\/fr\/appartements\/","title":{"rendered":"Appartements"},"content":{"rendered":"<p>[vc_row full_width=&#8221;stretch_row&#8221; parallax=&#8221;content-moving&#8221; parallax_image=&#8221;45205&#8243; parallax_speed_bg=&#8221;2.5&#8243; bg_media_opacity=&#8221;0.4&#8243; css=&#8221;.vc_custom_1752058261199{padding-top: 250px !important;padding-bottom: 250px !important;background-color: #544343 !important;}&#8221; el_class=&#8221;patternbg&#8221;][vc_column offset=&#8221;vc_col-lg-offset-2 vc_col-lg-8&#8243;][vc_column_text]<\/p>\n<h3 style=\"text-align: center;\"><span style=\"color: #ffffff;\">Appartements modernes \u00e0 Pistoia<\/span><\/h3>\n<p style=\"text-align: center;\"><span style=\"color: #ffffff;\">Confort et services exclusifs<\/span><\/p>\n<p>[\/vc_column_text][\/vc_column][\/vc_row][vc_row][vc_column width=&#8221;1\/6&#8243;][\/vc_column][vc_column width=&#8221;2\/3&#8243;][vc_column_text css=&#8221;.vc_custom_1752478357523{padding-top: 50px !important;}&#8221;]<\/p>\n<p style=\"text-align: center;\" data-start=\"38\" data-end=\"219\"><strong data-start=\"38\" data-end=\"219\">L\u2019H\u00f4tel Villa Cappugi <\/strong>propose 14 appartements standard de toute nouvelle construction et 2 unit\u00e9s accessibles aux personnes handicap\u00e9es, pour un total de 16 logements exclusifs.<\/p>\n<p style=\"text-align: center;\" data-start=\"221\" data-end=\"363\">Id\u00e9als pour les familles, les couples ou les groupes jusqu\u2019\u00e0 <strong>4 personnes<\/strong>, les appartements sont situ\u00e9s au rez-de-chauss\u00e9e ou au premier \u00e9tage.<\/p>\n<p>[\/vc_column_text][\/vc_column][vc_column width=&#8221;1\/6&#8243;][\/vc_column][\/vc_row][vc_row][vc_column][vc_media_grid style=&#8221;load-more&#8221; items_per_page=&#8221;4&#8243; element_width=&#8221;3&#8243; btn_title=&#8221;VEDI ALTRO&#8221; btn_style=&#8221;modern&#8221; btn_color=&#8221;default&#8221; btn_size=&#8221;lg&#8221; btn_align=&#8221;center&#8221; grid_id=&#8221;vc_gid:1753686394423-0ab2a317-0111-1&#8243; include=&#8221;45247,45240,45233,45226,45219,45212,45205,45191,45198,45184,45177,45170,45163,45156,45149&#8243;][\/vc_column][\/vc_row][vc_row][vc_column][vc_column_text css=&#8221;.vc_custom_1753686418025{padding-top: 50px !important;}&#8221;]<\/p>\n<p style=\"text-align: center;\" data-start=\"126\" data-end=\"467\">Chaque appartement dispose d\u2019un <strong data-start=\"158\" data-end=\"193\">s\u00e9jour avec coin cuisine \u00e9quip\u00e9<\/strong>, d\u2019une <strong data-start=\"201\" data-end=\"219\">chambre double<\/strong>, d\u2019une <strong data-start=\"227\" data-end=\"256\">salle de bain avec douche<\/strong> et d\u2019un <strong data-start=\"265\" data-end=\"286\">canap\u00e9-lit double<\/strong> dans le salon, id\u00e9al pour accueillir <strong data-start=\"324\" data-end=\"352\">jusqu\u2019\u00e0 quatre personnes<\/strong>. Le <strong data-start=\"357\" data-end=\"373\">balcon priv\u00e9<\/strong> donne sur le parc de la propri\u00e9t\u00e9, offrant des moments de <strong data-start=\"432\" data-end=\"448\">tranquillit\u00e9<\/strong> et de <strong data-start=\"455\" data-end=\"466\">d\u00e9tente<\/strong>.<\/p>\n<p style=\"text-align: center;\" data-start=\"469\" data-end=\"730\">Les espaces sont \u00e9quip\u00e9s de la <strong data-start=\"500\" data-end=\"517\">climatisation<\/strong>, d\u2019une <strong data-start=\"525\" data-end=\"553\">connexion Wi-Fi gratuite<\/strong>, d\u2019une <strong data-start=\"561\" data-end=\"579\">t\u00e9l\u00e9vision LCD<\/strong>, d\u2019un <strong data-start=\"586\" data-end=\"611\">chauffage ind\u00e9pendant<\/strong> et de <strong data-start=\"618\" data-end=\"652\">sols en marbre ou en carrelage<\/strong>. Chaque appartement dispose \u00e9galement d\u2019un <strong data-start=\"696\" data-end=\"710\">coin repas<\/strong> et d\u2019un <strong data-start=\"719\" data-end=\"729\">bureau<\/strong>.<\/p>\n<p style=\"text-align: center;\" data-start=\"732\" data-end=\"1036\">Pour les <strong data-start=\"741\" data-end=\"774\">s\u00e9jours d\u2019au moins sept nuits<\/strong>, un <strong data-start=\"779\" data-end=\"802\">changement de linge<\/strong> et un <strong data-start=\"809\" data-end=\"832\">m\u00e9nage hebdomadaire<\/strong> sont inclus, tandis que le <strong data-start=\"860\" data-end=\"894\">service de nettoyage quotidien<\/strong> est disponible sur demande <strong data-start=\"922\" data-end=\"949\">moyennant un suppl\u00e9ment<\/strong>. Une <strong data-start=\"955\" data-end=\"978\">laverie automatique<\/strong> est \u00e9galement \u00e0 disposition des clients dans le complexe.<\/p>\n<p style=\"text-align: center;\" data-start=\"1038\" data-end=\"1274\">En s\u00e9journant dans les appartements, vous aurez acc\u00e8s \u00e0 <strong data-start=\"1094\" data-end=\"1140\">tous les services de l\u2019H\u00f4tel Villa Cappugi<\/strong>, notamment la <strong data-start=\"1155\" data-end=\"1177\">piscine ext\u00e9rieure<\/strong>, le <strong data-start=\"1182\" data-end=\"1196\">restaurant<\/strong>, le <strong data-start=\"1201\" data-end=\"1214\">snack-bar<\/strong>, le <strong data-start=\"1219\" data-end=\"1238\">parking gratuit<\/strong> et la <strong data-start=\"1245\" data-end=\"1273\">r\u00e9ception ouverte 24h\/24<\/strong>.<\/p>\n<p style=\"text-align: center;\" data-start=\"75\" data-end=\"93\"><strong data-start=\"75\" data-end=\"93\">Informations :<\/strong><\/p>\n<p style=\"text-align: center;\" data-start=\"95\" data-end=\"250\"><strong data-start=\"95\" data-end=\"108\">Check-out<\/strong> : avant <strong data-start=\"117\" data-end=\"126\">11h00<\/strong><br data-start=\"126\" data-end=\"129\" \/><strong data-start=\"129\" data-end=\"147\">Petit-d\u00e9jeuner<\/strong> : de <strong data-start=\"153\" data-end=\"169\">7h00 \u00e0 10h00<\/strong><br data-start=\"169\" data-end=\"172\" \/><strong data-start=\"172\" data-end=\"213\" data-is-only-node=\"\">Animaux domestiques admis sur demande<\/strong> : un <strong data-start=\"219\" data-end=\"250\">suppl\u00e9ment peut s\u2019appliquer &#8211; Ils ne sont pas autoris\u00e9s dans la piscine.<br \/>\n<\/strong><\/p>\n<p>[\/vc_column_text][\/vc_column][\/vc_row][vc_row full_width=&#8221;stretch_row&#8221; parallax=&#8221;content-moving&#8221; parallax_image=&#8221;3046&#8243; parallax_speed_bg=&#8221;2.5&#8243; bg_media_opacity=&#8221;0.4&#8243; css=&#8221;.vc_custom_1639583754066{margin-top: 50px !important;padding-top: 150px !important;background-color: #544a4a !important;}&#8221;][vc_column width=&#8221;2\/3&#8243; offset=&#8221;vc_col-lg-offset-2 vc_col-lg-8&#8243;][vc_column_text]<\/p>\n<h4 style=\"text-align: center;\"><span style=\"color: #ffffff;\">Une ancienne villa de campagne \u00e0 l\u2019accueil contemporain<\/span><\/h4>\n<h4 style=\"text-align: center;\"><span style=\"color: #ffffff;\">R\u00e9servez d\u00e8s maintenant votre s\u00e9jour<\/span><\/h4>\n<p>[\/vc_column_text][vc_btn title=&#8221;CONTACTEZ-NOUS&#8221; style=&#8221;classic&#8221; shape=&#8221;round&#8221; color=&#8221;default&#8221; size=&#8221;lg&#8221; align=&#8221;center&#8221; css=&#8221;.vc_custom_1752478590883{padding-top: 30px !important;}&#8221; link=&#8221;url:https%3A%2F%2Fwww.hotelvillacappugi.com%2Ffr%2Fquatre-etoiles-hotel-pistoia%2F|title:Contacts&#8221;][\/vc_column][\/vc_row]<\/p>\n","protected":false},"excerpt":{"rendered":"<p>[vc_row full_width=&#8221;stretch_row&#8221; parallax=&#8221;content-moving&#8221; parallax_image=&#8221;45205&#8243; parallax_speed_bg=&#8221;2.5&#8243; bg_media_opacity=&#8221;0.4&#8243; css=&#8221;.vc_custom_1752058261199{padding-top: 250px !important;padding-bottom: 250px !important;background-color: #544343 !important;}&#8221; el_class=&#8221;patternbg&#8221;][vc_column offset=&#8221;vc_col-lg-offset-2 vc_col-lg-8&#8243;][vc_column_text] Appartements modernes&#8230;<\/p>\n","protected":false},"author":1,"featured_media":0,"parent":0,"menu_order":90,"comment_status":"closed","ping_status":"closed","template":"","meta":{"footnotes":""},"class_list":["post-45539","page","type-page","status-publish","hentry"],"yoast_head":"<!-- This site is optimized with the Yoast SEO plugin v26.1 - https:\/\/yoast.com\/wordpress\/plugins\/seo\/ -->\n<title>Appartements neufs \u00e0 Pistoia | Hotel Villa Cappugi<\/title>\n<meta name=\"description\" content=\"Appartements modernes \u00e0 Pistoia avec climatisation, Wi-Fi, balcon et acc\u00e8s \u00e0 la piscine, au parking et au restaurant.\" \/>\n<meta name=\"robots\" content=\"index, follow, max-snippet:-1, max-image-preview:large, max-video-preview:-1\" \/>\n<link rel=\"canonical\" href=\"https:\/\/www.hotelvillacappugi.com\/fr\/appartements\/\" \/>\n<meta property=\"og:locale\" content=\"fr_FR\" \/>\n<meta property=\"og:type\" content=\"article\" \/>\n<meta property=\"og:title\" content=\"Appartements neufs \u00e0 Pistoia | Hotel Villa Cappugi\" \/>\n<meta property=\"og:description\" content=\"Appartements modernes \u00e0 Pistoia avec climatisation, Wi-Fi, balcon et acc\u00e8s \u00e0 la piscine, au parking et au restaurant.\" \/>\n<meta property=\"og:url\" content=\"https:\/\/www.hotelvillacappugi.com\/fr\/appartements\/\" \/>\n<meta property=\"og:site_name\" content=\"Hotel Villa Cappugi\" \/>\n<meta property=\"article:publisher\" content=\"https:\/\/www.facebook.com\/hotelvillacappugi\/\" \/>\n<meta property=\"article:modified_time\" content=\"2025-07-28T07:07:02+00:00\" \/>\n<meta name=\"twitter:card\" content=\"summary_large_image\" \/>\n<meta name=\"twitter:label1\" content=\"Dur\u00e9e de lecture estim\u00e9e\" \/>\n\t<meta name=\"twitter:data1\" content=\"6 minutes\" \/>\n<script type=\"application\/ld+json\" class=\"yoast-schema-graph\">{\"@context\":\"https:\/\/schema.org\",\"@graph\":[{\"@type\":\"WebPage\",\"@id\":\"https:\/\/www.hotelvillacappugi.com\/fr\/appartements\/\",\"url\":\"https:\/\/www.hotelvillacappugi.com\/fr\/appartements\/\",\"name\":\"Appartements neufs \u00e0 Pistoia | Hotel Villa Cappugi\",\"isPartOf\":{\"@id\":\"https:\/\/www.hotelvillacappugi.com\/fr\/#website\"},\"datePublished\":\"2025-07-14T07:28:41+00:00\",\"dateModified\":\"2025-07-28T07:07:02+00:00\",\"description\":\"Appartements modernes \u00e0 Pistoia avec climatisation, Wi-Fi, balcon et acc\u00e8s \u00e0 la piscine, au parking et au restaurant.\",\"breadcrumb\":{\"@id\":\"https:\/\/www.hotelvillacappugi.com\/fr\/appartements\/#breadcrumb\"},\"inLanguage\":\"fr-FR\",\"potentialAction\":[{\"@type\":\"ReadAction\",\"target\":[\"https:\/\/www.hotelvillacappugi.com\/fr\/appartements\/\"]}]},{\"@type\":\"BreadcrumbList\",\"@id\":\"https:\/\/www.hotelvillacappugi.com\/fr\/appartements\/#breadcrumb\",\"itemListElement\":[{\"@type\":\"ListItem\",\"position\":1,\"name\":\"Home\",\"item\":\"https:\/\/www.hotelvillacappugi.com\/fr\/\"},{\"@type\":\"ListItem\",\"position\":2,\"name\":\"Appartements\"}]},{\"@type\":\"WebSite\",\"@id\":\"https:\/\/www.hotelvillacappugi.com\/fr\/#website\",\"url\":\"https:\/\/www.hotelvillacappugi.com\/fr\/\",\"name\":\"Hotel Villa Cappugi\",\"description\":\"Hotel 4 Stelle a Pistoia\",\"publisher\":{\"@id\":\"https:\/\/www.hotelvillacappugi.com\/fr\/#organization\"},\"potentialAction\":[{\"@type\":\"SearchAction\",\"target\":{\"@type\":\"EntryPoint\",\"urlTemplate\":\"https:\/\/www.hotelvillacappugi.com\/fr\/?s={search_term_string}\"},\"query-input\":{\"@type\":\"PropertyValueSpecification\",\"valueRequired\":true,\"valueName\":\"search_term_string\"}}],\"inLanguage\":\"fr-FR\"},{\"@type\":\"Organization\",\"@id\":\"https:\/\/www.hotelvillacappugi.com\/fr\/#organization\",\"name\":\"Hotel Villa Cappugi\",\"url\":\"https:\/\/www.hotelvillacappugi.com\/fr\/\",\"logo\":{\"@type\":\"ImageObject\",\"inLanguage\":\"fr-FR\",\"@id\":\"https:\/\/www.hotelvillacappugi.com\/fr\/#\/schema\/logo\/image\/\",\"url\":\"http:\/\/www.hotelvillacappugi.com\/wp-content\/uploads\/2018\/10\/Logo-Villa-Cappugi.png\",\"contentUrl\":\"http:\/\/www.hotelvillacappugi.com\/wp-content\/uploads\/2018\/10\/Logo-Villa-Cappugi.png\",\"width\":200,\"height\":122,\"caption\":\"Hotel Villa Cappugi\"},\"image\":{\"@id\":\"https:\/\/www.hotelvillacappugi.com\/fr\/#\/schema\/logo\/image\/\"},\"sameAs\":[\"https:\/\/www.facebook.com\/hotelvillacappugi\/\",\"https:\/\/www.instagram.com\/villacappugipistoia\/\"]}]}<\/script>\n<!-- \/ Yoast SEO plugin. -->","yoast_head_json":{"title":"Appartements neufs \u00e0 Pistoia | Hotel Villa Cappugi","description":"Appartements modernes \u00e0 Pistoia avec climatisation, Wi-Fi, balcon et acc\u00e8s \u00e0 la piscine, au parking et au restaurant.","robots":{"index":"index","follow":"follow","max-snippet":"max-snippet:-1","max-image-preview":"max-image-preview:large","max-video-preview":"max-video-preview:-1"},"canonical":"https:\/\/www.hotelvillacappugi.com\/fr\/appartements\/","og_locale":"fr_FR","og_type":"article","og_title":"Appartements neufs \u00e0 Pistoia | Hotel Villa Cappugi","og_description":"Appartements modernes \u00e0 Pistoia avec climatisation, Wi-Fi, balcon et acc\u00e8s \u00e0 la piscine, au parking et au restaurant.","og_url":"https:\/\/www.hotelvillacappugi.com\/fr\/appartements\/","og_site_name":"Hotel Villa Cappugi","article_publisher":"https:\/\/www.facebook.com\/hotelvillacappugi\/","article_modified_time":"2025-07-28T07:07:02+00:00","twitter_card":"summary_large_image","twitter_misc":{"Dur\u00e9e de lecture estim\u00e9e":"6 minutes"},"schema":{"@context":"https:\/\/schema.org","@graph":[{"@type":"WebPage","@id":"https:\/\/www.hotelvillacappugi.com\/fr\/appartements\/","url":"https:\/\/www.hotelvillacappugi.com\/fr\/appartements\/","name":"Appartements neufs \u00e0 Pistoia | Hotel Villa Cappugi","isPartOf":{"@id":"https:\/\/www.hotelvillacappugi.com\/fr\/#website"},"datePublished":"2025-07-14T07:28:41+00:00","dateModified":"2025-07-28T07:07:02+00:00","description":"Appartements modernes \u00e0 Pistoia avec climatisation, Wi-Fi, balcon et acc\u00e8s \u00e0 la piscine, au parking et au restaurant.","breadcrumb":{"@id":"https:\/\/www.hotelvillacappugi.com\/fr\/appartements\/#breadcrumb"},"inLanguage":"fr-FR","potentialAction":[{"@type":"ReadAction","target":["https:\/\/www.hotelvillacappugi.com\/fr\/appartements\/"]}]},{"@type":"BreadcrumbList","@id":"https:\/\/www.hotelvillacappugi.com\/fr\/appartements\/#breadcrumb","itemListElement":[{"@type":"ListItem","position":1,"name":"Home","item":"https:\/\/www.hotelvillacappugi.com\/fr\/"},{"@type":"ListItem","position":2,"name":"Appartements"}]},{"@type":"WebSite","@id":"https:\/\/www.hotelvillacappugi.com\/fr\/#website","url":"https:\/\/www.hotelvillacappugi.com\/fr\/","name":"Hotel Villa Cappugi","description":"Hotel 4 Stelle a Pistoia","publisher":{"@id":"https:\/\/www.hotelvillacappugi.com\/fr\/#organization"},"potentialAction":[{"@type":"SearchAction","target":{"@type":"EntryPoint","urlTemplate":"https:\/\/www.hotelvillacappugi.com\/fr\/?s={search_term_string}"},"query-input":{"@type":"PropertyValueSpecification","valueRequired":true,"valueName":"search_term_string"}}],"inLanguage":"fr-FR"},{"@type":"Organization","@id":"https:\/\/www.hotelvillacappugi.com\/fr\/#organization","name":"Hotel Villa Cappugi","url":"https:\/\/www.hotelvillacappugi.com\/fr\/","logo":{"@type":"ImageObject","inLanguage":"fr-FR","@id":"https:\/\/www.hotelvillacappugi.com\/fr\/#\/schema\/logo\/image\/","url":"http:\/\/www.hotelvillacappugi.com\/wp-content\/uploads\/2018\/10\/Logo-Villa-Cappugi.png","contentUrl":"http:\/\/www.hotelvillacappugi.com\/wp-content\/uploads\/2018\/10\/Logo-Villa-Cappugi.png","width":200,"height":122,"caption":"Hotel Villa Cappugi"},"image":{"@id":"https:\/\/www.hotelvillacappugi.com\/fr\/#\/schema\/logo\/image\/"},"sameAs":["https:\/\/www.facebook.com\/hotelvillacappugi\/","https:\/\/www.instagram.com\/villacappugipistoia\/"]}]}},"_links":{"self":[{"href":"https:\/\/www.hotelvillacappugi.com\/fr\/wp-json\/wp\/v2\/pages\/45539","targetHints":{"allow":["GET"]}}],"collection":[{"href":"https:\/\/www.hotelvillacappugi.com\/fr\/wp-json\/wp\/v2\/pages"}],"about":[{"href":"https:\/\/www.hotelvillacappugi.com\/fr\/wp-json\/wp\/v2\/types\/page"}],"author":[{"embeddable":true,"href":"https:\/\/www.hotelvillacappugi.com\/fr\/wp-json\/wp\/v2\/users\/1"}],"replies":[{"embeddable":true,"href":"https:\/\/www.hotelvillacappugi.com\/fr\/wp-json\/wp\/v2\/comments?post=45539"}],"version-history":[{"count":4,"href":"https:\/\/www.hotelvillacappugi.com\/fr\/wp-json\/wp\/v2\/pages\/45539\/revisions"}],"predecessor-version":[{"id":45941,"href":"https:\/\/www.hotelvillacappugi.com\/fr\/wp-json\/wp\/v2\/pages\/45539\/revisions\/45941"}],"wp:attachment":[{"href":"https:\/\/www.hotelvillacappugi.com\/fr\/wp-json\/wp\/v2\/media?parent=45539"}],"curies":[{"name":"wp","href":"https:\/\/api.w.org\/{rel}","templated":true}]}}