{"id":26494,"date":"2021-12-15T15:41:15","date_gmt":"2021-12-15T14:41:15","guid":{"rendered":"http:\/\/www.hotelvillacappugi.com\/sale-meeting-pistoia\/"},"modified":"2025-07-14T10:32:17","modified_gmt":"2025-07-14T08:32:17","slug":"salle-de-reunion-pistoia","status":"publish","type":"page","link":"https:\/\/www.hotelvillacappugi.com\/fr\/salle-de-reunion-pistoia\/","title":{"rendered":"Salle de r\u00e9union Pistoia"},"content":{"rendered":"<p>[vc_row full_width=&#8221;stretch_row&#8221; parallax=&#8221;content-moving&#8221; parallax_image=&#8221;19320&#8243; parallax_speed_bg=&#8221;2.5&#8243; bg_media_opacity=&#8221;0.4&#8243; css=&#8221;.vc_custom_1639668296774{padding-top: 250px !important;padding-bottom: 250px !important;background-color: #544343 !important;}&#8221; el_class=&#8221;patternbg&#8221;][vc_column offset=&#8221;vc_col-lg-offset-2 vc_col-lg-8&#8243;][vc_column_text]<\/p>\n<h3 style=\"text-align: center;\"><span style=\"color: #ffffff;\">Salles de r\u00e9unions<\/span><\/h3>\n<p style=\"text-align: center;\"><span style=\"color: #ffffff;\">L&#8217;H\u00f4tel Villa Cappugi \u00e0 Pistoia est l&#8217;h\u00f4tel de conf\u00e9rence et d&#8217;affaires id\u00e9al pour les gestionnaires, les entreprises et les organisations qui souhaitent organiser des r\u00e9unions, des incentives, des conf\u00e9rences et des \u00e9v\u00e9nements en Toscane.<\/span><\/p>\n<p>[\/vc_column_text][\/vc_column][\/vc_row][vc_row css=&#8221;.vc_custom_1639566544018{margin-top: 0px !important;padding-top: 0px !important;}&#8221;][vc_column width=&#8221;1\/4&#8243;][\/vc_column][vc_column width=&#8221;1\/2&#8243;][vc_column_text css=&#8221;.vc_custom_1640600244371{padding-top: 50px !important;}&#8221;]<\/p>\n<p style=\"text-align: center;\">L\u2019H\u00f4tel Villa Cappugi est l\u2019un des endroits pr\u00e9f\u00e9r\u00e9s des \u00ab conference manager \u00bb pour organiser des congr\u00e8s et des \u00e9v\u00e9nements gr\u00e2ce \u00e0 ses caract\u00e9ristiques, \u00e0 sa versatilit\u00e9 et \u00e0 ses technologies disponibles dans les salles meeting ; pour sa restauration et le soin port\u00e9 aux d\u00e9tails du service h\u00f4telier et des installations, et enfin pour sa situation, sur les collines de Pistoia, et les innombrables possibilit\u00e9s d\u2019\u00e9v\u00e9nement \u00ab extra \u00bb \u00e0 Pistoia et dans les villes d\u2019art des alentours.<\/p>\n<p style=\"text-align: center;\">V\u00e9ritable business h\u00f4tel parmi les h\u00f4tels de Pistoia, l\u2019H\u00f4tel Villa Cappugi dispose de cinq salles meeting qui permettent d\u2019organiser aussi bien de petites r\u00e9unions de travail d\u2019une dizaine de participants que des meeting \u00e0 l\u2019h\u00f4tel \u00e0 Pistoia avec 500 participants. Le jardin \u00e0 la belle saison et le restaurant toute l\u2019ann\u00e9e, sont le cadre du service h\u00f4telier et compl\u00e8tent l\u2019offre de centre de congr\u00e8s de l\u2019h\u00f4tel, avec son buffet et ses banquets qui accompagnent chaque \u00e9v\u00e9nement.<\/p>\n<p>[\/vc_column_text][\/vc_column][vc_column width=&#8221;1\/4&#8243;][\/vc_column][\/vc_row][vc_row full_width=&#8221;stretch_row_content&#8221;][vc_column][vc_media_grid element_width=&#8221;3&#8243; gap=&#8221;10&#8243; grid_id=&#8221;vc_gid:1752481798524-30124c4e-7620-0&#8243; include=&#8221;19322,19319,19318,19317&#8243;][\/vc_column][\/vc_row][vc_row][vc_column][vc_basic_grid post_type=&#8221;post&#8221; max_items=&#8221;10&#8243; grid_id=&#8221;vc_gid:1752481888290-4754c876-0016-7&#8243; taxonomies=&#8221;268&#8243;][\/vc_column][\/vc_row][vc_row][vc_column][vc_column_text]<\/p>\n<h5 style=\"text-align: center;\"><span style=\"color: #09355c;\">SERVICES<\/span><\/h5>\n<p>[\/vc_column_text][vc_separator color=&#8221;custom&#8221; border_width=&#8221;2&#8243; el_width=&#8221;10&#8243; accent_color=&#8221;#09355c&#8221; css=&#8221;.vc_custom_1639580708670{padding-bottom: 40px !important;}&#8221;]<!--================ Icon Boxes ================-->\n<script>\n    (function($){\n        'use strict';\n\n        if(!$) return;\n\n        $(function(){\n            var $container = $('#vc-milenia-info-boxes-b188e7aac7669dcd0c163425d943bcfd-17765163591896538624');\n\n            if(!$container.length) return;\n\n            if(window.appear) {\n                appear({\n                    elements: function(){\n                        return document.querySelectorAll('#vc-milenia-info-boxes-b188e7aac7669dcd0c163425d943bcfd-17765163591896538624');\n                    },\n                    appear: function(element) {\n                        var $el = $(element);\n                        $el.addClass('milenia-visible').addClass($el.data('animation'));\n                    },\n                    reappear: false,\n                    bounds: -200\n                });\n            }\n\n            if(window.Milenia && window.Milenia.LinkUnderliner) {\n                window.Milenia.LinkUnderliner.init($container.find('a'));\n            }\n        });\n    })(window.jQuery);\n<\/script>\n\n<div id=\"vc-milenia-info-boxes-b188e7aac7669dcd0c163425d943bcfd-17765163591896538624\" class=\"milenia-icon-boxes milenia-icon-boxes--style-1 milenia-visible\" data-animation=\"none\">\n    <div class=\"milenia-grid milenia-grid--cols-4\">\n        <!--================ Icon Box ================-->\n<div class=\"milenia-grid-item\">\n    <article class=\"milenia-icon-box milenia-aligner\">\n        <div class=\"milenia-aligner-outer\">\n            <div class=\"milenia-aligner-inner\">\n                \n\n                <div class=\"milenia-icon-box-content\">\n                    <h2 class=\"milenia-icon-box-title\">Wi-Fi gratuit<\/h2>\n                    \n                <\/div>\n            <\/div>\n        <\/div>\n\n        \n    <\/article>\n<\/div>\n<!--================ Icon Box ================-->\n\r\n<!--================ Icon Box ================-->\n<div class=\"milenia-grid-item\">\n    <article class=\"milenia-icon-box milenia-aligner\">\n        <div class=\"milenia-aligner-outer\">\n            <div class=\"milenia-aligner-inner\">\n                \n\n                <div class=\"milenia-icon-box-content\">\n                    <h2 class=\"milenia-icon-box-title\">Lumi\u00e8re Naturelle<\/h2>\n                    \n                <\/div>\n            <\/div>\n        <\/div>\n\n        \n    <\/article>\n<\/div>\n<!--================ Icon Box ================-->\n\r\n<!--================ Icon Box ================-->\n<div class=\"milenia-grid-item\">\n    <article class=\"milenia-icon-box milenia-aligner\">\n        <div class=\"milenia-aligner-outer\">\n            <div class=\"milenia-aligner-inner\">\n                \n\n                <div class=\"milenia-icon-box-content\">\n                    <h2 class=\"milenia-icon-box-title\">Vid\u00e9oprojecteur avec \u00e9cran<\/h2>\n                    \n                <\/div>\n            <\/div>\n        <\/div>\n\n        \n    <\/article>\n<\/div>\n<!--================ Icon Box ================-->\n\r\n<!--================ Icon Box ================-->\n<div class=\"milenia-grid-item\">\n    <article class=\"milenia-icon-box milenia-aligner\">\n        <div class=\"milenia-aligner-outer\">\n            <div class=\"milenia-aligner-inner\">\n                \n\n                <div class=\"milenia-icon-box-content\">\n                    <h2 class=\"milenia-icon-box-title\">Tableau \u00e0 feuilles mobiles<\/h2>\n                    \n                <\/div>\n            <\/div>\n        <\/div>\n\n        \n    <\/article>\n<\/div>\n<!--================ Icon Box ================-->\n\r\n<!--================ Icon Box ================-->\n<div class=\"milenia-grid-item\">\n    <article class=\"milenia-icon-box milenia-aligner\">\n        <div class=\"milenia-aligner-outer\">\n            <div class=\"milenia-aligner-inner\">\n                \n\n                <div class=\"milenia-icon-box-content\">\n                    <h2 class=\"milenia-icon-box-title\">Tableau lumineux<\/h2>\n                    \n                <\/div>\n            <\/div>\n        <\/div>\n\n        \n    <\/article>\n<\/div>\n<!--================ Icon Box ================-->\n\r\n<!--================ Icon Box ================-->\n<div class=\"milenia-grid-item\">\n    <article class=\"milenia-icon-box milenia-aligner\">\n        <div class=\"milenia-aligner-outer\">\n            <div class=\"milenia-aligner-inner\">\n                \n\n                <div class=\"milenia-icon-box-content\">\n                    <h2 class=\"milenia-icon-box-title\">Micros<\/h2>\n                    \n                <\/div>\n            <\/div>\n        <\/div>\n\n        \n    <\/article>\n<\/div>\n<!--================ Icon Box ================-->\n\r\n<!--================ Icon Box ================-->\n<div class=\"milenia-grid-item\">\n    <article class=\"milenia-icon-box milenia-aligner\">\n        <div class=\"milenia-aligner-outer\">\n            <div class=\"milenia-aligner-inner\">\n                \n\n                <div class=\"milenia-icon-box-content\">\n                    <h2 class=\"milenia-icon-box-title\">C\u00e2ble VGA\/HDMI<\/h2>\n                    \n                <\/div>\n            <\/div>\n        <\/div>\n\n        \n    <\/article>\n<\/div>\n<!--================ Icon Box ================-->\n\r\n<!--================ Icon Box ================-->\n<div class=\"milenia-grid-item\">\n    <article class=\"milenia-icon-box milenia-aligner\">\n        <div class=\"milenia-aligner-outer\">\n            <div class=\"milenia-aligner-inner\">\n                \n\n                <div class=\"milenia-icon-box-content\">\n                    <h2 class=\"milenia-icon-box-title\">Amplification sonore<\/h2>\n                    \n                <\/div>\n            <\/div>\n        <\/div>\n\n        \n    <\/article>\n<\/div>\n<!--================ Icon Box ================-->\n\n    <\/div>\n<\/div>\n<!--================ Icon Boxes ================-->\n[vc_column_text css=&#8221;.vc_custom_1640600191691{padding-top: 30px !important;}&#8221;]<\/p>\n<h4 style=\"text-align: center;\"><a href=\"\/wp-content\/uploads\/2021\/12\/hotelvillacappugi_meeting.pdf\" target=\"_blank\" rel=\"noopener\">Cliquez ici pour voir la planim\u00e9trie<\/a><\/h4>\n<p>[\/vc_column_text][\/vc_column][\/vc_row][vc_row full_width=&#8221;stretch_row&#8221; parallax=&#8221;content-moving&#8221; parallax_image=&#8221;19321&#8243; parallax_speed_bg=&#8221;2.5&#8243; bg_media_opacity=&#8221;0.4&#8243; css=&#8221;.vc_custom_1639580614768{margin-top: 50px !important;padding-top: 150px !important;background-color: #544a4a !important;}&#8221;][vc_column width=&#8221;2\/3&#8243; offset=&#8221;vc_col-lg-offset-2 vc_col-lg-8&#8243;][vc_column_text]<\/p>\n<h3 style=\"text-align: center;\"><span style=\"color: #ffffff;\">Bureau temporaire et salle de r\u00e9union<\/span><\/h3>\n<p style=\"text-align: center;\"><span style=\"color: #ffffff;\">Modernes, \u00e9clair\u00e9es par la lumi\u00e8re naturelle, b\u00e9n\u00e9ficiant de technologies de congr\u00e8s \u00e0 l\u2019avant-garde, les salles meeting de l\u2019H\u00f4tel Villa Cappugi de Pistoia, accueillent avec succ\u00e8s : conventions, meeting, tables rondes, conf\u00e9rences de presse, showroom d\u2019\u00e9chantillons etc\u2026<\/span><\/p>\n<p style=\"text-align: center;\"><span style=\"color: #ffffff;\">Le \u00ab conference manager \u00bb de Villa Cappugi et son staff, sont \u00e0 votre disposition et assistent les organisateurs pour la r\u00e9ussite parfaite de tout \u00e9v\u00e9nement.<\/span><\/p>\n<p>[\/vc_column_text][vc_btn title=&#8221;NOUS CONTACTER&#8221; style=&#8221;classic&#8221; shape=&#8221;round&#8221; color=&#8221;default&#8221; size=&#8221;lg&#8221; align=&#8221;center&#8221; css=&#8221;.vc_custom_1640600141389{padding-top: 30px !important;}&#8221; link=&#8221;url:https%3A%2F%2Fwww.hotelvillacappugi.com%2Ffr%2Fquatre-etoiles-hotel-pistoia%2F|title:Contatti&#8221;][\/vc_column][\/vc_row]<\/p>\n","protected":false},"excerpt":{"rendered":"<p>[vc_row full_width=&#8221;stretch_row&#8221; parallax=&#8221;content-moving&#8221; parallax_image=&#8221;19320&#8243; parallax_speed_bg=&#8221;2.5&#8243; bg_media_opacity=&#8221;0.4&#8243; css=&#8221;.vc_custom_1639668296774{padding-top: 250px !important;padding-bottom: 250px !important;background-color: #544343 !important;}&#8221; el_class=&#8221;patternbg&#8221;][vc_column offset=&#8221;vc_col-lg-offset-2 vc_col-lg-8&#8243;][vc_column_text] Salles de&#8230;<\/p>\n","protected":false},"author":1,"featured_media":0,"parent":0,"menu_order":70,"comment_status":"closed","ping_status":"closed","template":"","meta":{"footnotes":""},"class_list":["post-26494","page","type-page","status-publish","hentry"],"yoast_head":"<!-- This site is optimized with the Yoast SEO plugin v26.1 - https:\/\/yoast.com\/wordpress\/plugins\/seo\/ -->\n<title>SALLE DE R\u00c9UNION PISTOIA - Hotel Villa Cappugi<\/title>\n<meta name=\"description\" content=\"Salles de r\u00e9union \u00e9quip\u00e9es \u00e0 Pistoia: 5 espaces modulables pouvant accueillir confortablement jusqu\u2019\u00e0 350 personnes.\" \/>\n<meta name=\"robots\" content=\"index, follow, max-snippet:-1, max-image-preview:large, max-video-preview:-1\" \/>\n<link rel=\"canonical\" href=\"https:\/\/www.hotelvillacappugi.com\/fr\/salle-de-reunion-pistoia\/\" \/>\n<meta property=\"og:locale\" content=\"fr_FR\" \/>\n<meta property=\"og:type\" content=\"article\" \/>\n<meta property=\"og:title\" content=\"SALLE DE R\u00c9UNION PISTOIA - Hotel Villa Cappugi\" \/>\n<meta property=\"og:description\" content=\"Salles de r\u00e9union \u00e9quip\u00e9es \u00e0 Pistoia: 5 espaces modulables pouvant accueillir confortablement jusqu\u2019\u00e0 350 personnes.\" \/>\n<meta property=\"og:url\" content=\"https:\/\/www.hotelvillacappugi.com\/fr\/salle-de-reunion-pistoia\/\" \/>\n<meta property=\"og:site_name\" content=\"Hotel Villa Cappugi\" \/>\n<meta property=\"article:publisher\" content=\"https:\/\/www.facebook.com\/hotelvillacappugi\/\" \/>\n<meta property=\"article:modified_time\" content=\"2025-07-14T08:32:17+00:00\" \/>\n<meta name=\"twitter:card\" content=\"summary_large_image\" \/>\n<meta name=\"twitter:label1\" content=\"Dur\u00e9e de lecture estim\u00e9e\" \/>\n\t<meta name=\"twitter:data1\" content=\"3 minutes\" \/>\n<script type=\"application\/ld+json\" class=\"yoast-schema-graph\">{\"@context\":\"https:\/\/schema.org\",\"@graph\":[{\"@type\":\"WebPage\",\"@id\":\"https:\/\/www.hotelvillacappugi.com\/fr\/salle-de-reunion-pistoia\/\",\"url\":\"https:\/\/www.hotelvillacappugi.com\/fr\/salle-de-reunion-pistoia\/\",\"name\":\"SALLE DE R\u00c9UNION PISTOIA - Hotel Villa Cappugi\",\"isPartOf\":{\"@id\":\"https:\/\/www.hotelvillacappugi.com\/fr\/#website\"},\"datePublished\":\"2021-12-15T14:41:15+00:00\",\"dateModified\":\"2025-07-14T08:32:17+00:00\",\"description\":\"Salles de r\u00e9union \u00e9quip\u00e9es \u00e0 Pistoia: 5 espaces modulables pouvant accueillir confortablement jusqu\u2019\u00e0 350 personnes.\",\"breadcrumb\":{\"@id\":\"https:\/\/www.hotelvillacappugi.com\/fr\/salle-de-reunion-pistoia\/#breadcrumb\"},\"inLanguage\":\"fr-FR\",\"potentialAction\":[{\"@type\":\"ReadAction\",\"target\":[\"https:\/\/www.hotelvillacappugi.com\/fr\/salle-de-reunion-pistoia\/\"]}]},{\"@type\":\"BreadcrumbList\",\"@id\":\"https:\/\/www.hotelvillacappugi.com\/fr\/salle-de-reunion-pistoia\/#breadcrumb\",\"itemListElement\":[{\"@type\":\"ListItem\",\"position\":1,\"name\":\"Home\",\"item\":\"https:\/\/www.hotelvillacappugi.com\/fr\/\"},{\"@type\":\"ListItem\",\"position\":2,\"name\":\"Salle de r\u00e9union Pistoia\"}]},{\"@type\":\"WebSite\",\"@id\":\"https:\/\/www.hotelvillacappugi.com\/fr\/#website\",\"url\":\"https:\/\/www.hotelvillacappugi.com\/fr\/\",\"name\":\"Hotel Villa Cappugi\",\"description\":\"Hotel 4 Stelle a Pistoia\",\"publisher\":{\"@id\":\"https:\/\/www.hotelvillacappugi.com\/fr\/#organization\"},\"potentialAction\":[{\"@type\":\"SearchAction\",\"target\":{\"@type\":\"EntryPoint\",\"urlTemplate\":\"https:\/\/www.hotelvillacappugi.com\/fr\/?s={search_term_string}\"},\"query-input\":{\"@type\":\"PropertyValueSpecification\",\"valueRequired\":true,\"valueName\":\"search_term_string\"}}],\"inLanguage\":\"fr-FR\"},{\"@type\":\"Organization\",\"@id\":\"https:\/\/www.hotelvillacappugi.com\/fr\/#organization\",\"name\":\"Hotel Villa Cappugi\",\"url\":\"https:\/\/www.hotelvillacappugi.com\/fr\/\",\"logo\":{\"@type\":\"ImageObject\",\"inLanguage\":\"fr-FR\",\"@id\":\"https:\/\/www.hotelvillacappugi.com\/fr\/#\/schema\/logo\/image\/\",\"url\":\"http:\/\/www.hotelvillacappugi.com\/wp-content\/uploads\/2018\/10\/Logo-Villa-Cappugi.png\",\"contentUrl\":\"http:\/\/www.hotelvillacappugi.com\/wp-content\/uploads\/2018\/10\/Logo-Villa-Cappugi.png\",\"width\":200,\"height\":122,\"caption\":\"Hotel Villa Cappugi\"},\"image\":{\"@id\":\"https:\/\/www.hotelvillacappugi.com\/fr\/#\/schema\/logo\/image\/\"},\"sameAs\":[\"https:\/\/www.facebook.com\/hotelvillacappugi\/\",\"https:\/\/www.instagram.com\/villacappugipistoia\/\"]}]}<\/script>\n<!-- \/ Yoast SEO plugin. -->","yoast_head_json":{"title":"SALLE DE R\u00c9UNION PISTOIA - Hotel Villa Cappugi","description":"Salles de r\u00e9union \u00e9quip\u00e9es \u00e0 Pistoia: 5 espaces modulables pouvant accueillir confortablement jusqu\u2019\u00e0 350 personnes.","robots":{"index":"index","follow":"follow","max-snippet":"max-snippet:-1","max-image-preview":"max-image-preview:large","max-video-preview":"max-video-preview:-1"},"canonical":"https:\/\/www.hotelvillacappugi.com\/fr\/salle-de-reunion-pistoia\/","og_locale":"fr_FR","og_type":"article","og_title":"SALLE DE R\u00c9UNION PISTOIA - Hotel Villa Cappugi","og_description":"Salles de r\u00e9union \u00e9quip\u00e9es \u00e0 Pistoia: 5 espaces modulables pouvant accueillir confortablement jusqu\u2019\u00e0 350 personnes.","og_url":"https:\/\/www.hotelvillacappugi.com\/fr\/salle-de-reunion-pistoia\/","og_site_name":"Hotel Villa Cappugi","article_publisher":"https:\/\/www.facebook.com\/hotelvillacappugi\/","article_modified_time":"2025-07-14T08:32:17+00:00","twitter_card":"summary_large_image","twitter_misc":{"Dur\u00e9e de lecture estim\u00e9e":"3 minutes"},"schema":{"@context":"https:\/\/schema.org","@graph":[{"@type":"WebPage","@id":"https:\/\/www.hotelvillacappugi.com\/fr\/salle-de-reunion-pistoia\/","url":"https:\/\/www.hotelvillacappugi.com\/fr\/salle-de-reunion-pistoia\/","name":"SALLE DE R\u00c9UNION PISTOIA - Hotel Villa Cappugi","isPartOf":{"@id":"https:\/\/www.hotelvillacappugi.com\/fr\/#website"},"datePublished":"2021-12-15T14:41:15+00:00","dateModified":"2025-07-14T08:32:17+00:00","description":"Salles de r\u00e9union \u00e9quip\u00e9es \u00e0 Pistoia: 5 espaces modulables pouvant accueillir confortablement jusqu\u2019\u00e0 350 personnes.","breadcrumb":{"@id":"https:\/\/www.hotelvillacappugi.com\/fr\/salle-de-reunion-pistoia\/#breadcrumb"},"inLanguage":"fr-FR","potentialAction":[{"@type":"ReadAction","target":["https:\/\/www.hotelvillacappugi.com\/fr\/salle-de-reunion-pistoia\/"]}]},{"@type":"BreadcrumbList","@id":"https:\/\/www.hotelvillacappugi.com\/fr\/salle-de-reunion-pistoia\/#breadcrumb","itemListElement":[{"@type":"ListItem","position":1,"name":"Home","item":"https:\/\/www.hotelvillacappugi.com\/fr\/"},{"@type":"ListItem","position":2,"name":"Salle de r\u00e9union Pistoia"}]},{"@type":"WebSite","@id":"https:\/\/www.hotelvillacappugi.com\/fr\/#website","url":"https:\/\/www.hotelvillacappugi.com\/fr\/","name":"Hotel Villa Cappugi","description":"Hotel 4 Stelle a Pistoia","publisher":{"@id":"https:\/\/www.hotelvillacappugi.com\/fr\/#organization"},"potentialAction":[{"@type":"SearchAction","target":{"@type":"EntryPoint","urlTemplate":"https:\/\/www.hotelvillacappugi.com\/fr\/?s={search_term_string}"},"query-input":{"@type":"PropertyValueSpecification","valueRequired":true,"valueName":"search_term_string"}}],"inLanguage":"fr-FR"},{"@type":"Organization","@id":"https:\/\/www.hotelvillacappugi.com\/fr\/#organization","name":"Hotel Villa Cappugi","url":"https:\/\/www.hotelvillacappugi.com\/fr\/","logo":{"@type":"ImageObject","inLanguage":"fr-FR","@id":"https:\/\/www.hotelvillacappugi.com\/fr\/#\/schema\/logo\/image\/","url":"http:\/\/www.hotelvillacappugi.com\/wp-content\/uploads\/2018\/10\/Logo-Villa-Cappugi.png","contentUrl":"http:\/\/www.hotelvillacappugi.com\/wp-content\/uploads\/2018\/10\/Logo-Villa-Cappugi.png","width":200,"height":122,"caption":"Hotel Villa Cappugi"},"image":{"@id":"https:\/\/www.hotelvillacappugi.com\/fr\/#\/schema\/logo\/image\/"},"sameAs":["https:\/\/www.facebook.com\/hotelvillacappugi\/","https:\/\/www.instagram.com\/villacappugipistoia\/"]}]}},"_links":{"self":[{"href":"https:\/\/www.hotelvillacappugi.com\/fr\/wp-json\/wp\/v2\/pages\/26494","targetHints":{"allow":["GET"]}}],"collection":[{"href":"https:\/\/www.hotelvillacappugi.com\/fr\/wp-json\/wp\/v2\/pages"}],"about":[{"href":"https:\/\/www.hotelvillacappugi.com\/fr\/wp-json\/wp\/v2\/types\/page"}],"author":[{"embeddable":true,"href":"https:\/\/www.hotelvillacappugi.com\/fr\/wp-json\/wp\/v2\/users\/1"}],"replies":[{"embeddable":true,"href":"https:\/\/www.hotelvillacappugi.com\/fr\/wp-json\/wp\/v2\/comments?post=26494"}],"version-history":[{"count":3,"href":"https:\/\/www.hotelvillacappugi.com\/fr\/wp-json\/wp\/v2\/pages\/26494\/revisions"}],"predecessor-version":[{"id":45577,"href":"https:\/\/www.hotelvillacappugi.com\/fr\/wp-json\/wp\/v2\/pages\/26494\/revisions\/45577"}],"wp:attachment":[{"href":"https:\/\/www.hotelvillacappugi.com\/fr\/wp-json\/wp\/v2\/media?parent=26494"}],"curies":[{"name":"wp","href":"https:\/\/api.w.org\/{rel}","templated":true}]}}