{"id":26287,"date":"2021-12-15T17:23:07","date_gmt":"2021-12-15T16:23:07","guid":{"rendered":"http:\/\/www.hotelvillacappugi.com\/offerte-vacanze-pistoia\/"},"modified":"2025-07-14T10:40:42","modified_gmt":"2025-07-14T08:40:42","slug":"offres-de-vacances-pistoia","status":"publish","type":"page","link":"https:\/\/www.hotelvillacappugi.com\/fr\/offres-de-vacances-pistoia\/","title":{"rendered":"Offres Pistoia"},"content":{"rendered":"<p>[vc_row full_width=&#8221;stretch_row&#8221; parallax=&#8221;content-moving&#8221; parallax_image=&#8221;3006&#8243; parallax_speed_bg=&#8221;2.5&#8243; bg_media_opacity=&#8221;0.4&#8243; css=&#8221;.vc_custom_1639668064504{padding-top: 250px !important;padding-bottom: 250px !important;background-color: #544343 !important;}&#8221; el_class=&#8221;patternbg&#8221;][vc_column offset=&#8221;vc_col-lg-offset-2 vc_col-lg-8&#8243;][vc_column_text]<\/p>\n<h3 style=\"text-align: center;\"><span style=\"color: #ffffff;\">Offres<\/span><\/h3>\n<p>[\/vc_column_text][\/vc_column][\/vc_row][vc_row css=&#8221;.vc_custom_1639566544018{margin-top: 0px !important;padding-top: 0px !important;}&#8221;][vc_column][vc_column_text css=&#8221;.vc_custom_1640595309635{padding-top: 50px !important;}&#8221;]<\/p>\n<h4 style=\"text-align: center;\">Nos meilleures propositions pour vos vacances \u00e0 l&#8217;H\u00f4tel Villa Cappugi<\/h4>\n<p>[\/vc_column_text][\/vc_column][\/vc_row][vc_row css=&#8221;.vc_custom_1639584941982{padding-bottom: 30px !important;}&#8221;][vc_column][vc_masonry_grid post_type=&#8221;post&#8221; max_items=&#8221;-1&#8243; orderby=&#8221;menu_order&#8221; item=&#8221;masonryGrid_FadeIn&#8221; grid_id=&#8221;vc_gid:1640595211556-6847d03c-96e7-4&#8243; taxonomies=&#8221;256&#8243;][\/vc_column][\/vc_row]<\/p>\n","protected":false},"excerpt":{"rendered":"<p>[vc_row full_width=&#8221;stretch_row&#8221; parallax=&#8221;content-moving&#8221; parallax_image=&#8221;3006&#8243; parallax_speed_bg=&#8221;2.5&#8243; bg_media_opacity=&#8221;0.4&#8243; css=&#8221;.vc_custom_1639668064504{padding-top: 250px !important;padding-bottom: 250px !important;background-color: #544343 !important;}&#8221; el_class=&#8221;patternbg&#8221;][vc_column offset=&#8221;vc_col-lg-offset-2 vc_col-lg-8&#8243;][vc_column_text] Offres [\/vc_column_text][\/vc_column][\/vc_row][vc_row&#8230;<\/p>\n","protected":false},"author":1,"featured_media":0,"parent":0,"menu_order":0,"comment_status":"closed","ping_status":"closed","template":"","meta":{"footnotes":""},"class_list":["post-26287","page","type-page","status-publish","hentry"],"yoast_head":"<!-- This site is optimized with the Yoast SEO plugin v26.1 - https:\/\/yoast.com\/wordpress\/plugins\/seo\/ -->\n<title>Offres de vacances \u00e0 Pistoia - Hotel Villa Cappugi<\/title>\n<meta name=\"description\" content=\"hotelvillacappugi.com - Offres Vacances Pistoia, derni\u00e8re minute et tarifs sp\u00e9ciaux pour vos vacances dans un h\u00f4tel \u00e0 Pistoia.\" \/>\n<meta name=\"robots\" content=\"index, follow, max-snippet:-1, max-image-preview:large, max-video-preview:-1\" \/>\n<link rel=\"canonical\" href=\"https:\/\/www.hotelvillacappugi.com\/fr\/offres-de-vacances-pistoia\/\" \/>\n<meta property=\"og:locale\" content=\"fr_FR\" \/>\n<meta property=\"og:type\" content=\"article\" \/>\n<meta property=\"og:title\" content=\"Offres de vacances \u00e0 Pistoia - Hotel Villa Cappugi\" \/>\n<meta property=\"og:description\" content=\"hotelvillacappugi.com - Offres Vacances Pistoia, derni\u00e8re minute et tarifs sp\u00e9ciaux pour vos vacances dans un h\u00f4tel \u00e0 Pistoia.\" \/>\n<meta property=\"og:url\" content=\"https:\/\/www.hotelvillacappugi.com\/fr\/offres-de-vacances-pistoia\/\" \/>\n<meta property=\"og:site_name\" content=\"Hotel Villa Cappugi\" \/>\n<meta property=\"article:publisher\" content=\"https:\/\/www.facebook.com\/hotelvillacappugi\/\" \/>\n<meta property=\"article:modified_time\" content=\"2025-07-14T08:40:42+00:00\" \/>\n<meta name=\"twitter:card\" content=\"summary_large_image\" \/>\n<meta name=\"twitter:label1\" content=\"Dur\u00e9e de lecture estim\u00e9e\" \/>\n\t<meta name=\"twitter:data1\" content=\"1 minute\" \/>\n<script type=\"application\/ld+json\" class=\"yoast-schema-graph\">{\"@context\":\"https:\/\/schema.org\",\"@graph\":[{\"@type\":\"WebPage\",\"@id\":\"https:\/\/www.hotelvillacappugi.com\/fr\/offres-de-vacances-pistoia\/\",\"url\":\"https:\/\/www.hotelvillacappugi.com\/fr\/offres-de-vacances-pistoia\/\",\"name\":\"Offres de vacances \u00e0 Pistoia - Hotel Villa Cappugi\",\"isPartOf\":{\"@id\":\"https:\/\/www.hotelvillacappugi.com\/fr\/#website\"},\"datePublished\":\"2021-12-15T16:23:07+00:00\",\"dateModified\":\"2025-07-14T08:40:42+00:00\",\"description\":\"hotelvillacappugi.com - Offres Vacances Pistoia, derni\u00e8re minute et tarifs sp\u00e9ciaux pour vos vacances dans un h\u00f4tel \u00e0 Pistoia.\",\"breadcrumb\":{\"@id\":\"https:\/\/www.hotelvillacappugi.com\/fr\/offres-de-vacances-pistoia\/#breadcrumb\"},\"inLanguage\":\"fr-FR\",\"potentialAction\":[{\"@type\":\"ReadAction\",\"target\":[\"https:\/\/www.hotelvillacappugi.com\/fr\/offres-de-vacances-pistoia\/\"]}]},{\"@type\":\"BreadcrumbList\",\"@id\":\"https:\/\/www.hotelvillacappugi.com\/fr\/offres-de-vacances-pistoia\/#breadcrumb\",\"itemListElement\":[{\"@type\":\"ListItem\",\"position\":1,\"name\":\"Home\",\"item\":\"https:\/\/www.hotelvillacappugi.com\/fr\/\"},{\"@type\":\"ListItem\",\"position\":2,\"name\":\"Offres Pistoia\"}]},{\"@type\":\"WebSite\",\"@id\":\"https:\/\/www.hotelvillacappugi.com\/fr\/#website\",\"url\":\"https:\/\/www.hotelvillacappugi.com\/fr\/\",\"name\":\"Hotel Villa Cappugi\",\"description\":\"Hotel 4 Stelle a Pistoia\",\"publisher\":{\"@id\":\"https:\/\/www.hotelvillacappugi.com\/fr\/#organization\"},\"potentialAction\":[{\"@type\":\"SearchAction\",\"target\":{\"@type\":\"EntryPoint\",\"urlTemplate\":\"https:\/\/www.hotelvillacappugi.com\/fr\/?s={search_term_string}\"},\"query-input\":{\"@type\":\"PropertyValueSpecification\",\"valueRequired\":true,\"valueName\":\"search_term_string\"}}],\"inLanguage\":\"fr-FR\"},{\"@type\":\"Organization\",\"@id\":\"https:\/\/www.hotelvillacappugi.com\/fr\/#organization\",\"name\":\"Hotel Villa Cappugi\",\"url\":\"https:\/\/www.hotelvillacappugi.com\/fr\/\",\"logo\":{\"@type\":\"ImageObject\",\"inLanguage\":\"fr-FR\",\"@id\":\"https:\/\/www.hotelvillacappugi.com\/fr\/#\/schema\/logo\/image\/\",\"url\":\"http:\/\/www.hotelvillacappugi.com\/wp-content\/uploads\/2018\/10\/Logo-Villa-Cappugi.png\",\"contentUrl\":\"http:\/\/www.hotelvillacappugi.com\/wp-content\/uploads\/2018\/10\/Logo-Villa-Cappugi.png\",\"width\":200,\"height\":122,\"caption\":\"Hotel Villa Cappugi\"},\"image\":{\"@id\":\"https:\/\/www.hotelvillacappugi.com\/fr\/#\/schema\/logo\/image\/\"},\"sameAs\":[\"https:\/\/www.facebook.com\/hotelvillacappugi\/\",\"https:\/\/www.instagram.com\/villacappugipistoia\/\"]}]}<\/script>\n<!-- \/ Yoast SEO plugin. -->","yoast_head_json":{"title":"Offres de vacances \u00e0 Pistoia - Hotel Villa Cappugi","description":"hotelvillacappugi.com - Offres Vacances Pistoia, derni\u00e8re minute et tarifs sp\u00e9ciaux pour vos vacances dans un h\u00f4tel \u00e0 Pistoia.","robots":{"index":"index","follow":"follow","max-snippet":"max-snippet:-1","max-image-preview":"max-image-preview:large","max-video-preview":"max-video-preview:-1"},"canonical":"https:\/\/www.hotelvillacappugi.com\/fr\/offres-de-vacances-pistoia\/","og_locale":"fr_FR","og_type":"article","og_title":"Offres de vacances \u00e0 Pistoia - Hotel Villa Cappugi","og_description":"hotelvillacappugi.com - Offres Vacances Pistoia, derni\u00e8re minute et tarifs sp\u00e9ciaux pour vos vacances dans un h\u00f4tel \u00e0 Pistoia.","og_url":"https:\/\/www.hotelvillacappugi.com\/fr\/offres-de-vacances-pistoia\/","og_site_name":"Hotel Villa Cappugi","article_publisher":"https:\/\/www.facebook.com\/hotelvillacappugi\/","article_modified_time":"2025-07-14T08:40:42+00:00","twitter_card":"summary_large_image","twitter_misc":{"Dur\u00e9e de lecture estim\u00e9e":"1 minute"},"schema":{"@context":"https:\/\/schema.org","@graph":[{"@type":"WebPage","@id":"https:\/\/www.hotelvillacappugi.com\/fr\/offres-de-vacances-pistoia\/","url":"https:\/\/www.hotelvillacappugi.com\/fr\/offres-de-vacances-pistoia\/","name":"Offres de vacances \u00e0 Pistoia - Hotel Villa Cappugi","isPartOf":{"@id":"https:\/\/www.hotelvillacappugi.com\/fr\/#website"},"datePublished":"2021-12-15T16:23:07+00:00","dateModified":"2025-07-14T08:40:42+00:00","description":"hotelvillacappugi.com - Offres Vacances Pistoia, derni\u00e8re minute et tarifs sp\u00e9ciaux pour vos vacances dans un h\u00f4tel \u00e0 Pistoia.","breadcrumb":{"@id":"https:\/\/www.hotelvillacappugi.com\/fr\/offres-de-vacances-pistoia\/#breadcrumb"},"inLanguage":"fr-FR","potentialAction":[{"@type":"ReadAction","target":["https:\/\/www.hotelvillacappugi.com\/fr\/offres-de-vacances-pistoia\/"]}]},{"@type":"BreadcrumbList","@id":"https:\/\/www.hotelvillacappugi.com\/fr\/offres-de-vacances-pistoia\/#breadcrumb","itemListElement":[{"@type":"ListItem","position":1,"name":"Home","item":"https:\/\/www.hotelvillacappugi.com\/fr\/"},{"@type":"ListItem","position":2,"name":"Offres Pistoia"}]},{"@type":"WebSite","@id":"https:\/\/www.hotelvillacappugi.com\/fr\/#website","url":"https:\/\/www.hotelvillacappugi.com\/fr\/","name":"Hotel Villa Cappugi","description":"Hotel 4 Stelle a Pistoia","publisher":{"@id":"https:\/\/www.hotelvillacappugi.com\/fr\/#organization"},"potentialAction":[{"@type":"SearchAction","target":{"@type":"EntryPoint","urlTemplate":"https:\/\/www.hotelvillacappugi.com\/fr\/?s={search_term_string}"},"query-input":{"@type":"PropertyValueSpecification","valueRequired":true,"valueName":"search_term_string"}}],"inLanguage":"fr-FR"},{"@type":"Organization","@id":"https:\/\/www.hotelvillacappugi.com\/fr\/#organization","name":"Hotel Villa Cappugi","url":"https:\/\/www.hotelvillacappugi.com\/fr\/","logo":{"@type":"ImageObject","inLanguage":"fr-FR","@id":"https:\/\/www.hotelvillacappugi.com\/fr\/#\/schema\/logo\/image\/","url":"http:\/\/www.hotelvillacappugi.com\/wp-content\/uploads\/2018\/10\/Logo-Villa-Cappugi.png","contentUrl":"http:\/\/www.hotelvillacappugi.com\/wp-content\/uploads\/2018\/10\/Logo-Villa-Cappugi.png","width":200,"height":122,"caption":"Hotel Villa Cappugi"},"image":{"@id":"https:\/\/www.hotelvillacappugi.com\/fr\/#\/schema\/logo\/image\/"},"sameAs":["https:\/\/www.facebook.com\/hotelvillacappugi\/","https:\/\/www.instagram.com\/villacappugipistoia\/"]}]}},"_links":{"self":[{"href":"https:\/\/www.hotelvillacappugi.com\/fr\/wp-json\/wp\/v2\/pages\/26287","targetHints":{"allow":["GET"]}}],"collection":[{"href":"https:\/\/www.hotelvillacappugi.com\/fr\/wp-json\/wp\/v2\/pages"}],"about":[{"href":"https:\/\/www.hotelvillacappugi.com\/fr\/wp-json\/wp\/v2\/types\/page"}],"author":[{"embeddable":true,"href":"https:\/\/www.hotelvillacappugi.com\/fr\/wp-json\/wp\/v2\/users\/1"}],"replies":[{"embeddable":true,"href":"https:\/\/www.hotelvillacappugi.com\/fr\/wp-json\/wp\/v2\/comments?post=26287"}],"version-history":[{"count":2,"href":"https:\/\/www.hotelvillacappugi.com\/fr\/wp-json\/wp\/v2\/pages\/26287\/revisions"}],"predecessor-version":[{"id":45589,"href":"https:\/\/www.hotelvillacappugi.com\/fr\/wp-json\/wp\/v2\/pages\/26287\/revisions\/45589"}],"wp:attachment":[{"href":"https:\/\/www.hotelvillacappugi.com\/fr\/wp-json\/wp\/v2\/media?parent=26287"}],"curies":[{"name":"wp","href":"https:\/\/api.w.org\/{rel}","templated":true}]}}