{"id":26142,"date":"2021-12-15T13:59:21","date_gmt":"2021-12-15T12:59:21","guid":{"rendered":"http:\/\/www.hotelvillacappugi.com\/ristorante-pistoia\/"},"modified":"2025-07-14T09:53:56","modified_gmt":"2025-07-14T07:53:56","slug":"restaurant-pistoia","status":"publish","type":"page","link":"https:\/\/www.hotelvillacappugi.com\/fr\/restaurant-pistoia\/","title":{"rendered":"Restaurant"},"content":{"rendered":"<p>[vc_row full_width=&#8221;stretch_row&#8221; parallax=&#8221;content-moving&#8221; parallax_image=&#8221;3109&#8243; parallax_speed_bg=&#8221;2.5&#8243; bg_media_opacity=&#8221;0.4&#8243; css=&#8221;.vc_custom_1639668445822{padding-top: 250px !important;padding-bottom: 250px !important;background-color: #544343 !important;}&#8221; el_class=&#8221;patternbg&#8221;][vc_column offset=&#8221;vc_col-lg-offset-2 vc_col-lg-8&#8243;][vc_column_text]<\/p>\n<h3 style=\"text-align: center;\"><span style=\"color: #ffffff;\">Restaurant Collegigliato<\/span><\/h3>\n<p style=\"text-align: center;\"><span style=\"color: #ffffff;\">Le restaurant Collegigliato de Pistoia, situ\u00e9 juste en face de l&#8217;h\u00f4tel Villa Cappugi, propose \u00e0 tous ses clients une cuisine toscane avec une touche moderne.<\/span><\/p>\n<p>[\/vc_column_text][\/vc_column][\/vc_row][vc_row css=&#8221;.vc_custom_1639566544018{margin-top: 0px !important;padding-top: 0px !important;}&#8221;][vc_column width=&#8221;1\/4&#8243;][\/vc_column][vc_column width=&#8221;1\/2&#8243;][vc_column_text css=&#8221;.vc_custom_1640259023981{padding-top: 50px !important;}&#8221;]<\/p>\n<p style=\"text-align: center;\">Avec des combinaisons originales de saveurs d\u00e9licieuses accompagn\u00e9es d&#8217;un excellent choix de vins locaux, avec plus de 200 \u00e9tiquettes, dont des rouges et blancs toscans et r\u00e9gionaux italiens.<\/p>\n<p style=\"text-align: center;\">Le restaurant accorde une grande attention \u00e0 la qualit\u00e9 des produits, toujours frais et de la plus haute qualit\u00e9 pour assurer des plats avec une saveur unique qui repr\u00e9sentent pleinement le territoire toscan.<\/p>\n<p>[\/vc_column_text][\/vc_column][vc_column width=&#8221;1\/4&#8243;][\/vc_column][\/vc_row][vc_row full_width=&#8221;stretch_row_content&#8221;][vc_column][vc_media_grid element_width=&#8221;3&#8243; gap=&#8221;10&#8243; grid_id=&#8221;vc_gid:1640258956865-6f820da65ecb19541397aeb497f35380-6&#8243; include=&#8221;3100,3101,3097,3102&#8243;][\/vc_column][\/vc_row][vc_row][vc_column width=&#8221;1\/4&#8243;][\/vc_column][vc_column width=&#8221;1\/2&#8243;][vc_column_text]<\/p>\n<h5 style=\"text-align: center;\"><span style=\"color: #09355c;\">LOCALISATION<\/span><\/h5>\n<p>[\/vc_column_text][vc_separator color=&#8221;custom&#8221; border_width=&#8221;2&#8243; el_width=&#8221;10&#8243; accent_color=&#8221;#09355c&#8221;][vc_column_text]<\/p>\n<p style=\"text-align: center;\">Les salles anciennes du restaurant se pr\u00eatent bien \u00e0 un accueil intime pour de petits \u00e9v\u00e9nements ou d\u00eeners romantiques mais aussi pour tout type d&#8217;\u00e9v\u00e9nement et vous pourrez choisir entre la v\u00e9randa tr\u00e8s lumineuse, le jardin des Oliviers, La Haye ou les salles int\u00e9rieures tr\u00e8s \u00e9l\u00e9gantes.<\/p>\n<p>[\/vc_column_text][\/vc_column][vc_column width=&#8221;1\/4&#8243;][\/vc_column][\/vc_row][vc_row full_width=&#8221;stretch_row&#8221; parallax=&#8221;content-moving&#8221; parallax_image=&#8221;3101&#8243; parallax_speed_bg=&#8221;2.5&#8243; bg_media_opacity=&#8221;0.4&#8243; css=&#8221;.vc_custom_1639574995317{margin-top: 50px !important;padding-top: 150px !important;background-color: #544a4a !important;}&#8221;][vc_column width=&#8221;2\/3&#8243; offset=&#8221;vc_col-lg-offset-2 vc_col-lg-8&#8243;][vc_column_text]<\/p>\n<h4 style=\"text-align: center;\"><span style=\"color: #ffffff;\">Pour vos \u00e9v\u00e9nements, le restaurant de Pistoia Collegigliato est l&#8217;endroit id\u00e9al car il organise des buffets, des banquets, des d\u00eeners de gala ou des d\u00e9jeuners d&#8217;affaires pour les voyageurs d&#8217;affaires.<\/span><\/h4>\n<p>[\/vc_column_text][vc_btn title=&#8221;NOUS CONTACTER&#8221; style=&#8221;classic&#8221; shape=&#8221;round&#8221; color=&#8221;default&#8221; size=&#8221;lg&#8221; align=&#8221;center&#8221; css=&#8221;.vc_custom_1640259108263{padding-top: 30px !important;}&#8221; link=&#8221;url:%2Ffr%2Fquatre-etoiles-hotel-pistoia%2F|title:Contatti&#8221;][\/vc_column][\/vc_row][vc_row][vc_column][vc_column_text]<\/p>\n<h5 style=\"text-align: center;\"><span style=\"color: #09355c;\">DEMANDEZ LA DISPONIBILIT\u00c9<br \/>\n<\/span><\/h5>\n<p>[\/vc_column_text][vc_separator color=&#8221;custom&#8221; border_width=&#8221;2&#8243; el_width=&#8221;10&#8243; accent_color=&#8221;#09355c&#8221;][vc_row_inner][vc_column_inner width=&#8221;1\/6&#8243;][\/vc_column_inner][vc_column_inner width=&#8221;2\/3&#8243;]\n<div class=\"wpcf7 no-js\" id=\"wpcf7-f19947-o1\" lang=\"it-IT\" dir=\"ltr\" data-wpcf7-id=\"19947\">\n<div class=\"screen-reader-response\"><p role=\"status\" aria-live=\"polite\" aria-atomic=\"true\"><\/p> <ul><\/ul><\/div>\n<form action=\"\/fr\/wp-json\/wp\/v2\/pages\/26142#wpcf7-f19947-o1\" method=\"post\" class=\"wpcf7-form init wpcf7-acceptance-as-validation\" aria-label=\"Modulo di contatto\" novalidate=\"novalidate\" data-status=\"init\">\n<fieldset class=\"hidden-fields-container\"><input type=\"hidden\" name=\"_wpcf7\" value=\"19947\" \/><input type=\"hidden\" name=\"_wpcf7_version\" value=\"6.1.2\" \/><input type=\"hidden\" name=\"_wpcf7_locale\" value=\"it_IT\" \/><input type=\"hidden\" name=\"_wpcf7_unit_tag\" value=\"wpcf7-f19947-o1\" \/><input type=\"hidden\" name=\"_wpcf7_container_post\" value=\"0\" \/><input type=\"hidden\" name=\"_wpcf7_posted_data_hash\" value=\"\" \/><input type=\"hidden\" name=\"_wpcf7dtx_version\" value=\"5.0.3\" \/><input type=\"hidden\" name=\"_wpcf7_recaptcha_response\" value=\"\" \/>\n<\/fieldset>\n<div class=\"row form-group\">\n\t<div class=\"col-md-6\">\n\t\t<div class=\"form-col\">\n\t\t\t<p><span class=\"wpcf7-form-control-wrap\" data-name=\"nome\"><input size=\"40\" maxlength=\"400\" class=\"wpcf7-form-control wpcf7-text wpcf7-validates-as-required\" aria-required=\"true\" aria-invalid=\"false\" placeholder=\"Pr\u00e9nom\" value=\"\" type=\"text\" name=\"nome\" \/><\/span>\n\t\t\t<\/p>\n\t\t<\/div>\n\t<\/div>\n\t<div class=\"col-md-6\">\n\t\t<div class=\"form-col\">\n\t\t\t<p><span class=\"wpcf7-form-control-wrap\" data-name=\"cognome\"><input size=\"40\" maxlength=\"400\" class=\"wpcf7-form-control wpcf7-text wpcf7-validates-as-required\" aria-required=\"true\" aria-invalid=\"false\" placeholder=\"Nom de famille\" value=\"\" type=\"text\" name=\"cognome\" \/><\/span>\n\t\t\t<\/p>\n\t\t<\/div>\n\t<\/div>\n<\/div>\n<div class=\"row form-group\">\n\t<div class=\"col-md-6\">\n\t\t<div class=\"form-col\">\n\t\t\t<p><span class=\"wpcf7-form-control-wrap\" data-name=\"email\"><input size=\"40\" maxlength=\"400\" class=\"wpcf7-form-control wpcf7-email wpcf7-validates-as-required wpcf7-text wpcf7-validates-as-email\" aria-required=\"true\" aria-invalid=\"false\" placeholder=\"Email\" value=\"\" type=\"email\" name=\"email\" \/><\/span>\n\t\t\t<\/p>\n\t\t<\/div>\n\t<\/div>\n\t<div class=\"col-md-6\">\n\t\t<div class=\"form-col\">\n\t\t\t<p><span class=\"wpcf7-form-control-wrap\" data-name=\"telefono\"><input size=\"40\" maxlength=\"400\" class=\"wpcf7-form-control wpcf7-text wpcf7-validates-as-required\" aria-required=\"true\" aria-invalid=\"false\" placeholder=\"T\u00e9l\u00e9phoner\" value=\"\" type=\"text\" name=\"telefono\" \/><\/span>\n\t\t\t<\/p>\n\t\t<\/div>\n\t<\/div>\n<\/div>\n<div class=\"row form-group\">\n\t<div class=\"col-md-4\">\n\t\t<div class=\"form-col\">\n\t\t\t<p>Jour\n\t\t\t<\/p>\n\t\t\t<p><span class=\"wpcf7-form-control-wrap\" data-name=\"arrivo\"><input class=\"wpcf7-form-control wpcf7-date wpcf7-validates-as-date\" aria-invalid=\"false\" placeholder=\"Check In\" value=\"\" type=\"date\" name=\"arrivo\" \/><\/span>\n\t\t\t<\/p>\n\t\t<\/div>\n\t<\/div>\n\t<div class=\"col-md-4\">\n\t\t<div class=\"form-col\">\n\t\t\t<p>D\u00e9jeuner \/ D\u00eener\n\t\t\t<\/p>\n\t\t\t<p><span class=\"wpcf7-form-control-wrap\" data-name=\"occasione\"><select class=\"wpcf7-form-control wpcf7-select\" aria-invalid=\"false\" name=\"occasione\"><option value=\"\">&#8212;Seleziona un&#039;opzione&#8212;<\/option><option value=\"D\u00e9jeuner\">D\u00e9jeuner<\/option><option value=\"D\u00eener\">D\u00eener<\/option><\/select><\/span>\n\t\t\t<\/p>\n\t\t<\/div>\n\t<\/div>\n\t<div class=\"col-md-4\">\n\t\t<div class=\"form-col\">\n\t\t\t<p>Nombre de personnes\n\t\t\t<\/p>\n\t\t\t<p><span class=\"wpcf7-form-control-wrap\" data-name=\"coperti\"><select class=\"wpcf7-form-control wpcf7-select\" aria-invalid=\"false\" name=\"coperti\"><option value=\"\">&#8212;Seleziona un&#039;opzione&#8212;<\/option><option value=\"1\">1<\/option><option value=\"2\">2<\/option><option value=\"3\">3<\/option><option value=\"4\">4<\/option><option value=\"5\">5<\/option><option value=\"6\">6<\/option><option value=\"7\">7<\/option><option value=\"8\">8<\/option><option value=\"9\">9<\/option><option value=\"10\">10<\/option><option value=\"11\">11<\/option><option value=\"12\">12<\/option><option value=\"plus de 12 personnes\">plus de 12 personnes<\/option><\/select><\/span>\n\t\t\t<\/p>\n\t\t<\/div>\n\t<\/div>\n<\/div>\n<div class=\"row form-group\">\n\t<div class=\"col-md-12\">\n\t\t<div class=\"form-col\">\n\t\t\t<p><span class=\"wpcf7-form-control-wrap\" data-name=\"messaggio\"><textarea cols=\"40\" rows=\"6\" maxlength=\"2000\" class=\"wpcf7-form-control wpcf7-textarea\" aria-invalid=\"false\" placeholder=\"D\u00e9tails de la demande\" name=\"messaggio\"><\/textarea><\/span>\n\t\t\t<\/p>\n\t\t<\/div>\n\t<\/div>\n<\/div>\n<div class=\"row form-group\">\n\t<div class=\"col-md-12\">\n\t\t<div class=\"form-col\">\n\t\t\t<p><span class=\"wpcf7-form-control-wrap\" data-name=\"privacy\"><span class=\"wpcf7-form-control wpcf7-acceptance\"><span class=\"wpcf7-list-item\"><label><input type=\"checkbox\" name=\"privacy\" value=\"1\" aria-invalid=\"false\" \/><span class=\"wpcf7-list-item-label\">J'autorise le site \u00e0 g\u00e9rer mes donn\u00e9es pour r\u00e9pondre \u00e0 ma demande. Les donn\u00e9es peuvent \u00eatre enregistr\u00e9es sur ce site mais leur annulation peut \u00eatre demand\u00e9e comme d\u00e9crit dans la <a href=\"\/privacy\/\" target=\"_blank\" title=\"Privacy\"> page de confidentialit\u00e9 <\/a><\/span><\/label><\/span><\/span><\/span>\n\t\t\t<\/p>\n\t\t<\/div>\n\t<\/div>\n<\/div>\n<div class=\"row form-group\">\n\t<div class=\"col-md-12\">\n\t\t<div class=\"form-col\">\n\t\t\t<p><input class=\"wpcf7-form-control wpcf7-submit has-spinner milenia-btn milenia-btn--scheme-dark milenia-btn--unbordered\" type=\"submit\" value=\"ENVOYER\" \/>\n\t\t\t<\/p>\n\t\t<\/div>\n\t<\/div>\n<\/div><div class=\"wpcf7-response-output\" aria-hidden=\"true\"><\/div>\n<\/form>\n<\/div>\n[\/vc_column_inner][vc_column_inner width=&#8221;1\/6&#8243;][\/vc_column_inner][\/vc_row_inner][\/vc_column][\/vc_row]<\/p>\n","protected":false},"excerpt":{"rendered":"<p>[vc_row full_width=&#8221;stretch_row&#8221; parallax=&#8221;content-moving&#8221; parallax_image=&#8221;3109&#8243; parallax_speed_bg=&#8221;2.5&#8243; bg_media_opacity=&#8221;0.4&#8243; css=&#8221;.vc_custom_1639668445822{padding-top: 250px !important;padding-bottom: 250px !important;background-color: #544343 !important;}&#8221; el_class=&#8221;patternbg&#8221;][vc_column offset=&#8221;vc_col-lg-offset-2 vc_col-lg-8&#8243;][vc_column_text] Restaurant Collegigliato&#8230;<\/p>\n","protected":false},"author":1,"featured_media":0,"parent":0,"menu_order":78,"comment_status":"closed","ping_status":"closed","template":"","meta":{"footnotes":""},"class_list":["post-26142","page","type-page","status-publish","hentry"],"yoast_head":"<!-- This site is optimized with the Yoast SEO plugin v26.1 - https:\/\/yoast.com\/wordpress\/plugins\/seo\/ -->\n<title>RESTAURANT PISTOIA COLLEGIGLIATO - Hotel Villa Cappugi<\/title>\n<meta name=\"description\" content=\"Restaurant Pistoia ColleGigliato, cuisine toscane moderne avec des combinaisons originales de saveurs nouvelles et d\u00e9licieuses.\" \/>\n<meta name=\"robots\" content=\"index, follow, max-snippet:-1, max-image-preview:large, max-video-preview:-1\" \/>\n<link rel=\"canonical\" href=\"https:\/\/www.hotelvillacappugi.com\/fr\/restaurant-pistoia\/\" \/>\n<meta property=\"og:locale\" content=\"fr_FR\" \/>\n<meta property=\"og:type\" content=\"article\" \/>\n<meta property=\"og:title\" content=\"RESTAURANT PISTOIA COLLEGIGLIATO - Hotel Villa Cappugi\" \/>\n<meta property=\"og:description\" content=\"Restaurant Pistoia ColleGigliato, cuisine toscane moderne avec des combinaisons originales de saveurs nouvelles et d\u00e9licieuses.\" \/>\n<meta property=\"og:url\" content=\"https:\/\/www.hotelvillacappugi.com\/fr\/restaurant-pistoia\/\" \/>\n<meta property=\"og:site_name\" content=\"Hotel Villa Cappugi\" \/>\n<meta property=\"article:publisher\" content=\"https:\/\/www.facebook.com\/hotelvillacappugi\/\" \/>\n<meta property=\"article:modified_time\" content=\"2025-07-14T07:53:56+00:00\" \/>\n<meta name=\"twitter:card\" content=\"summary_large_image\" \/>\n<meta name=\"twitter:label1\" content=\"Dur\u00e9e de lecture estim\u00e9e\" \/>\n\t<meta name=\"twitter:data1\" content=\"3 minutes\" \/>\n<script type=\"application\/ld+json\" class=\"yoast-schema-graph\">{\"@context\":\"https:\/\/schema.org\",\"@graph\":[{\"@type\":\"WebPage\",\"@id\":\"https:\/\/www.hotelvillacappugi.com\/fr\/restaurant-pistoia\/\",\"url\":\"https:\/\/www.hotelvillacappugi.com\/fr\/restaurant-pistoia\/\",\"name\":\"RESTAURANT PISTOIA COLLEGIGLIATO - Hotel Villa Cappugi\",\"isPartOf\":{\"@id\":\"https:\/\/www.hotelvillacappugi.com\/fr\/#website\"},\"datePublished\":\"2021-12-15T12:59:21+00:00\",\"dateModified\":\"2025-07-14T07:53:56+00:00\",\"description\":\"Restaurant Pistoia ColleGigliato, cuisine toscane moderne avec des combinaisons originales de saveurs nouvelles et d\u00e9licieuses.\",\"breadcrumb\":{\"@id\":\"https:\/\/www.hotelvillacappugi.com\/fr\/restaurant-pistoia\/#breadcrumb\"},\"inLanguage\":\"fr-FR\",\"potentialAction\":[{\"@type\":\"ReadAction\",\"target\":[\"https:\/\/www.hotelvillacappugi.com\/fr\/restaurant-pistoia\/\"]}]},{\"@type\":\"BreadcrumbList\",\"@id\":\"https:\/\/www.hotelvillacappugi.com\/fr\/restaurant-pistoia\/#breadcrumb\",\"itemListElement\":[{\"@type\":\"ListItem\",\"position\":1,\"name\":\"Home\",\"item\":\"https:\/\/www.hotelvillacappugi.com\/fr\/\"},{\"@type\":\"ListItem\",\"position\":2,\"name\":\"Restaurant\"}]},{\"@type\":\"WebSite\",\"@id\":\"https:\/\/www.hotelvillacappugi.com\/fr\/#website\",\"url\":\"https:\/\/www.hotelvillacappugi.com\/fr\/\",\"name\":\"Hotel Villa Cappugi\",\"description\":\"Hotel 4 Stelle a Pistoia\",\"publisher\":{\"@id\":\"https:\/\/www.hotelvillacappugi.com\/fr\/#organization\"},\"potentialAction\":[{\"@type\":\"SearchAction\",\"target\":{\"@type\":\"EntryPoint\",\"urlTemplate\":\"https:\/\/www.hotelvillacappugi.com\/fr\/?s={search_term_string}\"},\"query-input\":{\"@type\":\"PropertyValueSpecification\",\"valueRequired\":true,\"valueName\":\"search_term_string\"}}],\"inLanguage\":\"fr-FR\"},{\"@type\":\"Organization\",\"@id\":\"https:\/\/www.hotelvillacappugi.com\/fr\/#organization\",\"name\":\"Hotel Villa Cappugi\",\"url\":\"https:\/\/www.hotelvillacappugi.com\/fr\/\",\"logo\":{\"@type\":\"ImageObject\",\"inLanguage\":\"fr-FR\",\"@id\":\"https:\/\/www.hotelvillacappugi.com\/fr\/#\/schema\/logo\/image\/\",\"url\":\"http:\/\/www.hotelvillacappugi.com\/wp-content\/uploads\/2018\/10\/Logo-Villa-Cappugi.png\",\"contentUrl\":\"http:\/\/www.hotelvillacappugi.com\/wp-content\/uploads\/2018\/10\/Logo-Villa-Cappugi.png\",\"width\":200,\"height\":122,\"caption\":\"Hotel Villa Cappugi\"},\"image\":{\"@id\":\"https:\/\/www.hotelvillacappugi.com\/fr\/#\/schema\/logo\/image\/\"},\"sameAs\":[\"https:\/\/www.facebook.com\/hotelvillacappugi\/\",\"https:\/\/www.instagram.com\/villacappugipistoia\/\"]}]}<\/script>\n<!-- \/ Yoast SEO plugin. -->","yoast_head_json":{"title":"RESTAURANT PISTOIA COLLEGIGLIATO - Hotel Villa Cappugi","description":"Restaurant Pistoia ColleGigliato, cuisine toscane moderne avec des combinaisons originales de saveurs nouvelles et d\u00e9licieuses.","robots":{"index":"index","follow":"follow","max-snippet":"max-snippet:-1","max-image-preview":"max-image-preview:large","max-video-preview":"max-video-preview:-1"},"canonical":"https:\/\/www.hotelvillacappugi.com\/fr\/restaurant-pistoia\/","og_locale":"fr_FR","og_type":"article","og_title":"RESTAURANT PISTOIA COLLEGIGLIATO - Hotel Villa Cappugi","og_description":"Restaurant Pistoia ColleGigliato, cuisine toscane moderne avec des combinaisons originales de saveurs nouvelles et d\u00e9licieuses.","og_url":"https:\/\/www.hotelvillacappugi.com\/fr\/restaurant-pistoia\/","og_site_name":"Hotel Villa Cappugi","article_publisher":"https:\/\/www.facebook.com\/hotelvillacappugi\/","article_modified_time":"2025-07-14T07:53:56+00:00","twitter_card":"summary_large_image","twitter_misc":{"Dur\u00e9e de lecture estim\u00e9e":"3 minutes"},"schema":{"@context":"https:\/\/schema.org","@graph":[{"@type":"WebPage","@id":"https:\/\/www.hotelvillacappugi.com\/fr\/restaurant-pistoia\/","url":"https:\/\/www.hotelvillacappugi.com\/fr\/restaurant-pistoia\/","name":"RESTAURANT PISTOIA COLLEGIGLIATO - Hotel Villa Cappugi","isPartOf":{"@id":"https:\/\/www.hotelvillacappugi.com\/fr\/#website"},"datePublished":"2021-12-15T12:59:21+00:00","dateModified":"2025-07-14T07:53:56+00:00","description":"Restaurant Pistoia ColleGigliato, cuisine toscane moderne avec des combinaisons originales de saveurs nouvelles et d\u00e9licieuses.","breadcrumb":{"@id":"https:\/\/www.hotelvillacappugi.com\/fr\/restaurant-pistoia\/#breadcrumb"},"inLanguage":"fr-FR","potentialAction":[{"@type":"ReadAction","target":["https:\/\/www.hotelvillacappugi.com\/fr\/restaurant-pistoia\/"]}]},{"@type":"BreadcrumbList","@id":"https:\/\/www.hotelvillacappugi.com\/fr\/restaurant-pistoia\/#breadcrumb","itemListElement":[{"@type":"ListItem","position":1,"name":"Home","item":"https:\/\/www.hotelvillacappugi.com\/fr\/"},{"@type":"ListItem","position":2,"name":"Restaurant"}]},{"@type":"WebSite","@id":"https:\/\/www.hotelvillacappugi.com\/fr\/#website","url":"https:\/\/www.hotelvillacappugi.com\/fr\/","name":"Hotel Villa Cappugi","description":"Hotel 4 Stelle a Pistoia","publisher":{"@id":"https:\/\/www.hotelvillacappugi.com\/fr\/#organization"},"potentialAction":[{"@type":"SearchAction","target":{"@type":"EntryPoint","urlTemplate":"https:\/\/www.hotelvillacappugi.com\/fr\/?s={search_term_string}"},"query-input":{"@type":"PropertyValueSpecification","valueRequired":true,"valueName":"search_term_string"}}],"inLanguage":"fr-FR"},{"@type":"Organization","@id":"https:\/\/www.hotelvillacappugi.com\/fr\/#organization","name":"Hotel Villa Cappugi","url":"https:\/\/www.hotelvillacappugi.com\/fr\/","logo":{"@type":"ImageObject","inLanguage":"fr-FR","@id":"https:\/\/www.hotelvillacappugi.com\/fr\/#\/schema\/logo\/image\/","url":"http:\/\/www.hotelvillacappugi.com\/wp-content\/uploads\/2018\/10\/Logo-Villa-Cappugi.png","contentUrl":"http:\/\/www.hotelvillacappugi.com\/wp-content\/uploads\/2018\/10\/Logo-Villa-Cappugi.png","width":200,"height":122,"caption":"Hotel Villa Cappugi"},"image":{"@id":"https:\/\/www.hotelvillacappugi.com\/fr\/#\/schema\/logo\/image\/"},"sameAs":["https:\/\/www.facebook.com\/hotelvillacappugi\/","https:\/\/www.instagram.com\/villacappugipistoia\/"]}]}},"_links":{"self":[{"href":"https:\/\/www.hotelvillacappugi.com\/fr\/wp-json\/wp\/v2\/pages\/26142","targetHints":{"allow":["GET"]}}],"collection":[{"href":"https:\/\/www.hotelvillacappugi.com\/fr\/wp-json\/wp\/v2\/pages"}],"about":[{"href":"https:\/\/www.hotelvillacappugi.com\/fr\/wp-json\/wp\/v2\/types\/page"}],"author":[{"embeddable":true,"href":"https:\/\/www.hotelvillacappugi.com\/fr\/wp-json\/wp\/v2\/users\/1"}],"replies":[{"embeddable":true,"href":"https:\/\/www.hotelvillacappugi.com\/fr\/wp-json\/wp\/v2\/comments?post=26142"}],"version-history":[{"count":1,"href":"https:\/\/www.hotelvillacappugi.com\/fr\/wp-json\/wp\/v2\/pages\/26142\/revisions"}],"predecessor-version":[{"id":45549,"href":"https:\/\/www.hotelvillacappugi.com\/fr\/wp-json\/wp\/v2\/pages\/26142\/revisions\/45549"}],"wp:attachment":[{"href":"https:\/\/www.hotelvillacappugi.com\/fr\/wp-json\/wp\/v2\/media?parent=26142"}],"curies":[{"name":"wp","href":"https:\/\/api.w.org\/{rel}","templated":true}]}}