{"id":25983,"date":"2021-12-15T16:06:35","date_gmt":"2021-12-15T15:06:35","guid":{"rendered":"http:\/\/www.hotelvillacappugi.com\/hotel-con-piscina-pistoia\/"},"modified":"2025-07-28T09:08:28","modified_gmt":"2025-07-28T07:08:28","slug":"hotel-avec-piscine-pistoia","status":"publish","type":"page","link":"https:\/\/www.hotelvillacappugi.com\/fr\/hotel-avec-piscine-pistoia\/","title":{"rendered":"H\u00f4tel avec piscine Pistoia"},"content":{"rendered":"<p>[vc_row full_width=&#8221;stretch_row&#8221; parallax=&#8221;content-moving&#8221; parallax_image=&#8221;19335&#8243; parallax_speed_bg=&#8221;2.5&#8243; bg_media_opacity=&#8221;0.4&#8243; css=&#8221;.vc_custom_1639668514895{padding-top: 250px !important;padding-bottom: 250px !important;background-color: #544343 !important;}&#8221; el_class=&#8221;patternbg&#8221;][vc_column offset=&#8221;vc_col-lg-offset-2 vc_col-lg-8&#8243;][vc_column_text]<\/p>\n<h3 style=\"text-align: center;\"><span style=\"color: #ffffff;\">Les Services de l&#8217;H\u00f4tel Villa Cappugi<\/span><\/h3>\n<p>[\/vc_column_text][\/vc_column][\/vc_row][vc_row][vc_column width=&#8221;1\/4&#8243;][\/vc_column][vc_column width=&#8221;1\/2&#8243;][vc_column_text]<\/p>\n<h5 style=\"text-align: center;\"><span style=\"color: #09355c;\">H\u00d4TEL AVEC PISCINE <\/span><\/h5>\n<p>[\/vc_column_text][vc_separator color=&#8221;custom&#8221; border_width=&#8221;2&#8243; el_width=&#8221;10&#8243; accent_color=&#8221;#09355c&#8221;][vc_column_text css=&#8221;.vc_custom_1753686503457{padding-top: 20px !important;}&#8221;]<\/p>\n<p style=\"text-align: center;\">La grande piscine dans le jardin de la Villa Cappugi est \u00e0 la disposition de ses h\u00f4tes qui ne veulent pas renoncer \u00e0 un moment de loisir et de d\u00e9tente.<br \/>\nDes transats et des parasols sont disponibles et il y a aussi un bar bien approvisionn\u00e9 o\u00f9 vous pourrez d\u00e9guster une collation rapide ou un ap\u00e9ritif agr\u00e9able.<\/p>\n<p style=\"text-align: center;\"><strong>Les animaux ne sont pas admis dans la piscine.<\/strong><\/p>\n<p>[\/vc_column_text][\/vc_column][vc_column width=&#8221;1\/4&#8243;][\/vc_column][\/vc_row][vc_row full_width=&#8221;stretch_row_content&#8221;][vc_column][vc_media_grid element_width=&#8221;3&#8243; gap=&#8221;10&#8243; grid_id=&#8221;vc_gid:1753686473334-e134ff6a-d2a4-6&#8243; include=&#8221;2995,19328,2994,19329&#8243;][\/vc_column][\/vc_row][vc_row css=&#8221;.vc_custom_1639566544018{margin-top: 0px !important;padding-top: 0px !important;}&#8221;][vc_column width=&#8221;1\/4&#8243;][\/vc_column][vc_column width=&#8221;1\/2&#8243;][vc_column_text]<\/p>\n<h5 style=\"text-align: center;\">PETIT DEJEUNER<\/h5>\n<p>[\/vc_column_text][vc_separator color=&#8221;custom&#8221; border_width=&#8221;2&#8243; el_width=&#8221;10&#8243; accent_color=&#8221;#09355c&#8221; css=&#8221;.vc_custom_1639582814117{margin-bottom: 0px !important;padding-bottom: 0px !important;}&#8221;][vc_column_text css=&#8221;.vc_custom_1640249976055{padding-top: 20px !important;}&#8221;]<\/p>\n<p style=\"text-align: center;\">Pour bien commencer la journ\u00e9e, le petit d\u00e9jeuner est le fleuron du service traiteur de la Villa Cappugi : \u00e0 la disposition des h\u00f4tes, un buffet de produits frais avec croissants, biscuits et g\u00e2teaux artisanaux, confitures, miel, accompagn\u00e9 de plats sal\u00e9s, qui comprennent des viandes de haute qualit\u00e9 et les fromages; et encore une s\u00e9lection de yaourts, fruits frais et en conserve, etc. Les caf\u00e9s italiens et am\u00e9ricains ne manquent pas (espresso, cappuccino, caf\u00e9 am\u00e9ricain, etc.).<\/p>\n<p>[\/vc_column_text][\/vc_column][vc_column width=&#8221;1\/4&#8243;][\/vc_column][\/vc_row][vc_row full_width=&#8221;stretch_row_content&#8221;][vc_column][vc_media_grid element_width=&#8221;3&#8243; gap=&#8221;10&#8243; grid_id=&#8221;vc_gid:1753686473341-77548227-ea2a-7&#8243; include=&#8221;19330,19331,19333,19332&#8243;][\/vc_column][\/vc_row][vc_row][vc_column][vc_column_text]<\/p>\n<h5 style=\"text-align: center;\">SERVICES<\/h5>\n<p>[\/vc_column_text][vc_separator color=&#8221;custom&#8221; border_width=&#8221;2&#8243; el_width=&#8221;10&#8243; accent_color=&#8221;#09355c&#8221; css=&#8221;.vc_custom_1639580708670{padding-bottom: 40px !important;}&#8221;]<!--================ Icon Boxes ================-->\n<script>\n    (function($){\n        'use strict';\n\n        if(!$) return;\n\n        $(function(){\n            var $container = $('#vc-milenia-info-boxes-2fe0c3a8ecc851385dfca93e196a492d-1775416334379371296');\n\n            if(!$container.length) return;\n\n            if(window.appear) {\n                appear({\n                    elements: function(){\n                        return document.querySelectorAll('#vc-milenia-info-boxes-2fe0c3a8ecc851385dfca93e196a492d-1775416334379371296');\n                    },\n                    appear: function(element) {\n                        var $el = $(element);\n                        $el.addClass('milenia-visible').addClass($el.data('animation'));\n                    },\n                    reappear: false,\n                    bounds: -200\n                });\n            }\n\n            if(window.Milenia && window.Milenia.LinkUnderliner) {\n                window.Milenia.LinkUnderliner.init($container.find('a'));\n            }\n        });\n    })(window.jQuery);\n<\/script>\n\n<div id=\"vc-milenia-info-boxes-2fe0c3a8ecc851385dfca93e196a492d-1775416334379371296\" class=\"milenia-icon-boxes milenia-icon-boxes--style-1 milenia-visible\" data-animation=\"none\">\n    <div class=\"milenia-grid milenia-grid--cols-3\">\n        <!--================ Icon Box ================-->\n<div class=\"milenia-grid-item\">\n    <article class=\"milenia-icon-box milenia-aligner\">\n        <div class=\"milenia-aligner-outer\">\n            <div class=\"milenia-aligner-inner\">\n                <span class=\"milenia-icon-box-icon milenia-font-icon-bell\"><\/span>\n\n                <div class=\"milenia-icon-box-content\">\n                    <h2 class=\"milenia-icon-box-title\">R\u00e9ception disponible 24h\/24<\/h2>\n                    \n                <\/div>\n            <\/div>\n        <\/div>\n\n        \n    <\/article>\n<\/div>\n<!--================ Icon Box ================-->\n\r\n<!--================ Icon Box ================-->\n<div class=\"milenia-grid-item\">\n    <article class=\"milenia-icon-box milenia-aligner\">\n        <div class=\"milenia-aligner-outer\">\n            <div class=\"milenia-aligner-inner\">\n                <span class=\"milenia-icon-box-icon milenia-font-icon-parking\"><\/span>\n\n                <div class=\"milenia-icon-box-content\">\n                    <h2 class=\"milenia-icon-box-title\">Parking<\/h2>\n                    \n                <\/div>\n            <\/div>\n        <\/div>\n\n        \n    <\/article>\n<\/div>\n<!--================ Icon Box ================-->\n\r\n<!--================ Icon Box ================-->\n<div class=\"milenia-grid-item\">\n    <article class=\"milenia-icon-box milenia-aligner\">\n        <div class=\"milenia-aligner-outer\">\n            <div class=\"milenia-aligner-inner\">\n                <span class=\"milenia-icon-box-icon milenia-font-icon-coffee-to-go\"><\/span>\n\n                <div class=\"milenia-icon-box-content\">\n                    <h2 class=\"milenia-icon-box-title\">Snack bar<\/h2>\n                    <p>de 7h \u00e0 23h30<\/p>\n\n                <\/div>\n            <\/div>\n        <\/div>\n\n        \n    <\/article>\n<\/div>\n<!--================ Icon Box ================-->\n\r\n<!--================ Icon Box ================-->\n<div class=\"milenia-grid-item\">\n    <article class=\"milenia-icon-box milenia-aligner\">\n        <div class=\"milenia-aligner-outer\">\n            <div class=\"milenia-aligner-inner\">\n                <span class=\"milenia-icon-box-icon milenia-font-icon-tennis\"><\/span>\n\n                <div class=\"milenia-icon-box-content\">\n                    <h2 class=\"milenia-icon-box-title\">Terrains de tennis et de football \u00e0 cinq<\/h2>\n                    \n                <\/div>\n            <\/div>\n        <\/div>\n\n        \n    <\/article>\n<\/div>\n<!--================ Icon Box ================-->\n\r\n<!--================ Icon Box ================-->\n<div class=\"milenia-grid-item\">\n    <article class=\"milenia-icon-box milenia-aligner\">\n        <div class=\"milenia-aligner-outer\">\n            <div class=\"milenia-aligner-inner\">\n                <span class=\"milenia-icon-box-icon milenia-font-icon-washer\"><\/span>\n\n                <div class=\"milenia-icon-box-content\">\n                    <h2 class=\"milenia-icon-box-title\">Service de blanchisserie<\/h2>\n                    \n                <\/div>\n            <\/div>\n        <\/div>\n\n        \n    <\/article>\n<\/div>\n<!--================ Icon Box ================-->\n\r\n<!--================ Icon Box ================-->\n<div class=\"milenia-grid-item\">\n    <article class=\"milenia-icon-box milenia-aligner\">\n        <div class=\"milenia-aligner-outer\">\n            <div class=\"milenia-aligner-inner\">\n                <span class=\"milenia-icon-box-icon milenia-font-icon-water-lily\"><\/span>\n\n                <div class=\"milenia-icon-box-content\">\n                    <h2 class=\"milenia-icon-box-title\">Accord avec le centre de bien-\u00eatre Terme di Grotta Giusti<\/h2>\n                    \n                <\/div>\n            <\/div>\n        <\/div>\n\n        \n    <\/article>\n<\/div>\n<!--================ Icon Box ================-->\n\n    <\/div>\n<\/div>\n<!--================ Icon Boxes ================-->\n[vc_column_text css=&#8221;.vc_custom_1753686460591{padding-top: 30px !important;}&#8221;]<\/p>\n<p style=\"text-align: center;\">Pour l&#8217;H\u00f4tel Villa Cappugi \u00e0 Pistoia, <strong>les animaux sont admis<\/strong>, sur demande, \u00e0 l&#8217;int\u00e9rieur de la structure.<\/p>\n<p style=\"text-align: center;\">Ils ne sont pas autoris\u00e9s dans la piscine.<\/p>\n<p>[\/vc_column_text][\/vc_column][\/vc_row][vc_row full_width=&#8221;stretch_row&#8221; parallax=&#8221;content-moving&#8221; parallax_image=&#8221;19339&#8243; parallax_speed_bg=&#8221;2.5&#8243; bg_media_opacity=&#8221;0.4&#8243; css=&#8221;.vc_custom_1639649386593{margin-top: 20px !important;padding-top: 150px !important;background-color: #544a4a !important;}&#8221;][vc_column width=&#8221;2\/3&#8243; offset=&#8221;vc_col-lg-offset-2 vc_col-lg-8&#8243;][vc_column_text]<\/p>\n<h4 style=\"text-align: center;\"><span style=\"color: #ffffff;\">R\u00e9servez d\u00e8s maintenant votre s\u00e9jour \u00e0 la Villa Cappugi<\/span><\/h4>\n<p>[\/vc_column_text][vc_btn title=&#8221;CONTACTEZ-NOUS&#8221; style=&#8221;classic&#8221; shape=&#8221;round&#8221; color=&#8221;default&#8221; size=&#8221;lg&#8221; align=&#8221;center&#8221; css=&#8221;.vc_custom_1640255415417{padding-top: 30px !important;}&#8221; link=&#8221;url:%2Ffr%2Fquatre-etoiles-hotel-pistoia%2F|title:Contatti&#8221;][\/vc_column][\/vc_row]<\/p>\n","protected":false},"excerpt":{"rendered":"<p>[vc_row full_width=&#8221;stretch_row&#8221; parallax=&#8221;content-moving&#8221; parallax_image=&#8221;19335&#8243; parallax_speed_bg=&#8221;2.5&#8243; bg_media_opacity=&#8221;0.4&#8243; css=&#8221;.vc_custom_1639668514895{padding-top: 250px !important;padding-bottom: 250px !important;background-color: #544343 !important;}&#8221; el_class=&#8221;patternbg&#8221;][vc_column offset=&#8221;vc_col-lg-offset-2 vc_col-lg-8&#8243;][vc_column_text] Les Services&#8230;<\/p>\n","protected":false},"author":1,"featured_media":0,"parent":0,"menu_order":58,"comment_status":"closed","ping_status":"closed","template":"","meta":{"footnotes":""},"class_list":["post-25983","page","type-page","status-publish","hentry"],"yoast_head":"<!-- This site is optimized with the Yoast SEO plugin v26.1 - https:\/\/yoast.com\/wordpress\/plugins\/seo\/ -->\n<title>H\u00f4tel avec piscine Pistoia: Hotel Villa Cappugi<\/title>\n<meta name=\"description\" content=\"H\u00f4tel avec piscine Pistoia, pendant les mois d&#039;\u00e9t\u00e9 Villa Cappugi organise des cours d&#039;aquagym pour les clients s\u00e9journant \u00e0 l&#039;h\u00f4tel.\" \/>\n<meta name=\"robots\" content=\"index, follow, max-snippet:-1, max-image-preview:large, max-video-preview:-1\" \/>\n<link rel=\"canonical\" href=\"https:\/\/www.hotelvillacappugi.com\/fr\/hotel-avec-piscine-pistoia\/\" \/>\n<meta property=\"og:locale\" content=\"fr_FR\" \/>\n<meta property=\"og:type\" content=\"article\" \/>\n<meta property=\"og:title\" content=\"H\u00f4tel avec piscine Pistoia: Hotel Villa Cappugi\" \/>\n<meta property=\"og:description\" content=\"H\u00f4tel avec piscine Pistoia, pendant les mois d&#039;\u00e9t\u00e9 Villa Cappugi organise des cours d&#039;aquagym pour les clients s\u00e9journant \u00e0 l&#039;h\u00f4tel.\" \/>\n<meta property=\"og:url\" content=\"https:\/\/www.hotelvillacappugi.com\/fr\/hotel-avec-piscine-pistoia\/\" \/>\n<meta property=\"og:site_name\" content=\"Hotel Villa Cappugi\" \/>\n<meta property=\"article:publisher\" content=\"https:\/\/www.facebook.com\/hotelvillacappugi\/\" \/>\n<meta property=\"article:modified_time\" content=\"2025-07-28T07:08:28+00:00\" \/>\n<meta name=\"twitter:card\" content=\"summary_large_image\" \/>\n<meta name=\"twitter:label1\" content=\"Dur\u00e9e de lecture estim\u00e9e\" \/>\n\t<meta name=\"twitter:data1\" content=\"2 minutes\" \/>\n<script type=\"application\/ld+json\" class=\"yoast-schema-graph\">{\"@context\":\"https:\/\/schema.org\",\"@graph\":[{\"@type\":\"WebPage\",\"@id\":\"https:\/\/www.hotelvillacappugi.com\/fr\/hotel-avec-piscine-pistoia\/\",\"url\":\"https:\/\/www.hotelvillacappugi.com\/fr\/hotel-avec-piscine-pistoia\/\",\"name\":\"H\u00f4tel avec piscine Pistoia: Hotel Villa Cappugi\",\"isPartOf\":{\"@id\":\"https:\/\/www.hotelvillacappugi.com\/fr\/#website\"},\"datePublished\":\"2021-12-15T15:06:35+00:00\",\"dateModified\":\"2025-07-28T07:08:28+00:00\",\"description\":\"H\u00f4tel avec piscine Pistoia, pendant les mois d'\u00e9t\u00e9 Villa Cappugi organise des cours d'aquagym pour les clients s\u00e9journant \u00e0 l'h\u00f4tel.\",\"breadcrumb\":{\"@id\":\"https:\/\/www.hotelvillacappugi.com\/fr\/hotel-avec-piscine-pistoia\/#breadcrumb\"},\"inLanguage\":\"fr-FR\",\"potentialAction\":[{\"@type\":\"ReadAction\",\"target\":[\"https:\/\/www.hotelvillacappugi.com\/fr\/hotel-avec-piscine-pistoia\/\"]}]},{\"@type\":\"BreadcrumbList\",\"@id\":\"https:\/\/www.hotelvillacappugi.com\/fr\/hotel-avec-piscine-pistoia\/#breadcrumb\",\"itemListElement\":[{\"@type\":\"ListItem\",\"position\":1,\"name\":\"Home\",\"item\":\"https:\/\/www.hotelvillacappugi.com\/fr\/\"},{\"@type\":\"ListItem\",\"position\":2,\"name\":\"H\u00f4tel avec piscine Pistoia\"}]},{\"@type\":\"WebSite\",\"@id\":\"https:\/\/www.hotelvillacappugi.com\/fr\/#website\",\"url\":\"https:\/\/www.hotelvillacappugi.com\/fr\/\",\"name\":\"Hotel Villa Cappugi\",\"description\":\"Hotel 4 Stelle a Pistoia\",\"publisher\":{\"@id\":\"https:\/\/www.hotelvillacappugi.com\/fr\/#organization\"},\"potentialAction\":[{\"@type\":\"SearchAction\",\"target\":{\"@type\":\"EntryPoint\",\"urlTemplate\":\"https:\/\/www.hotelvillacappugi.com\/fr\/?s={search_term_string}\"},\"query-input\":{\"@type\":\"PropertyValueSpecification\",\"valueRequired\":true,\"valueName\":\"search_term_string\"}}],\"inLanguage\":\"fr-FR\"},{\"@type\":\"Organization\",\"@id\":\"https:\/\/www.hotelvillacappugi.com\/fr\/#organization\",\"name\":\"Hotel Villa Cappugi\",\"url\":\"https:\/\/www.hotelvillacappugi.com\/fr\/\",\"logo\":{\"@type\":\"ImageObject\",\"inLanguage\":\"fr-FR\",\"@id\":\"https:\/\/www.hotelvillacappugi.com\/fr\/#\/schema\/logo\/image\/\",\"url\":\"http:\/\/www.hotelvillacappugi.com\/wp-content\/uploads\/2018\/10\/Logo-Villa-Cappugi.png\",\"contentUrl\":\"http:\/\/www.hotelvillacappugi.com\/wp-content\/uploads\/2018\/10\/Logo-Villa-Cappugi.png\",\"width\":200,\"height\":122,\"caption\":\"Hotel Villa Cappugi\"},\"image\":{\"@id\":\"https:\/\/www.hotelvillacappugi.com\/fr\/#\/schema\/logo\/image\/\"},\"sameAs\":[\"https:\/\/www.facebook.com\/hotelvillacappugi\/\",\"https:\/\/www.instagram.com\/villacappugipistoia\/\"]}]}<\/script>\n<!-- \/ Yoast SEO plugin. -->","yoast_head_json":{"title":"H\u00f4tel avec piscine Pistoia: Hotel Villa Cappugi","description":"H\u00f4tel avec piscine Pistoia, pendant les mois d'\u00e9t\u00e9 Villa Cappugi organise des cours d'aquagym pour les clients s\u00e9journant \u00e0 l'h\u00f4tel.","robots":{"index":"index","follow":"follow","max-snippet":"max-snippet:-1","max-image-preview":"max-image-preview:large","max-video-preview":"max-video-preview:-1"},"canonical":"https:\/\/www.hotelvillacappugi.com\/fr\/hotel-avec-piscine-pistoia\/","og_locale":"fr_FR","og_type":"article","og_title":"H\u00f4tel avec piscine Pistoia: Hotel Villa Cappugi","og_description":"H\u00f4tel avec piscine Pistoia, pendant les mois d'\u00e9t\u00e9 Villa Cappugi organise des cours d'aquagym pour les clients s\u00e9journant \u00e0 l'h\u00f4tel.","og_url":"https:\/\/www.hotelvillacappugi.com\/fr\/hotel-avec-piscine-pistoia\/","og_site_name":"Hotel Villa Cappugi","article_publisher":"https:\/\/www.facebook.com\/hotelvillacappugi\/","article_modified_time":"2025-07-28T07:08:28+00:00","twitter_card":"summary_large_image","twitter_misc":{"Dur\u00e9e de lecture estim\u00e9e":"2 minutes"},"schema":{"@context":"https:\/\/schema.org","@graph":[{"@type":"WebPage","@id":"https:\/\/www.hotelvillacappugi.com\/fr\/hotel-avec-piscine-pistoia\/","url":"https:\/\/www.hotelvillacappugi.com\/fr\/hotel-avec-piscine-pistoia\/","name":"H\u00f4tel avec piscine Pistoia: Hotel Villa Cappugi","isPartOf":{"@id":"https:\/\/www.hotelvillacappugi.com\/fr\/#website"},"datePublished":"2021-12-15T15:06:35+00:00","dateModified":"2025-07-28T07:08:28+00:00","description":"H\u00f4tel avec piscine Pistoia, pendant les mois d'\u00e9t\u00e9 Villa Cappugi organise des cours d'aquagym pour les clients s\u00e9journant \u00e0 l'h\u00f4tel.","breadcrumb":{"@id":"https:\/\/www.hotelvillacappugi.com\/fr\/hotel-avec-piscine-pistoia\/#breadcrumb"},"inLanguage":"fr-FR","potentialAction":[{"@type":"ReadAction","target":["https:\/\/www.hotelvillacappugi.com\/fr\/hotel-avec-piscine-pistoia\/"]}]},{"@type":"BreadcrumbList","@id":"https:\/\/www.hotelvillacappugi.com\/fr\/hotel-avec-piscine-pistoia\/#breadcrumb","itemListElement":[{"@type":"ListItem","position":1,"name":"Home","item":"https:\/\/www.hotelvillacappugi.com\/fr\/"},{"@type":"ListItem","position":2,"name":"H\u00f4tel avec piscine Pistoia"}]},{"@type":"WebSite","@id":"https:\/\/www.hotelvillacappugi.com\/fr\/#website","url":"https:\/\/www.hotelvillacappugi.com\/fr\/","name":"Hotel Villa Cappugi","description":"Hotel 4 Stelle a Pistoia","publisher":{"@id":"https:\/\/www.hotelvillacappugi.com\/fr\/#organization"},"potentialAction":[{"@type":"SearchAction","target":{"@type":"EntryPoint","urlTemplate":"https:\/\/www.hotelvillacappugi.com\/fr\/?s={search_term_string}"},"query-input":{"@type":"PropertyValueSpecification","valueRequired":true,"valueName":"search_term_string"}}],"inLanguage":"fr-FR"},{"@type":"Organization","@id":"https:\/\/www.hotelvillacappugi.com\/fr\/#organization","name":"Hotel Villa Cappugi","url":"https:\/\/www.hotelvillacappugi.com\/fr\/","logo":{"@type":"ImageObject","inLanguage":"fr-FR","@id":"https:\/\/www.hotelvillacappugi.com\/fr\/#\/schema\/logo\/image\/","url":"http:\/\/www.hotelvillacappugi.com\/wp-content\/uploads\/2018\/10\/Logo-Villa-Cappugi.png","contentUrl":"http:\/\/www.hotelvillacappugi.com\/wp-content\/uploads\/2018\/10\/Logo-Villa-Cappugi.png","width":200,"height":122,"caption":"Hotel Villa Cappugi"},"image":{"@id":"https:\/\/www.hotelvillacappugi.com\/fr\/#\/schema\/logo\/image\/"},"sameAs":["https:\/\/www.facebook.com\/hotelvillacappugi\/","https:\/\/www.instagram.com\/villacappugipistoia\/"]}]}},"_links":{"self":[{"href":"https:\/\/www.hotelvillacappugi.com\/fr\/wp-json\/wp\/v2\/pages\/25983","targetHints":{"allow":["GET"]}}],"collection":[{"href":"https:\/\/www.hotelvillacappugi.com\/fr\/wp-json\/wp\/v2\/pages"}],"about":[{"href":"https:\/\/www.hotelvillacappugi.com\/fr\/wp-json\/wp\/v2\/types\/page"}],"author":[{"embeddable":true,"href":"https:\/\/www.hotelvillacappugi.com\/fr\/wp-json\/wp\/v2\/users\/1"}],"replies":[{"embeddable":true,"href":"https:\/\/www.hotelvillacappugi.com\/fr\/wp-json\/wp\/v2\/comments?post=25983"}],"version-history":[{"count":3,"href":"https:\/\/www.hotelvillacappugi.com\/fr\/wp-json\/wp\/v2\/pages\/25983\/revisions"}],"predecessor-version":[{"id":45943,"href":"https:\/\/www.hotelvillacappugi.com\/fr\/wp-json\/wp\/v2\/pages\/25983\/revisions\/45943"}],"wp:attachment":[{"href":"https:\/\/www.hotelvillacappugi.com\/fr\/wp-json\/wp\/v2\/media?parent=25983"}],"curies":[{"name":"wp","href":"https:\/\/api.w.org\/{rel}","templated":true}]}}