{"id":26532,"date":"2021-12-15T16:42:52","date_gmt":"2021-12-15T15:42:52","guid":{"rendered":"http:\/\/www.hotelvillacappugi.com\/pistoia\/"},"modified":"2021-12-27T11:52:33","modified_gmt":"2021-12-27T10:52:33","slug":"pistoia","status":"publish","type":"page","link":"https:\/\/www.hotelvillacappugi.com\/de\/pistoia\/","title":{"rendered":"Umfeld"},"content":{"rendered":"<p>[vc_row full_width=&#8221;stretch_row&#8221; parallax=&#8221;content-moving&#8221; parallax_image=&#8221;19359&#8243; parallax_speed_bg=&#8221;2.5&#8243; bg_media_opacity=&#8221;0.4&#8243; css=&#8221;.vc_custom_1639667913511{padding-top: 250px !important;padding-bottom: 250px !important;background-color: #544343 !important;}&#8221; el_class=&#8221;patternbg&#8221;][vc_column offset=&#8221;vc_col-lg-offset-2 vc_col-lg-8&#8243;][vc_column_text]<\/p>\n<h1 style=\"text-align: center;\"><span style=\"color: #ffffff;\">Die Umgebung der Villa Cappugi<\/span><\/h1>\n<p style=\"text-align: center;\"><span style=\"color: #ffffff;\">Was in Pistoia und Umgebung zu sehen und zu tun ist<\/span><\/p>\n<p>[\/vc_column_text][\/vc_column][\/vc_row][vc_row css=&#8221;.vc_custom_1639566544018{margin-top: 0px !important;padding-top: 0px !important;}&#8221;][vc_column width=&#8221;1\/6&#8243;][\/vc_column][vc_column width=&#8221;2\/3&#8243;][vc_column_text css=&#8221;.vc_custom_1640600039538{padding-top: 50px !important;}&#8221;]<\/p>\n<p style=\"text-align: center;\">Das Hotel Villa Cappugi liegt nur zwei Kilometer vom historischen Zentrum der Stadt Pistoia entfernt, auf dem ersten H\u00fcgel, umgeben von Oliven- und Zypressenb\u00e4umen, charakteristischen Elementen der toskanischen Natur.<\/p>\n<p style=\"text-align: center;\">Das historische Zentrum von Pistoia wird von der herrlichen Piazza del Duomo und dem charmanten Platz der Halle gepr\u00e4gt, die beide voller farbenfroher und charakteristischer Restaurants wie Bars und Trattorien sind.<\/p>\n<p style=\"text-align: center;\">In der Sommersaison k\u00f6nnen Sie sich auch sehr angenehme Momente beim Trekking oder Mountainbiken in den Bergen g\u00f6nnen, in vollem Kontakt mit Natur und Heimatgeschichte wie das Berg\u00f6komuseum.<\/p>\n<p style=\"text-align: center;\">In der Wintersaison k\u00f6nnen Sie jedoch in wenigen Kilometern mit dem Auto das bekannte Skigebiet von Abetone nutzen, um interessante Wochenenden mit Freunden und Familie zu verbringen.<\/p>\n<p>[\/vc_column_text][\/vc_column][vc_column width=&#8221;1\/6&#8243;][\/vc_column][\/vc_row][vc_row full_width=&#8221;stretch_row_content&#8221; css=&#8221;.vc_custom_1639584132785{margin-bottom: 0px !important;padding-bottom: 20px !important;}&#8221;][vc_column][vc_media_grid element_width=&#8221;3&#8243; gap=&#8221;10&#8243; grid_id=&#8221;vc_gid:1640599935341-764d346b-b492-0&#8243; include=&#8221;3005,19349,19350,19351&#8243;][\/vc_column][\/vc_row][vc_row full_width=&#8221;stretch_row&#8221; parallax=&#8221;content-moving&#8221; parallax_image=&#8221;3046&#8243; parallax_speed_bg=&#8221;2.5&#8243; bg_media_opacity=&#8221;0.4&#8243; css=&#8221;.vc_custom_1639583874084{padding-top: 150px !important;background-color: #544a4a !important;}&#8221;][vc_column width=&#8221;2\/3&#8243; offset=&#8221;vc_col-lg-offset-2 vc_col-lg-8&#8243;][vc_column_text]<\/p>\n<h4 style=\"text-align: center;\"><span style=\"color: #ffffff;\">Eine alte Landhausvilla mit einem modernen Empfang<\/span><\/h4>\n<h4 style=\"text-align: center;\"><span style=\"color: #ffffff;\">Buchen Sie jetzt Ihren Aufenthalt<\/span><\/h4>\n<p>[\/vc_column_text][vc_btn title=&#8221;KONTAKTIERE UNS&#8221; style=&#8221;classic&#8221; shape=&#8221;round&#8221; color=&#8221;default&#8221; size=&#8221;lg&#8221; align=&#8221;center&#8221; css=&#8221;.vc_custom_1640600072406{padding-top: 30px !important;}&#8221; link=&#8221;url:%2Fde%2F4-sterne-hotel-pistoia%2F|title:Contatti&#8221;][\/vc_column][\/vc_row]<\/p>\n","protected":false},"excerpt":{"rendered":"<p>[vc_row full_width=&#8221;stretch_row&#8221; parallax=&#8221;content-moving&#8221; parallax_image=&#8221;19359&#8243; parallax_speed_bg=&#8221;2.5&#8243; bg_media_opacity=&#8221;0.4&#8243; css=&#8221;.vc_custom_1639667913511{padding-top: 250px !important;padding-bottom: 250px !important;background-color: #544343 !important;}&#8221; el_class=&#8221;patternbg&#8221;][vc_column offset=&#8221;vc_col-lg-offset-2 vc_col-lg-8&#8243;][vc_column_text] Die Umgebung&#8230;<\/p>\n","protected":false},"author":1,"featured_media":0,"parent":0,"menu_order":56,"comment_status":"closed","ping_status":"closed","template":"","meta":{"footnotes":""},"class_list":["post-26532","page","type-page","status-publish","hentry"],"yoast_head":"<!-- This site is optimized with the Yoast SEO plugin v26.1 - https:\/\/yoast.com\/wordpress\/plugins\/seo\/ -->\n<title>Pistoia entdecken | 4 Sterne Hotel Villa Cappugi<\/title>\n<meta name=\"description\" content=\"Entdecken Sie f\u00fcr Ihren Urlaub in Pistoia das Hotel Villa Cappugi in der N\u00e4he des historischen Zentrums von Pistoia in sch\u00f6ner H\u00fcgellage.\" \/>\n<meta name=\"robots\" content=\"index, follow, max-snippet:-1, max-image-preview:large, max-video-preview:-1\" \/>\n<link rel=\"canonical\" href=\"https:\/\/www.hotelvillacappugi.com\/de\/pistoia\/\" \/>\n<meta property=\"og:locale\" content=\"de_DE\" \/>\n<meta property=\"og:type\" content=\"article\" \/>\n<meta property=\"og:title\" content=\"Pistoia entdecken | 4 Sterne Hotel Villa Cappugi\" \/>\n<meta property=\"og:description\" content=\"Entdecken Sie f\u00fcr Ihren Urlaub in Pistoia das Hotel Villa Cappugi in der N\u00e4he des historischen Zentrums von Pistoia in sch\u00f6ner H\u00fcgellage.\" \/>\n<meta property=\"og:url\" content=\"https:\/\/www.hotelvillacappugi.com\/de\/pistoia\/\" \/>\n<meta property=\"og:site_name\" content=\"Hotel Villa Cappugi\" \/>\n<meta property=\"article:publisher\" content=\"https:\/\/www.facebook.com\/hotelvillacappugi\/\" \/>\n<meta property=\"article:modified_time\" content=\"2021-12-27T10:52:33+00:00\" \/>\n<meta name=\"twitter:card\" content=\"summary_large_image\" \/>\n<meta name=\"twitter:label1\" content=\"Gesch\u00e4tzte Lesezeit\" \/>\n\t<meta name=\"twitter:data1\" content=\"2\u00a0Minuten\" \/>\n<script type=\"application\/ld+json\" class=\"yoast-schema-graph\">{\"@context\":\"https:\/\/schema.org\",\"@graph\":[{\"@type\":\"WebPage\",\"@id\":\"https:\/\/www.hotelvillacappugi.com\/de\/pistoia\/\",\"url\":\"https:\/\/www.hotelvillacappugi.com\/de\/pistoia\/\",\"name\":\"Pistoia entdecken | 4 Sterne Hotel Villa Cappugi\",\"isPartOf\":{\"@id\":\"https:\/\/www.hotelvillacappugi.com\/de\/#website\"},\"datePublished\":\"2021-12-15T15:42:52+00:00\",\"dateModified\":\"2021-12-27T10:52:33+00:00\",\"description\":\"Entdecken Sie f\u00fcr Ihren Urlaub in Pistoia das Hotel Villa Cappugi in der N\u00e4he des historischen Zentrums von Pistoia in sch\u00f6ner H\u00fcgellage.\",\"breadcrumb\":{\"@id\":\"https:\/\/www.hotelvillacappugi.com\/de\/pistoia\/#breadcrumb\"},\"inLanguage\":\"de\",\"potentialAction\":[{\"@type\":\"ReadAction\",\"target\":[\"https:\/\/www.hotelvillacappugi.com\/de\/pistoia\/\"]}]},{\"@type\":\"BreadcrumbList\",\"@id\":\"https:\/\/www.hotelvillacappugi.com\/de\/pistoia\/#breadcrumb\",\"itemListElement\":[{\"@type\":\"ListItem\",\"position\":1,\"name\":\"Home\",\"item\":\"https:\/\/www.hotelvillacappugi.com\/de\/\"},{\"@type\":\"ListItem\",\"position\":2,\"name\":\"Umfeld\"}]},{\"@type\":\"WebSite\",\"@id\":\"https:\/\/www.hotelvillacappugi.com\/de\/#website\",\"url\":\"https:\/\/www.hotelvillacappugi.com\/de\/\",\"name\":\"Hotel Villa Cappugi\",\"description\":\"Hotel 4 Stelle a Pistoia\",\"publisher\":{\"@id\":\"https:\/\/www.hotelvillacappugi.com\/de\/#organization\"},\"potentialAction\":[{\"@type\":\"SearchAction\",\"target\":{\"@type\":\"EntryPoint\",\"urlTemplate\":\"https:\/\/www.hotelvillacappugi.com\/de\/?s={search_term_string}\"},\"query-input\":{\"@type\":\"PropertyValueSpecification\",\"valueRequired\":true,\"valueName\":\"search_term_string\"}}],\"inLanguage\":\"de\"},{\"@type\":\"Organization\",\"@id\":\"https:\/\/www.hotelvillacappugi.com\/de\/#organization\",\"name\":\"Hotel Villa Cappugi\",\"url\":\"https:\/\/www.hotelvillacappugi.com\/de\/\",\"logo\":{\"@type\":\"ImageObject\",\"inLanguage\":\"de\",\"@id\":\"https:\/\/www.hotelvillacappugi.com\/de\/#\/schema\/logo\/image\/\",\"url\":\"http:\/\/www.hotelvillacappugi.com\/wp-content\/uploads\/2018\/10\/Logo-Villa-Cappugi.png\",\"contentUrl\":\"http:\/\/www.hotelvillacappugi.com\/wp-content\/uploads\/2018\/10\/Logo-Villa-Cappugi.png\",\"width\":200,\"height\":122,\"caption\":\"Hotel Villa Cappugi\"},\"image\":{\"@id\":\"https:\/\/www.hotelvillacappugi.com\/de\/#\/schema\/logo\/image\/\"},\"sameAs\":[\"https:\/\/www.facebook.com\/hotelvillacappugi\/\",\"https:\/\/www.instagram.com\/villacappugipistoia\/\"]}]}<\/script>\n<!-- \/ Yoast SEO plugin. -->","yoast_head_json":{"title":"Pistoia entdecken | 4 Sterne Hotel Villa Cappugi","description":"Entdecken Sie f\u00fcr Ihren Urlaub in Pistoia das Hotel Villa Cappugi in der N\u00e4he des historischen Zentrums von Pistoia in sch\u00f6ner H\u00fcgellage.","robots":{"index":"index","follow":"follow","max-snippet":"max-snippet:-1","max-image-preview":"max-image-preview:large","max-video-preview":"max-video-preview:-1"},"canonical":"https:\/\/www.hotelvillacappugi.com\/de\/pistoia\/","og_locale":"de_DE","og_type":"article","og_title":"Pistoia entdecken | 4 Sterne Hotel Villa Cappugi","og_description":"Entdecken Sie f\u00fcr Ihren Urlaub in Pistoia das Hotel Villa Cappugi in der N\u00e4he des historischen Zentrums von Pistoia in sch\u00f6ner H\u00fcgellage.","og_url":"https:\/\/www.hotelvillacappugi.com\/de\/pistoia\/","og_site_name":"Hotel Villa Cappugi","article_publisher":"https:\/\/www.facebook.com\/hotelvillacappugi\/","article_modified_time":"2021-12-27T10:52:33+00:00","twitter_card":"summary_large_image","twitter_misc":{"Gesch\u00e4tzte Lesezeit":"2\u00a0Minuten"},"schema":{"@context":"https:\/\/schema.org","@graph":[{"@type":"WebPage","@id":"https:\/\/www.hotelvillacappugi.com\/de\/pistoia\/","url":"https:\/\/www.hotelvillacappugi.com\/de\/pistoia\/","name":"Pistoia entdecken | 4 Sterne Hotel Villa Cappugi","isPartOf":{"@id":"https:\/\/www.hotelvillacappugi.com\/de\/#website"},"datePublished":"2021-12-15T15:42:52+00:00","dateModified":"2021-12-27T10:52:33+00:00","description":"Entdecken Sie f\u00fcr Ihren Urlaub in Pistoia das Hotel Villa Cappugi in der N\u00e4he des historischen Zentrums von Pistoia in sch\u00f6ner H\u00fcgellage.","breadcrumb":{"@id":"https:\/\/www.hotelvillacappugi.com\/de\/pistoia\/#breadcrumb"},"inLanguage":"de","potentialAction":[{"@type":"ReadAction","target":["https:\/\/www.hotelvillacappugi.com\/de\/pistoia\/"]}]},{"@type":"BreadcrumbList","@id":"https:\/\/www.hotelvillacappugi.com\/de\/pistoia\/#breadcrumb","itemListElement":[{"@type":"ListItem","position":1,"name":"Home","item":"https:\/\/www.hotelvillacappugi.com\/de\/"},{"@type":"ListItem","position":2,"name":"Umfeld"}]},{"@type":"WebSite","@id":"https:\/\/www.hotelvillacappugi.com\/de\/#website","url":"https:\/\/www.hotelvillacappugi.com\/de\/","name":"Hotel Villa Cappugi","description":"Hotel 4 Stelle a Pistoia","publisher":{"@id":"https:\/\/www.hotelvillacappugi.com\/de\/#organization"},"potentialAction":[{"@type":"SearchAction","target":{"@type":"EntryPoint","urlTemplate":"https:\/\/www.hotelvillacappugi.com\/de\/?s={search_term_string}"},"query-input":{"@type":"PropertyValueSpecification","valueRequired":true,"valueName":"search_term_string"}}],"inLanguage":"de"},{"@type":"Organization","@id":"https:\/\/www.hotelvillacappugi.com\/de\/#organization","name":"Hotel Villa Cappugi","url":"https:\/\/www.hotelvillacappugi.com\/de\/","logo":{"@type":"ImageObject","inLanguage":"de","@id":"https:\/\/www.hotelvillacappugi.com\/de\/#\/schema\/logo\/image\/","url":"http:\/\/www.hotelvillacappugi.com\/wp-content\/uploads\/2018\/10\/Logo-Villa-Cappugi.png","contentUrl":"http:\/\/www.hotelvillacappugi.com\/wp-content\/uploads\/2018\/10\/Logo-Villa-Cappugi.png","width":200,"height":122,"caption":"Hotel Villa Cappugi"},"image":{"@id":"https:\/\/www.hotelvillacappugi.com\/de\/#\/schema\/logo\/image\/"},"sameAs":["https:\/\/www.facebook.com\/hotelvillacappugi\/","https:\/\/www.instagram.com\/villacappugipistoia\/"]}]}},"_links":{"self":[{"href":"https:\/\/www.hotelvillacappugi.com\/de\/wp-json\/wp\/v2\/pages\/26532","targetHints":{"allow":["GET"]}}],"collection":[{"href":"https:\/\/www.hotelvillacappugi.com\/de\/wp-json\/wp\/v2\/pages"}],"about":[{"href":"https:\/\/www.hotelvillacappugi.com\/de\/wp-json\/wp\/v2\/types\/page"}],"author":[{"embeddable":true,"href":"https:\/\/www.hotelvillacappugi.com\/de\/wp-json\/wp\/v2\/users\/1"}],"replies":[{"embeddable":true,"href":"https:\/\/www.hotelvillacappugi.com\/de\/wp-json\/wp\/v2\/comments?post=26532"}],"version-history":[{"count":0,"href":"https:\/\/www.hotelvillacappugi.com\/de\/wp-json\/wp\/v2\/pages\/26532\/revisions"}],"wp:attachment":[{"href":"https:\/\/www.hotelvillacappugi.com\/de\/wp-json\/wp\/v2\/media?parent=26532"}],"curies":[{"name":"wp","href":"https:\/\/api.w.org\/{rel}","templated":true}]}}