{"id":26365,"date":"2021-12-15T14:41:13","date_gmt":"2021-12-15T13:41:13","guid":{"rendered":"http:\/\/www.hotelvillacappugi.com\/location-matrimoni-a-pistoia-in-toscana\/"},"modified":"2021-12-27T11:53:16","modified_gmt":"2021-12-27T10:53:16","slug":"hochzeitstandort-in-der-toskana-in-pistoia","status":"publish","type":"page","link":"https:\/\/www.hotelvillacappugi.com\/de\/hochzeitstandort-in-der-toskana-in-pistoia\/","title":{"rendered":"Hochzeitstandort"},"content":{"rendered":"<p>[vc_row full_width=&#8221;stretch_row&#8221; parallax=&#8221;content-moving&#8221; parallax_image=&#8221;3117&#8243; parallax_speed_bg=&#8221;2.5&#8243; bg_media_opacity=&#8221;0.4&#8243; css=&#8221;.vc_custom_1639668204559{padding-top: 250px !important;padding-bottom: 250px !important;background-color: #544343 !important;}&#8221; el_class=&#8221;patternbg&#8221;][vc_column offset=&#8221;vc_col-lg-offset-2 vc_col-lg-8&#8243;][vc_column_text]<\/p>\n<h3 style=\"text-align: center;\"><span style=\"color: #ffffff;\">Location f\u00fcr Hochzeiten in Pistoia<\/span><\/h3>\n<p style=\"text-align: center;\"><span style=\"color: #ffffff;\">Eine besondere Location f\u00fcr einen besonderen Tag<\/span><\/p>\n<p>[\/vc_column_text][\/vc_column][\/vc_row][vc_row css=&#8221;.vc_custom_1639566544018{margin-top: 0px !important;padding-top: 0px !important;}&#8221;][vc_column width=&#8221;1\/4&#8243;][\/vc_column][vc_column width=&#8221;1\/2&#8243;][vc_column_text css=&#8221;.vc_custom_1640596882483{padding-top: 50px !important;}&#8221;]<\/p>\n<p style=\"text-align: center;\">Die Hochzeitslocation der Villa Cappugi in Pistoia, Toskana, bietet mehrere Dienstleistungen f\u00fcr Ihren wichtigsten Tag.<\/p>\n<p style=\"text-align: center;\">Das Personal der Villa k\u00fcmmert sich um praktisch alles f\u00fcr Sie und Ihre Hochzeit, von der Organisation der Zeremonie in unserer sch\u00f6nen Anlage \u00fcber die Organisation des Caterings bis hin zum Aufstellen der Dekoration.<\/p>\n<p style=\"text-align: center;\">Sie m\u00fcssen nur Ihre W\u00fcnsche \u00e4u\u00dfern und Ihren wundervollen Moment genie\u00dfen!<\/p>\n<p>[\/vc_column_text][\/vc_column][vc_column width=&#8221;1\/4&#8243;][\/vc_column][\/vc_row][vc_row full_width=&#8221;stretch_row_content&#8221;][vc_column][vc_media_grid element_width=&#8221;3&#8243; gap=&#8221;10&#8243; grid_id=&#8221;vc_gid:1640597962737-c01e5a5b-fda5-4&#8243; include=&#8221;3115,3116,3101,3102&#8243;][\/vc_column][\/vc_row][vc_row][vc_column width=&#8221;1\/4&#8243;][\/vc_column][vc_column width=&#8221;1\/2&#8243;][vc_column_text]<\/p>\n<h5 style=\"text-align: center;\">DIENSTLEISTUNGEN<\/h5>\n<p>[\/vc_column_text][vc_separator color=&#8221;custom&#8221; border_width=&#8221;2&#8243; el_width=&#8221;10&#8243; accent_color=&#8221;#09355c&#8221;][vc_column_text]<\/p>\n<p style=\"text-align: center;\">Ob Ihre Hochzeit tags\u00fcber oder abends stattfindet, wir stehen Ihnen dank unseres internen Catering-Services und unserer Zusammenarbeit mit den besten lokalen Konditoreien f\u00fcr die Zubereitung der herrlichen Hochzeitstorte f\u00fcr die Organisation eines Hochzeitsmittagessens oder -abendessens zur Verf\u00fcgung.<\/p>\n<p style=\"text-align: center;\">Jeder unserer Dienstleistungen ist vollst\u00e4ndig an die Kundenbed\u00fcrfnisse anpassbar, also &#8230; werden wir unser Bestes tun, um alle W\u00fcnsche des Paares zu erf\u00fcllen!<\/p>\n<p>[\/vc_column_text]<script>\n    (function($){\n        'use strict';\n\n        if(!$) return;\n\n        $(function(){\n            if(window.appear) {\n                appear({\n                    elements: function(){\n                        return document.querySelectorAll('#vc-milenia-button-32dcd5531d12481567ad87de94f878a3-17769837771970920550');\n                    },\n                    appear: function(element) {\n                        var $el = $(element);\n                        $el.addClass('milenia-visible').addClass($el.data('animation'));\n                    },\n                    reappear: false,\n                    bounds: -200\n                });\n            }\n        });\n    })(window.jQuery);\n<\/script>\n<div id=\"vc-milenia-button-32dcd5531d12481567ad87de94f878a3-17769837771970920550\" class=\"milenia-button-container text-lg-center milenia-body--scheme-brown milenia-visible\" data-animation=\"none\">\n    <a href=\"#contatti\"\n       role=\"button\"\n       class=\"milenia-btn milenia-btn--big milenia-btn--scheme-primary vc_custom_1640596925938 milenia-font--like-body\"\n       title=\"\"\n       target=\"_self\"\n       rel=\"\"\n       style=\"font-style: normal; letter-spacing: 1.8px; font-weight: 200; text-transform: uppercase;\">ANGEBOT ANFORDERN<\/a>\n<\/div>\n[\/vc_column][vc_column width=&#8221;1\/4&#8243;][\/vc_column][\/vc_row][vc_row][vc_column]<!--================ Icon Boxes ================-->\n<script>\n    (function($){\n        'use strict';\n\n        if(!$) return;\n\n        $(function(){\n            var $container = $('#vc-milenia-info-boxes-8e1d39ea887e5d37e2e3e87903f50a74-1776983777193350405');\n\n            if(!$container.length) return;\n\n            if(window.appear) {\n                appear({\n                    elements: function(){\n                        return document.querySelectorAll('#vc-milenia-info-boxes-8e1d39ea887e5d37e2e3e87903f50a74-1776983777193350405');\n                    },\n                    appear: function(element) {\n                        var $el = $(element);\n                        $el.addClass('milenia-visible').addClass($el.data('animation'));\n                    },\n                    reappear: false,\n                    bounds: -200\n                });\n            }\n\n            if(window.Milenia && window.Milenia.LinkUnderliner) {\n                window.Milenia.LinkUnderliner.init($container.find('a'));\n            }\n        });\n    })(window.jQuery);\n<\/script>\n\n<div id=\"vc-milenia-info-boxes-8e1d39ea887e5d37e2e3e87903f50a74-1776983777193350405\" class=\"milenia-icon-boxes milenia-icon-boxes--style-1 milenia-visible\" data-animation=\"none\">\n    <div class=\"milenia-grid milenia-grid--cols-5\">\n        <!--================ Icon Box ================-->\n<div class=\"milenia-grid-item\">\n    <article class=\"milenia-icon-box milenia-aligner\">\n        <div class=\"milenia-aligner-outer\">\n            <div class=\"milenia-aligner-inner\">\n                <span class=\"milenia-icon-box-icon milenia-font-icon-location2\"><\/span>\n\n                <div class=\"milenia-icon-box-content\">\n                    <h2 class=\"milenia-icon-box-title\">Zeremonie vor Ort<\/h2>\n                    \n                <\/div>\n            <\/div>\n        <\/div>\n\n        <a href=\"#contatti\" class=\"milenia-ln--independent milenia-icon-box-link\"   ><\/a>\n    <\/article>\n<\/div>\n<!--================ Icon Box ================-->\n\r\n<!--================ Icon Box ================-->\n<div class=\"milenia-grid-item\">\n    <article class=\"milenia-icon-box milenia-aligner\">\n        <div class=\"milenia-aligner-outer\">\n            <div class=\"milenia-aligner-inner\">\n                <span class=\"milenia-icon-box-icon milenia-font-icon-eat\"><\/span>\n\n                <div class=\"milenia-icon-box-content\">\n                    <h2 class=\"milenia-icon-box-title\">Mittag-\/Abendessen in unserem Restaurant<\/h2>\n                    \n                <\/div>\n            <\/div>\n        <\/div>\n\n        <a href=\"#contatti\" class=\"milenia-ln--independent milenia-icon-box-link\"   ><\/a>\n    <\/article>\n<\/div>\n<!--================ Icon Box ================-->\n\r\n<!--================ Icon Box ================-->\n<div class=\"milenia-grid-item\">\n    <article class=\"milenia-icon-box milenia-aligner\">\n        <div class=\"milenia-aligner-outer\">\n            <div class=\"milenia-aligner-inner\">\n                <span class=\"milenia-icon-box-icon milenia-font-icon-dish2\"><\/span>\n\n                <div class=\"milenia-icon-box-content\">\n                    <h2 class=\"milenia-icon-box-title\">Interner Catering-Service<\/h2>\n                    \n                <\/div>\n            <\/div>\n        <\/div>\n\n        <a href=\"#contatti\" class=\"milenia-ln--independent milenia-icon-box-link\"   ><\/a>\n    <\/article>\n<\/div>\n<!--================ Icon Box ================-->\n\r\n<!--================ Icon Box ================-->\n<div class=\"milenia-grid-item\">\n    <article class=\"milenia-icon-box milenia-aligner\">\n        <div class=\"milenia-aligner-outer\">\n            <div class=\"milenia-aligner-inner\">\n                <span class=\"milenia-icon-box-icon milenia-font-icon-cake\"><\/span>\n\n                <div class=\"milenia-icon-box-content\">\n                    <h2 class=\"milenia-icon-box-title\">Zusammenarbeit mit ausgezeichneten Konditoreien f\u00fcr die Zubereitung der Hochzeitstorte<\/h2>\n                    \n                <\/div>\n            <\/div>\n        <\/div>\n\n        <a href=\"#contatti\" class=\"milenia-ln--independent milenia-icon-box-link\"   ><\/a>\n    <\/article>\n<\/div>\n<!--================ Icon Box ================-->\n\r\n<!--================ Icon Box ================-->\n<div class=\"milenia-grid-item\">\n    <article class=\"milenia-icon-box milenia-aligner\">\n        <div class=\"milenia-aligner-outer\">\n            <div class=\"milenia-aligner-inner\">\n                <span class=\"milenia-icon-box-icon milenia-font-icon-water-lily\"><\/span>\n\n                <div class=\"milenia-icon-box-content\">\n                    <h2 class=\"milenia-icon-box-title\">Organisation und Vorbereitung der Dekorationen<\/h2>\n                    \n                <\/div>\n            <\/div>\n        <\/div>\n\n        <a href=\"#contatti\" class=\"milenia-ln--independent milenia-icon-box-link\"   ><\/a>\n    <\/article>\n<\/div>\n<!--================ Icon Box ================-->\n\n    <\/div>\n<\/div>\n<!--================ Icon Boxes ================-->\n[\/vc_column][\/vc_row][vc_row full_width=&#8221;stretch_row&#8221; parallax=&#8221;content-moving&#8221; parallax_image=&#8221;3119&#8243; parallax_speed_bg=&#8221;2.5&#8243; bg_media_opacity=&#8221;0.4&#8243; css=&#8221;.vc_custom_1639576998764{margin-top: 50px !important;padding-top: 150px !important;background-color: #544a4a !important;}&#8221;][vc_column width=&#8221;2\/3&#8243; offset=&#8221;vc_col-lg-offset-2 vc_col-lg-8&#8243;][vc_column_text]<\/p>\n<h4 style=\"text-align: center;\"><span style=\"color: #ffffff;\">F\u00fcr einen so wichtigen Tag wie eine Hochzeit steht Ihnen die Hochzeitslocation Pistoia der Villa Cappugi jederzeit zur Verf\u00fcgung, sei es eine Anfrage oder eine Beratung, wir sind f\u00fcr Sie da!<span style=\"color: #ffffff;\">Nutzen Sie jetzt unseren personalisierten Service, fordern Sie ein Interview mit unseren erfahrenen Pistoia-Hochzeitsplanern an.<\/span><\/span><\/h4>\n<h4 style=\"text-align: center;\"><\/h4>\n<p>[\/vc_column_text][\/vc_column][\/vc_row][vc_row el_id=&#8221;contatti&#8221; css=&#8221;.vc_custom_1640073713505{padding-top: 40px !important;}&#8221;][vc_column][vc_column_text]<\/p>\n<h5 style=\"text-align: center;\"><span style=\"color: #09355c;\">WOLLEN SIE WEITERE INFORMATIONEN?<br \/>\n<\/span><\/h5>\n<p>[\/vc_column_text][vc_separator color=&#8221;custom&#8221; border_width=&#8221;2&#8243; el_width=&#8221;10&#8243; accent_color=&#8221;#09355c&#8221;][vc_column_text]<\/p>\n<p style=\"text-align: center;\">F\u00fcllen Sie unser Kontaktformular aus, um ein Interview mit unseren Experten anzufordern, Sie werden in k\u00fcrzester Zeit kontaktiert!<\/p>\n<p>[\/vc_column_text][vc_row_inner][vc_column_inner width=&#8221;1\/4&#8243;][\/vc_column_inner][vc_column_inner width=&#8221;1\/2&#8243;]\n<div class=\"wpcf7 no-js\" id=\"wpcf7-f20691-o1\" lang=\"it-IT\" dir=\"ltr\" data-wpcf7-id=\"20691\">\n<div class=\"screen-reader-response\"><p role=\"status\" aria-live=\"polite\" aria-atomic=\"true\"><\/p> <ul><\/ul><\/div>\n<form action=\"\/de\/wp-json\/wp\/v2\/pages\/26365#wpcf7-f20691-o1\" method=\"post\" class=\"wpcf7-form init wpcf7-acceptance-as-validation\" aria-label=\"Modulo di contatto\" novalidate=\"novalidate\" data-status=\"init\">\n<fieldset class=\"hidden-fields-container\"><input type=\"hidden\" name=\"_wpcf7\" value=\"20691\" \/><input type=\"hidden\" name=\"_wpcf7_version\" value=\"6.1.2\" \/><input type=\"hidden\" name=\"_wpcf7_locale\" value=\"it_IT\" \/><input type=\"hidden\" name=\"_wpcf7_unit_tag\" value=\"wpcf7-f20691-o1\" \/><input type=\"hidden\" name=\"_wpcf7_container_post\" value=\"0\" \/><input type=\"hidden\" name=\"_wpcf7_posted_data_hash\" value=\"\" \/><input type=\"hidden\" name=\"_wpcf7dtx_version\" value=\"5.0.3\" \/><input type=\"hidden\" name=\"_wpcf7_recaptcha_response\" value=\"\" \/>\n<\/fieldset>\n<div class=\"row form-group\">\n\t<div class=\"col-md-6\">\n\t\t<div class=\"form-col\">\n\t\t\t<p><span class=\"wpcf7-form-control-wrap\" data-name=\"nome\"><input size=\"40\" maxlength=\"400\" class=\"wpcf7-form-control wpcf7-text wpcf7-validates-as-required\" aria-required=\"true\" aria-invalid=\"false\" placeholder=\"Vorname\" value=\"\" type=\"text\" name=\"nome\" \/><\/span>\n\t\t\t<\/p>\n\t\t<\/div>\n\t<\/div>\n\t<div class=\"col-md-6\">\n\t\t<div class=\"form-col\">\n\t\t\t<p><span class=\"wpcf7-form-control-wrap\" data-name=\"cognome\"><input size=\"40\" maxlength=\"400\" class=\"wpcf7-form-control wpcf7-text wpcf7-validates-as-required\" aria-required=\"true\" aria-invalid=\"false\" placeholder=\"Familien-oder Nachname\" value=\"\" type=\"text\" name=\"cognome\" \/><\/span>\n\t\t\t<\/p>\n\t\t<\/div>\n\t<\/div>\n<\/div>\n<div class=\"row form-group\">\n\t<div class=\"col-md-6\">\n\t\t<div class=\"form-col\">\n\t\t\t<p><span class=\"wpcf7-form-control-wrap\" data-name=\"email\"><input size=\"40\" maxlength=\"400\" class=\"wpcf7-form-control wpcf7-email wpcf7-validates-as-required wpcf7-text wpcf7-validates-as-email\" aria-required=\"true\" aria-invalid=\"false\" placeholder=\"Email\" value=\"\" type=\"email\" name=\"email\" \/><\/span>\n\t\t\t<\/p>\n\t\t<\/div>\n\t<\/div>\n\t<div class=\"col-md-6\">\n\t\t<div class=\"form-col\">\n\t\t\t<p><span class=\"wpcf7-form-control-wrap\" data-name=\"telefono\"><input size=\"40\" maxlength=\"400\" class=\"wpcf7-form-control wpcf7-text wpcf7-validates-as-required\" aria-required=\"true\" aria-invalid=\"false\" placeholder=\"Telefon\" value=\"\" type=\"text\" name=\"telefono\" \/><\/span>\n\t\t\t<\/p>\n\t\t<\/div>\n\t<\/div>\n<\/div>\n<div class=\"row form-group\">\n\t<div class=\"col-md-6\">\n\t\t<div class=\"form-col\">\n\t\t\t<p>Hochzeitsdatum\n\t\t\t<\/p>\n\t\t\t<p><span class=\"wpcf7-form-control-wrap\" data-name=\"datamatrimonio\"><input class=\"wpcf7-form-control wpcf7-date wpcf7-validates-as-date\" aria-invalid=\"false\" placeholder=\"Wedding Day\" value=\"\" type=\"date\" name=\"datamatrimonio\" \/><\/span>\n\t\t\t<\/p>\n\t\t<\/div>\n\t<\/div>\n\t<div class=\"col-md-6\">\n\t\t<div class=\"form-col\">\n\t\t\t<p>Anzahl der G\u00e4ste\n\t\t\t<\/p>\n\t\t\t<p>[select invitati include_blank \u201eweniger als 10 Personen\u201c \u201evon 10 bis 20 Personen\u201c \u201evon 20 bis 30 Personen\u201c \u201evon 30 bis 40 Personen\u201c \u201evon 40 bis 50 Personen\u201c \u201evon 50 bis 60 Personen\u201c \u201evon 60 bis 70 Personen\u201c \u201eab 70 bis 80 Personen \"\" von 80 bis 90 Personen \"\" von 90 bis 100 Personen \"\" von 100 bis 110 Personen \"\" von 110 bis 120 Personen \"\" von 120 bis 130 Personen \"\" von 130 bis 140 Personen \"\" von 140 bis 150 Personen \"\" von 150 bis 160 Personen \"\" von 160 bis 170 Personen \"\" von 170 bis 180 Personen \"\" von 180 bis 190 Personen \"\" von 190 bis 200 Personen \"\" \u00fcber 200 Personen\"]\n\t\t\t<\/p>\n\t\t<\/div>\n\t<\/div>\n<\/div>\n<div class=\"row form-group\">\n\t<div class=\"col-md-12\">\n\t\t<div class=\"form-col\">\n\t\t\t<p><span class=\"wpcf7-form-control-wrap\" data-name=\"messaggio\"><textarea cols=\"40\" rows=\"6\" maxlength=\"2000\" class=\"wpcf7-form-control wpcf7-textarea\" aria-invalid=\"false\" placeholder=\"Details anfordern\" name=\"messaggio\"><\/textarea><\/span>\n\t\t\t<\/p>\n\t\t<\/div>\n\t<\/div>\n<\/div>\n<div class=\"row form-group\">\n\t<div class=\"col-md-12\">\n\t\t<div class=\"form-col\">\n\t\t\t<p>Ich erm\u00e4chtige die Website, meine Daten zu verwalten, um auf meine Anfrage zu antworten. Die Daten k\u00f6nnen auf dieser Website gespeichert werden, ihre L\u00f6schung kann jedoch wie auf der <a href=\"\/privacy\/\" target=\"_blank\" title=\"Privacy\"> Datenschutzseite <\/a> beschrieben angefordert werden\n\t\t\t<\/p>\n\t\t<\/div>\n\t<\/div>\n<\/div>\n<div class=\"row form-group\">\n\t<div class=\"col-md-12\">\n\t\t<div class=\"form-col\">\n\t\t\t<p><input class=\"wpcf7-form-control wpcf7-submit has-spinner milenia-btn milenia-btn--scheme-dark milenia-btn--unbordered\" type=\"submit\" value=\"SENDEN\" \/>\n\t\t\t<\/p>\n\t\t<\/div>\n\t<\/div>\n<\/div><div class=\"wpcf7-response-output\" aria-hidden=\"true\"><\/div>\n<\/form>\n<\/div>\n[\/vc_column_inner][vc_column_inner width=&#8221;1\/4&#8243;][\/vc_column_inner][\/vc_row_inner][\/vc_column][\/vc_row]<\/p>\n","protected":false},"excerpt":{"rendered":"<p>[vc_row full_width=&#8221;stretch_row&#8221; parallax=&#8221;content-moving&#8221; parallax_image=&#8221;3117&#8243; parallax_speed_bg=&#8221;2.5&#8243; bg_media_opacity=&#8221;0.4&#8243; css=&#8221;.vc_custom_1639668204559{padding-top: 250px !important;padding-bottom: 250px !important;background-color: #544343 !important;}&#8221; el_class=&#8221;patternbg&#8221;][vc_column offset=&#8221;vc_col-lg-offset-2 vc_col-lg-8&#8243;][vc_column_text] Location f\u00fcr&#8230;<\/p>\n","protected":false},"author":1,"featured_media":0,"parent":0,"menu_order":72,"comment_status":"closed","ping_status":"closed","template":"","meta":{"footnotes":""},"class_list":["post-26365","page","type-page","status-publish","hentry"],"yoast_head":"<!-- This site is optimized with the Yoast SEO plugin v26.1 - https:\/\/yoast.com\/wordpress\/plugins\/seo\/ -->\n<title>Hochzeitslocation in Pistoia in der Toskana Hotel Villa Cappugi<\/title>\n<meta name=\"description\" content=\"Die Hochzeitslocation der Villa Cappugi in Pistoia, Toskana, bietet mehrere Dienstleistungen f\u00fcr Ihren wichtigsten Tag.\" \/>\n<meta name=\"robots\" content=\"index, follow, max-snippet:-1, max-image-preview:large, max-video-preview:-1\" \/>\n<link rel=\"canonical\" href=\"https:\/\/www.hotelvillacappugi.com\/de\/hochzeitstandort-in-der-toskana-in-pistoia\/\" \/>\n<meta property=\"og:locale\" content=\"de_DE\" \/>\n<meta property=\"og:type\" content=\"article\" \/>\n<meta property=\"og:title\" content=\"Hochzeitslocation in Pistoia in der Toskana Hotel Villa Cappugi\" \/>\n<meta property=\"og:description\" content=\"Die Hochzeitslocation der Villa Cappugi in Pistoia, Toskana, bietet mehrere Dienstleistungen f\u00fcr Ihren wichtigsten Tag.\" \/>\n<meta property=\"og:url\" content=\"https:\/\/www.hotelvillacappugi.com\/de\/hochzeitstandort-in-der-toskana-in-pistoia\/\" \/>\n<meta property=\"og:site_name\" content=\"Hotel Villa Cappugi\" \/>\n<meta property=\"article:publisher\" content=\"https:\/\/www.facebook.com\/hotelvillacappugi\/\" \/>\n<meta property=\"article:modified_time\" content=\"2021-12-27T10:53:16+00:00\" \/>\n<meta name=\"twitter:card\" content=\"summary_large_image\" \/>\n<meta name=\"twitter:label1\" content=\"Gesch\u00e4tzte Lesezeit\" \/>\n\t<meta name=\"twitter:data1\" content=\"2\u00a0Minuten\" \/>\n<script type=\"application\/ld+json\" class=\"yoast-schema-graph\">{\"@context\":\"https:\/\/schema.org\",\"@graph\":[{\"@type\":\"WebPage\",\"@id\":\"https:\/\/www.hotelvillacappugi.com\/de\/hochzeitstandort-in-der-toskana-in-pistoia\/\",\"url\":\"https:\/\/www.hotelvillacappugi.com\/de\/hochzeitstandort-in-der-toskana-in-pistoia\/\",\"name\":\"Hochzeitslocation in Pistoia in der Toskana Hotel Villa Cappugi\",\"isPartOf\":{\"@id\":\"https:\/\/www.hotelvillacappugi.com\/de\/#website\"},\"datePublished\":\"2021-12-15T13:41:13+00:00\",\"dateModified\":\"2021-12-27T10:53:16+00:00\",\"description\":\"Die Hochzeitslocation der Villa Cappugi in Pistoia, Toskana, bietet mehrere Dienstleistungen f\u00fcr Ihren wichtigsten Tag.\",\"breadcrumb\":{\"@id\":\"https:\/\/www.hotelvillacappugi.com\/de\/hochzeitstandort-in-der-toskana-in-pistoia\/#breadcrumb\"},\"inLanguage\":\"de\",\"potentialAction\":[{\"@type\":\"ReadAction\",\"target\":[\"https:\/\/www.hotelvillacappugi.com\/de\/hochzeitstandort-in-der-toskana-in-pistoia\/\"]}]},{\"@type\":\"BreadcrumbList\",\"@id\":\"https:\/\/www.hotelvillacappugi.com\/de\/hochzeitstandort-in-der-toskana-in-pistoia\/#breadcrumb\",\"itemListElement\":[{\"@type\":\"ListItem\",\"position\":1,\"name\":\"Home\",\"item\":\"https:\/\/www.hotelvillacappugi.com\/de\/\"},{\"@type\":\"ListItem\",\"position\":2,\"name\":\"Hochzeitstandort\"}]},{\"@type\":\"WebSite\",\"@id\":\"https:\/\/www.hotelvillacappugi.com\/de\/#website\",\"url\":\"https:\/\/www.hotelvillacappugi.com\/de\/\",\"name\":\"Hotel Villa Cappugi\",\"description\":\"Hotel 4 Stelle a Pistoia\",\"publisher\":{\"@id\":\"https:\/\/www.hotelvillacappugi.com\/de\/#organization\"},\"potentialAction\":[{\"@type\":\"SearchAction\",\"target\":{\"@type\":\"EntryPoint\",\"urlTemplate\":\"https:\/\/www.hotelvillacappugi.com\/de\/?s={search_term_string}\"},\"query-input\":{\"@type\":\"PropertyValueSpecification\",\"valueRequired\":true,\"valueName\":\"search_term_string\"}}],\"inLanguage\":\"de\"},{\"@type\":\"Organization\",\"@id\":\"https:\/\/www.hotelvillacappugi.com\/de\/#organization\",\"name\":\"Hotel Villa Cappugi\",\"url\":\"https:\/\/www.hotelvillacappugi.com\/de\/\",\"logo\":{\"@type\":\"ImageObject\",\"inLanguage\":\"de\",\"@id\":\"https:\/\/www.hotelvillacappugi.com\/de\/#\/schema\/logo\/image\/\",\"url\":\"http:\/\/www.hotelvillacappugi.com\/wp-content\/uploads\/2018\/10\/Logo-Villa-Cappugi.png\",\"contentUrl\":\"http:\/\/www.hotelvillacappugi.com\/wp-content\/uploads\/2018\/10\/Logo-Villa-Cappugi.png\",\"width\":200,\"height\":122,\"caption\":\"Hotel Villa Cappugi\"},\"image\":{\"@id\":\"https:\/\/www.hotelvillacappugi.com\/de\/#\/schema\/logo\/image\/\"},\"sameAs\":[\"https:\/\/www.facebook.com\/hotelvillacappugi\/\",\"https:\/\/www.instagram.com\/villacappugipistoia\/\"]}]}<\/script>\n<!-- \/ Yoast SEO plugin. -->","yoast_head_json":{"title":"Hochzeitslocation in Pistoia in der Toskana Hotel Villa Cappugi","description":"Die Hochzeitslocation der Villa Cappugi in Pistoia, Toskana, bietet mehrere Dienstleistungen f\u00fcr Ihren wichtigsten Tag.","robots":{"index":"index","follow":"follow","max-snippet":"max-snippet:-1","max-image-preview":"max-image-preview:large","max-video-preview":"max-video-preview:-1"},"canonical":"https:\/\/www.hotelvillacappugi.com\/de\/hochzeitstandort-in-der-toskana-in-pistoia\/","og_locale":"de_DE","og_type":"article","og_title":"Hochzeitslocation in Pistoia in der Toskana Hotel Villa Cappugi","og_description":"Die Hochzeitslocation der Villa Cappugi in Pistoia, Toskana, bietet mehrere Dienstleistungen f\u00fcr Ihren wichtigsten Tag.","og_url":"https:\/\/www.hotelvillacappugi.com\/de\/hochzeitstandort-in-der-toskana-in-pistoia\/","og_site_name":"Hotel Villa Cappugi","article_publisher":"https:\/\/www.facebook.com\/hotelvillacappugi\/","article_modified_time":"2021-12-27T10:53:16+00:00","twitter_card":"summary_large_image","twitter_misc":{"Gesch\u00e4tzte Lesezeit":"2\u00a0Minuten"},"schema":{"@context":"https:\/\/schema.org","@graph":[{"@type":"WebPage","@id":"https:\/\/www.hotelvillacappugi.com\/de\/hochzeitstandort-in-der-toskana-in-pistoia\/","url":"https:\/\/www.hotelvillacappugi.com\/de\/hochzeitstandort-in-der-toskana-in-pistoia\/","name":"Hochzeitslocation in Pistoia in der Toskana Hotel Villa Cappugi","isPartOf":{"@id":"https:\/\/www.hotelvillacappugi.com\/de\/#website"},"datePublished":"2021-12-15T13:41:13+00:00","dateModified":"2021-12-27T10:53:16+00:00","description":"Die Hochzeitslocation der Villa Cappugi in Pistoia, Toskana, bietet mehrere Dienstleistungen f\u00fcr Ihren wichtigsten Tag.","breadcrumb":{"@id":"https:\/\/www.hotelvillacappugi.com\/de\/hochzeitstandort-in-der-toskana-in-pistoia\/#breadcrumb"},"inLanguage":"de","potentialAction":[{"@type":"ReadAction","target":["https:\/\/www.hotelvillacappugi.com\/de\/hochzeitstandort-in-der-toskana-in-pistoia\/"]}]},{"@type":"BreadcrumbList","@id":"https:\/\/www.hotelvillacappugi.com\/de\/hochzeitstandort-in-der-toskana-in-pistoia\/#breadcrumb","itemListElement":[{"@type":"ListItem","position":1,"name":"Home","item":"https:\/\/www.hotelvillacappugi.com\/de\/"},{"@type":"ListItem","position":2,"name":"Hochzeitstandort"}]},{"@type":"WebSite","@id":"https:\/\/www.hotelvillacappugi.com\/de\/#website","url":"https:\/\/www.hotelvillacappugi.com\/de\/","name":"Hotel Villa Cappugi","description":"Hotel 4 Stelle a Pistoia","publisher":{"@id":"https:\/\/www.hotelvillacappugi.com\/de\/#organization"},"potentialAction":[{"@type":"SearchAction","target":{"@type":"EntryPoint","urlTemplate":"https:\/\/www.hotelvillacappugi.com\/de\/?s={search_term_string}"},"query-input":{"@type":"PropertyValueSpecification","valueRequired":true,"valueName":"search_term_string"}}],"inLanguage":"de"},{"@type":"Organization","@id":"https:\/\/www.hotelvillacappugi.com\/de\/#organization","name":"Hotel Villa Cappugi","url":"https:\/\/www.hotelvillacappugi.com\/de\/","logo":{"@type":"ImageObject","inLanguage":"de","@id":"https:\/\/www.hotelvillacappugi.com\/de\/#\/schema\/logo\/image\/","url":"http:\/\/www.hotelvillacappugi.com\/wp-content\/uploads\/2018\/10\/Logo-Villa-Cappugi.png","contentUrl":"http:\/\/www.hotelvillacappugi.com\/wp-content\/uploads\/2018\/10\/Logo-Villa-Cappugi.png","width":200,"height":122,"caption":"Hotel Villa Cappugi"},"image":{"@id":"https:\/\/www.hotelvillacappugi.com\/de\/#\/schema\/logo\/image\/"},"sameAs":["https:\/\/www.facebook.com\/hotelvillacappugi\/","https:\/\/www.instagram.com\/villacappugipistoia\/"]}]}},"_links":{"self":[{"href":"https:\/\/www.hotelvillacappugi.com\/de\/wp-json\/wp\/v2\/pages\/26365","targetHints":{"allow":["GET"]}}],"collection":[{"href":"https:\/\/www.hotelvillacappugi.com\/de\/wp-json\/wp\/v2\/pages"}],"about":[{"href":"https:\/\/www.hotelvillacappugi.com\/de\/wp-json\/wp\/v2\/types\/page"}],"author":[{"embeddable":true,"href":"https:\/\/www.hotelvillacappugi.com\/de\/wp-json\/wp\/v2\/users\/1"}],"replies":[{"embeddable":true,"href":"https:\/\/www.hotelvillacappugi.com\/de\/wp-json\/wp\/v2\/comments?post=26365"}],"version-history":[{"count":0,"href":"https:\/\/www.hotelvillacappugi.com\/de\/wp-json\/wp\/v2\/pages\/26365\/revisions"}],"wp:attachment":[{"href":"https:\/\/www.hotelvillacappugi.com\/de\/wp-json\/wp\/v2\/media?parent=26365"}],"curies":[{"name":"wp","href":"https:\/\/api.w.org\/{rel}","templated":true}]}}